{"id":6036,"date":"2023-03-29T14:18:11","date_gmt":"2023-03-29T11:18:11","guid":{"rendered":"https:\/\/geneceutica.ro\/?post_type=product&#038;p=6036"},"modified":"2025-08-01T19:34:46","modified_gmt":"2025-08-01T16:34:46","slug":"rx-ha-21mg","status":"publish","type":"product","link":"https:\/\/geneceutica.ro\/en\/product\/rx-ha-21mg\/","title":{"rendered":"RX.HA.21MG"},"content":{"rendered":"<h2>COMPOZI\u021aIE \u0218I CON\u021aINUT<\/h2>\n<ul>\n<li>1 ml con\u021bine hialuronat de sodiu 20 mg.<\/li>\n<li>2 seringi sterile de unic\u0103 folosin\u021b\u0103 con\u021bin\u00e2nd RX.HA.21;<\/li>\n<li>4 ace sterile 27G de unic\u0103 folosin\u021b\u0103 \u0219i destinate exclusiv inject\u0103rii RX.HA.21;<\/li>\n<li>instruc\u021biuni de utilizare, precum \u0219i un set de 4 etichete dintre care 2 sunt prev\u0103zute pentru pacient \u0219i celelalte 2 pentru fi\u0219a de s\u0103n\u0103tate.<\/li>\n<\/ul>\n<h2>NOT\u0102<\/h2>\n<p>Injectarea intradermic\u0103 a RX.HA.21 trebuie efectuat\u0103 numai de medici speciali\u0219ti cu preg\u0103tire corespunz\u0103toare \u00een injectarea fillerului dermic. Tehnica de injectare corect\u0103 este esen\u021bial\u0103 pentru succesul tratamentului. Injectarea \u00een stratul gre\u0219it al pielii, o tehnic\u0103 inadecvat\u0103 sau o rat\u0103 mare de injectare pot duce la reac\u021bii adverse pronun\u021bate.<\/p>\n<h2>PROPRIET\u0102\u021aI<\/h2>\n<p>RX.HA.21 este un gel limpede monofazic, steril, izotonic, apirogen, realizat din acid hialuronic reticulat de origine biofermentativ\u0103, \u00eenalt purificat, \u0219i astfel lipsit de urme animale. Acidul hialuronic, o polidizaharid\u0103 natural\u0103, este prezent ca un element structural important \u00een piele, \u00een \u021besutul subcutanat \u0219i conjunctiv, \u00een \u021besutul sinovial precum \u0219i \u00een lichidul sinovial \u0219i apar\u021bine pu\u021binelor substan\u021be identice din punct de vedere chimic \u00een toate organismele vii.<\/p>\n<h2>MOD DE AC\u021aIUNE<\/h2>\n<p>Injectarea de RX.HA.21 \u00een matricea extracelular\u0103 adaug\u0103 volum \u021besutului. Ridurile, cutele \u0219i pliurile sunt netezite. Efectul poate dura \u00eentre 5-6 luni; este totu\u0219i influen\u021bat de profunzimea ridurilor tratate, de tehnica de injectare, precum \u0219i de factorii biologici, de stil de via\u021b\u0103 \u0219i de mediu.<br \/>\nDegradarea acidului hialuronic reticulat are loc enzimatic prin enzima endogen\u0103 hialuronidaz\u0103, precum \u0219i prin hidroxilare oxidativ\u0103.<\/p>\n<h2>DEPOZITARE \u0218I ELIMINARE<\/h2>\n<p>A se p\u0103stra \u00eentre 2\u00baC \u0219i 25\u00baC, la loc uscat, ferit de lumina soarelui.<br \/>\nImediat dup\u0103 utilizare, arunca\u021bi seringa cu gel \u0219i acele neutilizate.<\/p>\n","protected":false},"excerpt":{"rendered":"<h2>FILLER DE ACID HIALURONIC 21MG<\/h2>\n<h3>ECHILIBRU \u2013 BUZE<\/h3>\n<p><strong>21 mg\/ml GEL DE UMPLERE &#8211; VALOARE TOTAL\u0102 DE ACID HIALURONIC<\/strong><\/p>\n<p>Visco-augmentare pentru corectarea pierderilor normale de volum sau a defectelor legate de boli sau v\u00e2rst\u0103 la nivelul pielii fe\u021bei, de exemplu a ridurilor u\u0219oare p\u00e2n\u0103 la normale.<\/p>\n<p>2 x 1 ml filler linie profesional\u0103<\/p>\n","protected":false},"featured_media":16843,"menu_order":30,"comment_status":"open","ping_status":"open","template":"","meta":[],"product_cat":[365],"product_tag":[],"_links":{"self":[{"href":"https:\/\/geneceutica.ro\/en\/wp-json\/wp\/v2\/product\/6036"}],"collection":[{"href":"https:\/\/geneceutica.ro\/en\/wp-json\/wp\/v2\/product"}],"about":[{"href":"https:\/\/geneceutica.ro\/en\/wp-json\/wp\/v2\/types\/product"}],"replies":[{"embeddable":true,"href":"https:\/\/geneceutica.ro\/en\/wp-json\/wp\/v2\/comments?post=6036"}],"version-history":[{"count":1,"href":"https:\/\/geneceutica.ro\/en\/wp-json\/wp\/v2\/product\/6036\/revisions"}],"predecessor-version":[{"id":17848,"href":"https:\/\/geneceutica.ro\/en\/wp-json\/wp\/v2\/product\/6036\/revisions\/17848"}],"wp:featuredmedia":[{"embeddable":true,"href":"https:\/\/geneceutica.ro\/en\/wp-json\/wp\/v2\/media\/16843"}],"wp:attachment":[{"href":"https:\/\/geneceutica.ro\/en\/wp-json\/wp\/v2\/media?parent=6036"}],"wp:term":[{"taxonomy":"product_cat","embeddable":true,"href":"https:\/\/geneceutica.ro\/en\/wp-json\/wp\/v2\/product_cat?post=6036"},{"taxonomy":"product_tag","embeddable":true,"href":"https:\/\/geneceutica.ro\/en\/wp-json\/wp\/v2\/product_tag?post=6036"}],"curies":[{"name":"wp","href":"https:\/\/api.w.org\/{rel}","templated":true}]}}