{"id":3332,"date":"2020-12-07T11:32:12","date_gmt":"2020-12-07T09:32:12","guid":{"rendered":"https:\/\/geneceutica.ro\/?post_type=product&#038;p=3332"},"modified":"2025-08-01T19:34:41","modified_gmt":"2025-08-01T16:34:41","slug":"masti-reutilizabile-cu-capacitate-filtranta-ridicata-bidirectionala","status":"publish","type":"product","link":"https:\/\/geneceutica.ro\/en\/product\/masti-reutilizabile-cu-capacitate-filtranta-ridicata-bidirectionala\/","title":{"rendered":"M\u0103\u0219ti reutilizabile cu capacitate filtrant\u0103 ridicat\u0103, bidirec\u021bional\u0103"},"content":{"rendered":"<p>M\u0103\u0219ti de fa\u021b\u0103 reutilizabile Conform cu UNE-0065\/2020, AFNOR \u0219i DGASuport\u0103 30 de sp\u0103l\u0103riCapacitate mare de reutilizare \u0219i cost pe utilizare redus.3 straturi din material ne\u021besutFiltrare bidirec\u021bional\u0103, protejeaz\u0103 at\u00e2t utilizatorul m\u0103\u0219tii c\u00e2t \u0219i ter\u021bii.PersonalizabileDisponibil \u00een diferite culori \u0219i personalizabil cu imprimeu \u0219i logo corporativ.<br \/>\n\t\t\t\t\t\t\tPrevious<br \/>\n\t\t\t\t\t\t\tNext<\/p>\n<p>Geneceutica pune la dispozi\u021bia farmaciilor, companiilor \u0219i institu\u021biilor publice \u0219i private masca de fa\u021b\u0103 cu grad ridicat de filtrare bidirec\u021bional\u0103, BFE<strong><b>\u2265<\/b><\/strong>92%, reutilizabil\u0103 UNE-0065\/2020, AFNOR \u0219i DGA disponibil\u0103 \u00een <strong><b>diferite culori<\/b><\/strong>, \u00een dimensiune destinat\u0103 adul\u021bilor.<\/p>\n<p>De asemenea, masca este disponibil\u0103 pentru achizi\u021bie pentru uz privat (face\u021bi clic aici).<\/p>\n<p>O caracteristic\u0103 important\u0103 a acestor m\u0103\u0219ti este c\u0103 includ o <strong><b>capacitate ridicat\u0103 de filtrare (de tip ffp2 -Eficien\u021b\u0103 de filtrare \u226592%) bidirec\u021bional\u0103 sau dubl\u0103<\/b><\/strong>, conferit\u0103 de textura lor special\u0103, flexibil\u0103, simetric\u0103,100% ne\u021besut\u0103. Astfel, prezint\u0103 capacitate de filtrare at\u00e2t \u00een inspira\u021bie c\u00e2t \u0219i \u00een expira\u021bie, cu alte cuvinte, <strong><b>protejeaz\u0103 at\u00e2t utilizatorul m\u0103\u0219tii c\u00e2t \u0219i ter\u021bii.<\/b><\/strong><\/p>\n<p>M\u0103\u0219tile sunt confec\u021bionate 100% dintr-un \u00a0material special textil ne\u021besut, din trei straturi, care permite <strong><b>utilizarea m\u0103\u0219tii timp de 8 ore consecutive \u0219i reutilizarea sa pe parcursul a 30 de cicluri de sp\u0103lare la 30\u00baC.<\/b><\/strong>\u00a0Uscarea poate fi efectuat\u0103 \u00eentr-un usc\u0103tor la 70 \u00b0 C sau \u00een aer timp de 2 ore.<\/p>\n<p><strong>Pre\u021b pe masc\u0103: 25 lei 19 lei<br \/><\/strong><strong>Costul de transport este 18 lei.<br \/>Comand\u0103 minim 4 m\u0103\u0219ti, pentru a beneficia de transport gratuit!<\/strong><\/p>\n<p><strong><b>Sunt m\u0103\u0219ti de fa\u021b\u0103 hipoalergene, confortabile pentru vorbit, respira\u021bie, reutilizabile, astfel \u00eenc\u00e2t dup\u0103 sp\u0103lare sau dezinfectarea corect\u0103 \u00ee\u0219i p\u0103streaz\u0103 capacitatea de protec\u021bie \u00eempotriva virusului SARS-CoV-2.<\/b><\/strong><\/p>\n<p><strong><b>Notificare legal\u0103<\/b><\/strong>: Acest dispozitiv nu este un dispozitiv medical (PS) \u00een sensul Directivei 93\/42 CE sau a Regulamentului UE \/ 2017\/745 \u0219i nici nu este un echipament de protec\u021bie personal\u0103 (PPE) \u00een sensul Regulamentului UE \/ 2016\/425 . Masca de fa\u021b\u0103 reutilizabil\u0103 nu scute\u0219te utilizatorul de aplicarea gesturilor de barier\u0103 completate de m\u0103suri de distan\u021bare social\u0103 care sunt esen\u021biale conform recomand\u0103rilor indicate de Ministerul S\u0103n\u0103t\u0103\u021bii \u0219i de INSP.<\/p>\n<p>Specifica\u021bia UNE 0065: 2020 \u201eM\u0103\u0219ti de igien\u0103 reutilizabile pentru adul\u021bi \u0219i copii\u201d \u00een ceea ce prive\u0219te cerin\u021bele pentru materiale, proiectare, preg\u0103tire, marcare \u0219i utilizare. Respect\u0103 reglement\u0103rile AFNOR din 29 martie 2020. Sunt validate de DGA francez\u0103 (Direction G\u00e9n\u00e9rale de l&#8217;Armement du Minist\u00e8re des Arm\u00e9es) pentru \u201eCategoria 1\u201d, raport nr. RP \/ 20-2235 \/ DGA MNRBC \/ 2000305 \/ NP .<\/p>\n<h3>Imagini produs<\/h3>\n<p><strong><b>Disponibil \u00een diferite culori \u0219i personalizabil cu imprimeu \u0219i logo corporativ<\/b><\/strong>.<\/p>\n<figure><img decoding=\"async\" src=\"https:\/\/geneceutica.ro\/wp-content\/uploads\/2025\/08\/Collage-mascarillas-colores-e1590073915944-300x171.jpg\" alt=\"Collage-mascarillas-colores-e1590073915944\" \/><\/figure>\n<figure><img decoding=\"async\" src=\"https:\/\/geneceutica.ro\/wp-content\/uploads\/2025\/08\/mascarilla-azul-interior-300x291.jpg\" alt=\"mascarilla-azul-interior\" \/><\/figure>\n<figure><img decoding=\"async\" src=\"https:\/\/geneceutica.ro\/wp-content\/uploads\/2025\/08\/Mascarilla-naranja-fondo-blanco1-1.jpg\" alt=\"Mascarilla-naranja-fondo-blanco1-1\" \/><\/figure>\n<figure><img decoding=\"async\" src=\"https:\/\/geneceutica.ro\/wp-content\/uploads\/2025\/08\/mascarilla-amarilla-1-300x291.jpg\" alt=\"mascarilla-amarilla-1\" \/><\/figure>\n<figure><img decoding=\"async\" src=\"https:\/\/geneceutica.ro\/wp-content\/uploads\/2025\/08\/mascarilla-naranja-1.2-1-300x259.jpg\" alt=\"mascarilla-naranja-1.2-1\" \/><\/figure>\n<figure><img decoding=\"async\" src=\"https:\/\/geneceutica.ro\/wp-content\/uploads\/2025\/08\/mascarillas-azules-1.1-1-300x214.jpg\" alt=\"mascarillas-azules-1.1-1\" \/><\/figure>\n<figure><img decoding=\"async\" src=\"https:\/\/geneceutica.ro\/wp-content\/uploads\/2025\/08\/DSC_0014-DEF-1.1-300x200.png\" alt=\"DSC_0014-DEF-1.1\" \/><\/figure>\n<p>\t\t\t\t\t\tAnterioar\u0103<br \/>\n\t\t\t\t\t\tUrm\u0103toare<\/p>\n<h3>Fi\u0219\u0103 cu date<\/h3>\n<h3>Recomand\u0103ri ale procesului de sp\u0103lare<\/h3>\n<ul>\n<li>Timp de sp\u0103lare: 10 minute<\/li>\n<li>Folosi\u021bi un nivel ridicat al apei<\/li>\n<li>Utiliza\u021bi de preferin\u021b\u0103 detergent neutru<\/li>\n<li>Cl\u0103ti\u021bi numai cu ap\u0103<\/li>\n<li>Nu folosi\u021bi \u00een\u0103lbitor sau produse de scoatere a petelor<\/li>\n<li>Usc\u0103torul poate fi utilizat p\u00e2n\u0103 la 70 \u00b0 C<\/li>\n<\/ul>\n<h3>A\u0219ezarea m\u0103\u0219tii<\/h3>\n<p>Se recomand\u0103 a\u0219ezarea m\u0103\u0219tii direct pe piele \u00a0(adic\u0103 f\u0103r\u0103 prezen\u021ba p\u0103rului \u00een contact cu pielea utilizatorului \u0219i, pentru unele persoane, se indic\u0103 \u00a0pielea ras\u0103) \u0219i respectarea urm\u0103toarelor etape:<\/p>\n<ol>\n<li style=\"list-style-type: none;\">\n<ol>\n<li>Sp\u0103la\u021bi-v\u0103 pe m\u00e2ini cu ap\u0103 \u0219i s\u0103pun sau cu o solu\u021bie hidroalcoolic\u0103 \u00eenainte de a manipula masca.<\/li>\n<li>Identifica\u021bi partea superioar\u0103 a m\u0103\u0219tii care se remarc\u0103 prin \u00eendoirea \u00een jos.<\/li>\n<li>Pozi\u021biona\u021bi masca pe fa\u021b\u0103, la nivelul nasului.<\/li>\n<li>\u021aine\u021bi masca din exterior \u0219i trece\u021bi \u00a0extremit\u0103\u021bile de fixare pe ambele p\u0103r\u021bi ale urechilor.<\/li>\n<li>Cobor\u00e2\u021bi partea inferioar\u0103 a m\u0103\u0219tii p\u00e2n\u0103 la b\u0103rbie.<\/li>\n<li>Verifica\u021bi dac\u0103 masca acoper\u0103 b\u0103rbia.<\/li>\n<li>Verifica\u021bi dac\u0103 este pozi\u021bionat\u0103 corect. Verificarea sigiliului \u0219i absen\u021ba disconfortului respirator.<\/li>\n<li>Odat\u0103 reglat\u0103, nu atinge\u021bi masca cu m\u00e2inile. Dac\u0103 trebuie s\u0103 atinge\u021bi masca, ar trebui s\u0103 v\u0103 sp\u0103la\u021bi \u00een prealabil pe m\u00e2ini cu ap\u0103 \u0219i s\u0103pun sau cu o solu\u021bie hidroalcoolic\u0103.<\/li>\n<\/ol>\n<\/li>\n<\/ol>\n<p><img loading=\"lazy\" decoding=\"async\" src=\"https:\/\/geneceutica.ro\/wp-content\/uploads\/2025\/08\/instructiuni.jpg\" alt=\"\" width=\"1333\" height=\"224\" \/><\/p>\n<p>\t\t\t\t\t\t\t\t\t\t<img decoding=\"async\" width=\"300\" height=\"152\" src=\"https:\/\/geneceutica.ro\/wp-content\/uploads\/2025\/08\/afnor-logo.png\" alt=\"\" loading=\"lazy\" \/><br \/>\n\t\t\t\t\t\t\t\t\t\t<img decoding=\"async\" width=\"300\" height=\"168\" src=\"https:\/\/geneceutica.ro\/wp-content\/uploads\/2025\/08\/une-normalizacion-espanola.png\" alt=\"\" loading=\"lazy\" \/><br \/>\n\t\t\t\t\t\t\t\t\t\t<img decoding=\"async\" width=\"300\" height=\"150\" src=\"https:\/\/geneceutica.ro\/wp-content\/uploads\/2025\/08\/MDA_DGA.png\" alt=\"\" loading=\"lazy\" \/><\/p>\n","protected":false},"excerpt":{"rendered":"<p>M\u0103\u0219ti de fa\u021b\u0103 reutilizabile Conform cu UNE-0065\/2020, AFNOR \u0219i DGASuport\u0103 30 de sp\u0103l\u0103riCapacitate mare de reutilizare \u0219i cost pe utilizare redus.3 straturi din material ne\u021besutFiltrare bidirec\u021bional\u0103, protejeaz\u0103 at\u00e2t utilizatorul m\u0103\u0219tii c\u00e2t \u0219i ter\u021bii.PersonalizabileDisponibil \u00een diferite culori \u0219i personalizabil cu imprimeu \u0219i logo corporativ. Previous Next Geneceutica pune la dispozi\u021bia farmaciilor, companiilor \u0219i institu\u021biilor publice \u0219i [&hellip;]<\/p>\n","protected":false},"featured_media":16585,"menu_order":4,"comment_status":"open","ping_status":"open","template":"","meta":[],"product_cat":[121],"product_tag":[],"_links":{"self":[{"href":"https:\/\/geneceutica.ro\/en\/wp-json\/wp\/v2\/product\/3332"}],"collection":[{"href":"https:\/\/geneceutica.ro\/en\/wp-json\/wp\/v2\/product"}],"about":[{"href":"https:\/\/geneceutica.ro\/en\/wp-json\/wp\/v2\/types\/product"}],"replies":[{"embeddable":true,"href":"https:\/\/geneceutica.ro\/en\/wp-json\/wp\/v2\/comments?post=3332"}],"version-history":[{"count":1,"href":"https:\/\/geneceutica.ro\/en\/wp-json\/wp\/v2\/product\/3332\/revisions"}],"predecessor-version":[{"id":17751,"href":"https:\/\/geneceutica.ro\/en\/wp-json\/wp\/v2\/product\/3332\/revisions\/17751"}],"wp:featuredmedia":[{"embeddable":true,"href":"https:\/\/geneceutica.ro\/en\/wp-json\/wp\/v2\/media\/16585"}],"wp:attachment":[{"href":"https:\/\/geneceutica.ro\/en\/wp-json\/wp\/v2\/media?parent=3332"}],"wp:term":[{"taxonomy":"product_cat","embeddable":true,"href":"https:\/\/geneceutica.ro\/en\/wp-json\/wp\/v2\/product_cat?post=3332"},{"taxonomy":"product_tag","embeddable":true,"href":"https:\/\/geneceutica.ro\/en\/wp-json\/wp\/v2\/product_tag?post=3332"}],"curies":[{"name":"wp","href":"https:\/\/api.w.org\/{rel}","templated":true}]}}