{"id":3325,"date":"2022-10-05T13:46:14","date_gmt":"2022-10-05T10:46:14","guid":{"rendered":"https:\/\/geneceutica.ro\/produs\/mdcocktail-rosalacsens-neutralizer\/"},"modified":"2025-08-01T19:34:39","modified_gmt":"2025-08-01T16:34:39","slug":"mdcocktail-rosalacsens-neutralizer","status":"publish","type":"product","link":"https:\/\/geneceutica.ro\/en\/product\/mdcocktail-rosalacsens-neutralizer\/","title":{"rendered":"md:cocktail RosalacSens Neutralizer"},"content":{"rendered":"","protected":false},"excerpt":{"rendered":"<p>&nbsp;<\/p>\n<p>Rozaceea este o afec\u021biune inflamatorie cronic\u0103 a pielii caracterizat\u0103 prin eritem, papule sau pustule inflamatorii, telangiectazie, edem, hiperplazie a \u021besutului conjunctiv sau o combina\u021bie a acestor simptome.\u00a0Pacien\u021bii cu rozacee sufer\u0103 de \u00eenro\u0219irea fe\u021bei, \u00een\u021bep\u0103turi, irita\u021bii, dureri sau senza\u021bii de arsur\u0103.<\/p>\n<p><strong>md:cocktail RosalacSens Neutralizer<\/strong> a fost conceput pentru a restabili integritatea func\u021bional\u0103 a barierei pielii, pentru a reduce ro\u0219ea\u021ba fe\u021bei, a diminua inflama\u021bia, pentru a \u00eent\u0103ri propriul sistem imunitar al pielii \u0219i pentru a suprima formarea sau activitatea speciilor reactive de oxigen (ROS).\u00a0Restabile\u0219te echilibrul pielii limit\u00e2nd dilatarea vaselor de s\u00e2nge \u0219i inflama\u021bia, reduc\u00e2nd sensibilitatea pielii \u0219i compens\u00e2nd deshidratarea.<\/p>\n<p>Cu ingrediente excelente anti-ro\u0219ea\u021b\u0103, antiinflamatoare \u0219i calmante, md:cocktail RosalacSens Neutralizer \u00eent\u0103re\u0219te pere\u021bii capilarelor pielii pentru a reduce apari\u021bia vaselor dilatate din acneea rozacee, calm\u00e2nd pielea \u0219i prevenind irita\u021bia ulterioar\u0103.\u00a0Previne formarea telangiectaziei, cre\u0219te elasticitatea vaselor de s\u00e2nge \u0219i minimizeaz\u0103 ro\u0219ea\u021ba fe\u021bei, eritemul \u0219i usc\u0103ciunea, calm\u00e2nd pielea aspr\u0103 \u0219i solzoas\u0103.<\/p>\n<p>md:cocktail RosalacSens Neutralizer \u00eent\u0103re\u0219te func\u021bia de barier\u0103 a pielii \u0219i reface nivelul de lipide \u0219i de acid hialuronic al pielii, atenu\u00e2nd usc\u0103ciunea \u0219i reduc\u00e2nd aspectul liniilor fine \u0219i ridurilor.\u00a0Ajut\u0103 la luminozitatea tonului pielii \u0219i sus\u021bine produc\u021bia de colagen pentru o piele mai plin\u0103, mai fin\u0103 \u0219i mai rafinat\u0103.<\/p>\n<p>Cu agen\u021bi antioxidanti puternici, md:cocktail RosalacSens Neutralizer stimuleaz\u0103 mecanismele de autoap\u0103rare \u0219i reparare ale pielii, reduc\u00e2nd impactul negativ al poluan\u021bilor externi \u0219i \u00eembun\u0103t\u0103\u021bind capacitatea pielii de a riposta.\u00a0Calmeaz\u0103 sensibilitatea pielii, sporind confortul \u0219i starea de bine a pielii, prin stimularea eliber\u0103rii de \u03b2-endorfine.<\/p>\n<p>Aceste cocktail-uri supraconcentrate sunt con\u021binute \u00een fiole de sticl\u0103 sterile, oferind un design optim al ingredientelor \u0219i garant\u00e2nd eficacitatea \u0219i stabilitatea acestora.\u00a0Cu o textura fluida si fara ulei, se absorb rapid fara a lasa o senzatie grasa pe piele, fiind ideale pentru tenul normal spre gras.\u00a0\u00cengrijirea zilnic\u0103 a pielii este secretul men\u021binerii s\u0103n\u0103t\u0103\u021bii \u0219i frumuse\u021bii acesteia.<\/p>\n<p><strong>BENEFICII<\/strong><\/p>\n<p>\u2013 Cu ingrediente anti-inrosire, decongestionante si calmante, intareste peretii vaselor de sange, moduleaza motricitatea vaselor si reduce edemul perivascular si fragilitatea capilara.\u00a0Previne formarea telangiectaziei \u0219i cre\u0219te elasticitatea vaselor de s\u00e2nge, minimiz\u00e2nd ro\u0219ea\u021ba \u0219i irita\u021bia<\/p>\n<p>\u2013 Reface func\u021bia de barier\u0103 a pielii, \u00eenmoaie \u0219i red\u0103 elasticitatea \u0219i asigur\u0103 un nivel ridicat de hidratare a pielii.\u00a0Ajut\u0103 la atenuarea usc\u0103ciunii \u0219i la reducerea simptomelor de sensibilitate \u0219i irita\u021bie a pielii<\/p>\n<p>\u2013 \u00cembun\u0103t\u0103\u021be\u0219te autoap\u0103rarea \u0219i mecanismele de reparare a pielii, oferind protec\u021bie celular\u0103 extrem\u0103 \u00eempotriva factorilor de mediu stresan\u021bi<\/p>\n<p>\u2013 Combate efectele factorilor declan\u0219atori de mediu care pot duce la apari\u021bia eritemului, precum \u0219i la arsuri \u0219i disconfort<\/p>\n<p>\u2013 Datorit\u0103 propriet\u0103\u021bilor sale intense antiinflamatorii, previne cascada inflamatorie care provoac\u0103 simptome vizibile de rozacee, reduc\u00e2nd \u00eenro\u0219irea fe\u021bei \u0219i irita\u021bia<\/p>\n<p>\u2013 Cre\u0219te sinteza de colagen, dezv\u0103luind o piele mai moale, plin\u0103, mai fin\u0103 \u0219i uniform\u0103<\/p>\n<p>\u2013 Calmeaz\u0103 sensibilitatea pielii, sporind confortul \u0219i bun\u0103starea pielii, prin stimularea eliber\u0103rii de \u03b2-endorfine (molecule de pl\u0103cere)<\/p>\n<p><strong>Niacinamid\u0103 + Ectoin\u0103 + Biozaharid gum\u0103-2 + Acid lactobionic + Acid ferulic + Pantenol + Inozitol + Acid citric<\/strong><\/p>\n","protected":false},"featured_media":16680,"menu_order":50,"comment_status":"open","ping_status":"open","template":"","meta":[],"product_cat":[119],"product_tag":[],"_links":{"self":[{"href":"https:\/\/geneceutica.ro\/en\/wp-json\/wp\/v2\/product\/3325"}],"collection":[{"href":"https:\/\/geneceutica.ro\/en\/wp-json\/wp\/v2\/product"}],"about":[{"href":"https:\/\/geneceutica.ro\/en\/wp-json\/wp\/v2\/types\/product"}],"replies":[{"embeddable":true,"href":"https:\/\/geneceutica.ro\/en\/wp-json\/wp\/v2\/comments?post=3325"}],"version-history":[{"count":1,"href":"https:\/\/geneceutica.ro\/en\/wp-json\/wp\/v2\/product\/3325\/revisions"}],"predecessor-version":[{"id":17764,"href":"https:\/\/geneceutica.ro\/en\/wp-json\/wp\/v2\/product\/3325\/revisions\/17764"}],"wp:featuredmedia":[{"embeddable":true,"href":"https:\/\/geneceutica.ro\/en\/wp-json\/wp\/v2\/media\/16680"}],"wp:attachment":[{"href":"https:\/\/geneceutica.ro\/en\/wp-json\/wp\/v2\/media?parent=3325"}],"wp:term":[{"taxonomy":"product_cat","embeddable":true,"href":"https:\/\/geneceutica.ro\/en\/wp-json\/wp\/v2\/product_cat?post=3325"},{"taxonomy":"product_tag","embeddable":true,"href":"https:\/\/geneceutica.ro\/en\/wp-json\/wp\/v2\/product_tag?post=3325"}],"curies":[{"name":"wp","href":"https:\/\/api.w.org\/{rel}","templated":true}]}}