{"id":3324,"date":"2022-10-05T13:52:24","date_gmt":"2022-10-05T10:52:24","guid":{"rendered":"https:\/\/geneceutica.ro\/produs\/mdcocktail-skinbooster\/"},"modified":"2025-08-04T13:28:47","modified_gmt":"2025-08-04T10:28:47","slug":"mdcocktail-skinbooster","status":"publish","type":"product","link":"https:\/\/geneceutica.ro\/en\/product\/mdcocktail-skinbooster\/","title":{"rendered":"md:cocktail SkinBooster Antiage Peptides \u2013 GF"},"content":{"rendered":"","protected":false},"excerpt":{"rendered":"<p><strong style=\"color: var( --e-global-color-text ); font-family: var( --e-global-typography-text-font-family ), Sans-serif; font-size: 1rem;\">md:cocktail SkinBooster<\/strong> <strong style=\"color: var( --e-global-color-text ); font-family: var( --e-global-typography-text-font-family ), Sans-serif; font-size: 1rem;\">Antiage Peptides \u2013 GF<\/strong> este o formul\u0103 conceput\u0103 pentru a oferi pielii ap\u0103rarea ideal\u0103 la nivel celular.<\/p>\n<p>Aceasta este o linie de fiole topice super-concentrate cu o combina\u021bie puternic\u0103 de ingrediente antioxidante, anti-\u00eemb\u0103tr\u00e2nire \u0219i regeneratoare care previn \u0219i corecteaz\u0103 principalele semne ale \u00eemb\u0103tr\u00e2nirii pielii.<\/p>\n<p>Aceste cocktail-uri superconcentrate sunt con\u021binute \u00een fiole de sticl\u0103 sterile, oferind o dozare optim\u0103 a ingredientelor \u0219i garant\u00e2nd eficacitatea \u0219i stabilitatea acestora.\u00a0Cu o textura fluida si fara ulei, se absorb rapid fara a lasa o senzatie grasa pe piele, fiind ideale pentru tenul normal spre gras.\u00a0\u00cengrijirea zilnic\u0103 a pielii este secretul men\u021binerii s\u0103n\u0103t\u0103\u021bii \u0219i frumuse\u021bii acesteia.<\/p>\n<p><strong>md:cocktail SkinBooster Antiage Peptides \u2013 GF<\/strong> combin\u0103 o concentra\u021bie mare de peptide biomimetice \u0219i factori de cre\u0219tere cu cele mai puternice ingrediente revitalizante, regeneratoare, antioxidante \u0219i anti-\u00eemb\u0103tr\u00e2nire.\u00a0Av\u00e2nd un efect imediat asupra pielii, \u00eembun\u0103t\u0103\u021be\u0219te drastic s\u0103n\u0103tatea \u0219i frumuse\u021bea pielii, minimiz\u00e2nd aspectul liniilor fine, ridurilor, hiperpigment\u0103rii \u0219i flascit\u0103\u021bii.<\/p>\n<p>Ac\u021bion\u00e2nd asupra tuturor factorilor implica\u021bi \u00een \u00eemb\u0103tr\u00e2nirea pielii, \u00eencetine\u0219te procesul, regenereaz\u0103 \u0219i repar\u0103 structurile dermice, restaureaz\u0103 hidratarea pielii \u0219i revitalizeaz\u0103 profund pielea tern\u0103.\u00a0Rezultatul este o piele mai str\u0103lucitoare, mai uniform\u0103 \u0219i mai elastic\u0103.\u00a0Cu o ac\u021biune antioxidant\u0103 extrem\u0103, ap\u0103r\u0103 pielea \u00eempotriva stresului mediului, stimul\u00e2nd activitatea de reparare a celulelor \u0219i restabilind un ten neted, ferm, luminos \u0219i hidratat.<\/p>\n<p>md:cocktail SkinBooster Antiage Peptides \u2013 GF poate fi folosit ca BOOSTER \u00een combina\u021bie cu proceduri estetice profesionale, cum ar fi peelinguri chimice, lasere, mezo-cocktail-uri, etc. pentru a accelera recuperarea pielii \u0219i a \u00eembun\u0103t\u0103\u021bi rezultatele.<\/p>\n<p>BENEFICII<\/p>\n<p>\u2013 \u00cembun\u0103t\u0103\u021be\u0219te activitatea celular\u0103, invers\u00e2nd efectele \u00eemb\u0103tr\u00e2nirii pielii.<\/p>\n<p>\u2013 Stimuleaza productia de colagen, elastina si glicozaminoglicani, reconstruind cadrul structural responsabil de coeziunea, fermitatea si elasticitatea pielii.<\/p>\n<p>\u2013 Hidrateaz\u0103 \u0219i calmeaz\u0103 pielea, minimiz\u00e2nd aspectul liniilor fine \u0219i ridurilor.<\/p>\n<p>\u2013 Accelereaz\u0103 vindecarea r\u0103nilor \u0219i repararea pielii, ajut\u00e2nd la crearea unui ten proasp\u0103t, t\u00e2n\u0103r \u0219i str\u0103lucitor.<\/p>\n<p>\u2013 Cu un efect antioxidant puternic, protejeaz\u0103 structurile celulare de stresul oxidativ, prevenind foto-\u00eemb\u0103tr\u00e2nirea prematur\u0103 a pielii.<\/p>\n<p>\u2013 \u00cendep\u0103rteaz\u0103 pigmentarea neuniform\u0103, \u00eembun\u0103t\u0103\u021bind luminozitatea \u0219i claritatea pielii.<\/p>\n<p><strong>Hialuronat de sodiu + Oligopeptide-24 + Sh-Oligopeptide-1+ Sh-Oligopeptide-2 + Sh-Polipeptide -1 + Ferment de bacil + Complex poli-revitalizant + Lecitin\u0103 hidrogenat\u0103<\/strong><\/p>\n","protected":false},"featured_media":16683,"menu_order":50,"comment_status":"open","ping_status":"open","template":"","meta":[],"product_cat":[119],"product_tag":[],"_links":{"self":[{"href":"https:\/\/geneceutica.ro\/en\/wp-json\/wp\/v2\/product\/3324"}],"collection":[{"href":"https:\/\/geneceutica.ro\/en\/wp-json\/wp\/v2\/product"}],"about":[{"href":"https:\/\/geneceutica.ro\/en\/wp-json\/wp\/v2\/types\/product"}],"replies":[{"embeddable":true,"href":"https:\/\/geneceutica.ro\/en\/wp-json\/wp\/v2\/comments?post=3324"}],"version-history":[{"count":1,"href":"https:\/\/geneceutica.ro\/en\/wp-json\/wp\/v2\/product\/3324\/revisions"}],"predecessor-version":[{"id":17766,"href":"https:\/\/geneceutica.ro\/en\/wp-json\/wp\/v2\/product\/3324\/revisions\/17766"}],"wp:featuredmedia":[{"embeddable":true,"href":"https:\/\/geneceutica.ro\/en\/wp-json\/wp\/v2\/media\/16683"}],"wp:attachment":[{"href":"https:\/\/geneceutica.ro\/en\/wp-json\/wp\/v2\/media?parent=3324"}],"wp:term":[{"taxonomy":"product_cat","embeddable":true,"href":"https:\/\/geneceutica.ro\/en\/wp-json\/wp\/v2\/product_cat?post=3324"},{"taxonomy":"product_tag","embeddable":true,"href":"https:\/\/geneceutica.ro\/en\/wp-json\/wp\/v2\/product_tag?post=3324"}],"curies":[{"name":"wp","href":"https:\/\/api.w.org\/{rel}","templated":true}]}}