{"id":3323,"date":"2022-10-05T13:57:47","date_gmt":"2022-10-05T10:57:47","guid":{"rendered":"https:\/\/geneceutica.ro\/produs\/mdcocktail-skinbooster-anti-pollution-defense\/"},"modified":"2025-08-01T19:34:39","modified_gmt":"2025-08-01T16:34:39","slug":"mdcocktail-skinbooster-anti-pollution-defense","status":"publish","type":"product","link":"https:\/\/geneceutica.ro\/en\/product\/mdcocktail-skinbooster-anti-pollution-defense\/","title":{"rendered":"md:cocktail SkinBooster Anti-Pollution Defense"},"content":{"rendered":"","protected":false},"excerpt":{"rendered":"<p>&nbsp;<\/p>\n<p><strong>md:cocktail SkinBooster<\/strong> este o linie de fiole topice super-concentrate cu o combina\u021bie puternic\u0103 de ingrediente reparatoare, antioxidante, anti-\u00eemb\u0103tr\u00e2nire \u0219i regeneratoare care previn \u0219i corecteaz\u0103 principalele semne ale \u00eemb\u0103tr\u00e2nirii pielii.<\/p>\n<p>Aceste cocktail-uri supranutritive sunt con\u021binute \u00een fiole sterile de sticl\u0103, oferind o dozare optim\u0103 a ingredientelor \u0219i garant\u00e2nd eficacitatea \u0219i stabilitatea acestora.<\/p>\n<p>Cu o textura fluida si fara ulei, se absoarbe rapid fara a lasa o senzatie grasa pe piele, ceea ce o face ideala pentru toate tipurile de piele.<\/p>\n<p><strong>md:cocktail SkinBooster Anti-Pollution Defense<\/strong> combin\u0103 diferite ingredient active multifunc\u021bionale.\u00a0Aceste substan\u021be active contracareaz\u0103 impactul polu\u0103rii printr-o varietate de mecanisme, \u00eentr-o strategie global\u0103 de reparare \u0219i protejare a pielii de daune externe.<\/p>\n<p>Acest cocktail con\u021bine o combina\u021bie de ingrediente puternice antioxidante, protectoare, reparatoare \u0219i regeneratoare.\u00a0Ac\u021bion\u00e2nd sinergic, stimuleaz\u0103 mecanismele naturale de reparare a celulelor pielii, ferind pielea de radicalii liberi \u0219i agresorii externi, pentru a p\u0103stra un ten neted, uniform \u0219i str\u0103lucitor.<\/p>\n<p><strong>md:cocktail SkinBooster Anti-Pollution Defense<\/strong> \u00eent\u0103re\u0219te \u0219i restabile\u0219te integritatea barierei pielii \u0219i coeziunea stratului cornos, protej\u00e2nd celulele pielii de p\u0103trunderea poluan\u021bilor \u0219i conduc\u00e2nd la o piele mai rezistent\u0103 la factorii de stres din mediu.\u00a0\u00cembun\u0103t\u0103\u021bind regenerarea celular\u0103 \u0219i procesele naturale de vindecare ale pielii, determin\u0103 pielea s\u0103 fie mai ferm\u0103, tonifiat\u0103 \u0219i revitalizat\u0103 \u0219i permite recuperarea rapid\u0103 a luminozit\u0103\u021bii, hidrat\u0103rii, fine\u021bei \u0219i fermit\u0103\u021bii pierdute \u00een timp prin expunerea continu\u0103 la factorii de stres din mediu.\u00a0De asemenea, ofer\u0103 protec\u021bie \u00eempotriva efectelor negative ale expunerii la lumina albastr\u0103, at\u00e2t de la lumina soarelui, c\u00e2t \u0219i de la ecranele dispozitivelor digitale, ceea ce favorizeaz\u0103 \u00eemb\u0103tr\u00e2nirea prematur\u0103 a pielii.<\/p>\n<p>BENEFICII<\/p>\n<p>\u2013 Reface rezervele de antioxidanti si protejeaz\u0103 pielea de radicalii liberi, pentru a accelera sistemele de reparare a pielii \u0219i pentru a preveni deteriorarea ulterioar\u0103.\u00a0Ac\u021bioneaz\u0103 ca un scut biologic, protej\u00e2nd ADN-ul de efectele d\u0103un\u0103toare ale poluan\u021bilor \u0219i ale metalelor grele.<\/p>\n<p>\u2013 Reduce inflama\u021bia, combate ro\u0219ea\u021ba \u0219i irita\u021bia.<\/p>\n<p>\u2013 \u00cembun\u0103t\u0103\u021be\u0219te func\u021bia de barier\u0103 a pielii, oferind beneficii intense de hidratare \u0219i reduc\u00e2nd pierderea de ap\u0103 transepidermal\u0103 din pielea compromis\u0103.<\/p>\n<p>\u2013 Protejeaz\u0103 pielea de poluare form\u00e2nd o pelicul\u0103 moale, hidratant\u0103, care ofer\u0103 un efect instantaneu de hidratare profund\u0103.<\/p>\n<p>\u2013 Stimuleaz\u0103 sinteza de colagen, elastin\u0103 si glicozaminoglicani noi care sunt esen\u021biali pentru men\u021binerea elasticit\u0103\u021bii \u0219i flexibilit\u0103\u021bii pielii, \u00eendep\u0103rt\u00e2nd liniile fine, ridurile \u0219i usc\u0103ciunea pielii.<\/p>\n<p>\u2013 Blocheaz\u0103 procesul de melanogenez\u0103 \u0219i stresul oxidativ de la radia\u021biile UV \u0219i poluare, \u00eendep\u0103rt\u00e2nd aspectul de hiperpigmentare.<\/p>\n<p>\u2013 Minimizeaz\u0103 daunele cauzate de expunerea pe termen lung la lumina vizibil\u0103 \u0219i lumina albastr\u0103 de la lumina soarelui \u0219i ecranele dispozitivelor digitale (telefoane, tablete, laptopuri&#8230; etc), protej\u00e2nd celulele pielii din straturile mai profunde ale pielii.<\/p>\n<p>\u2013 Prin ac\u021biunile antimicrobiene \u0219i antiinflamatorii, elimin\u0103 microparticulele asfixiante prezente \u00een mediul \u00eenconjur\u0103tor, astfel \u00eenc\u00e2t pielea s\u0103 fie purificat\u0103 \u0219i s\u0103 beneficieze de o oxigenare optim\u0103, favoriz\u00e2nd un ten clar.<\/p>\n<p>\u2013 Accelereaz\u0103 exfolierea epidermic\u0103, cresc\u00e2nd nivelul de str\u0103lucire \u0219i catifelare a pielii.<\/p>\n<p><strong>Acid etil ascorbic + Glutation + Izomerat de zaharide + Extract de frunze de Vitis Vinifera + Niacinamid\u0103 + Acetat de Tocoferol + Acid citric + Glicerin\u0103<\/strong><\/p>\n","protected":false},"featured_media":16686,"menu_order":50,"comment_status":"open","ping_status":"open","template":"","meta":[],"product_cat":[119],"product_tag":[],"_links":{"self":[{"href":"https:\/\/geneceutica.ro\/en\/wp-json\/wp\/v2\/product\/3323"}],"collection":[{"href":"https:\/\/geneceutica.ro\/en\/wp-json\/wp\/v2\/product"}],"about":[{"href":"https:\/\/geneceutica.ro\/en\/wp-json\/wp\/v2\/types\/product"}],"replies":[{"embeddable":true,"href":"https:\/\/geneceutica.ro\/en\/wp-json\/wp\/v2\/comments?post=3323"}],"version-history":[{"count":1,"href":"https:\/\/geneceutica.ro\/en\/wp-json\/wp\/v2\/product\/3323\/revisions"}],"predecessor-version":[{"id":17768,"href":"https:\/\/geneceutica.ro\/en\/wp-json\/wp\/v2\/product\/3323\/revisions\/17768"}],"wp:featuredmedia":[{"embeddable":true,"href":"https:\/\/geneceutica.ro\/en\/wp-json\/wp\/v2\/media\/16686"}],"wp:attachment":[{"href":"https:\/\/geneceutica.ro\/en\/wp-json\/wp\/v2\/media?parent=3323"}],"wp:term":[{"taxonomy":"product_cat","embeddable":true,"href":"https:\/\/geneceutica.ro\/en\/wp-json\/wp\/v2\/product_cat?post=3323"},{"taxonomy":"product_tag","embeddable":true,"href":"https:\/\/geneceutica.ro\/en\/wp-json\/wp\/v2\/product_tag?post=3323"}],"curies":[{"name":"wp","href":"https:\/\/api.w.org\/{rel}","templated":true}]}}