{"id":3322,"date":"2022-10-05T14:02:17","date_gmt":"2022-10-05T11:02:17","guid":{"rendered":"https:\/\/geneceutica.ro\/produs\/mdcocktail-post-treatment-skin-recovery\/"},"modified":"2025-08-01T19:34:38","modified_gmt":"2025-08-01T16:34:38","slug":"mdcocktail-post-treatment-skin-recovery","status":"publish","type":"product","link":"https:\/\/geneceutica.ro\/en\/product\/mdcocktail-post-treatment-skin-recovery\/","title":{"rendered":"md:cocktail Post-Treatment Skin Recovery"},"content":{"rendered":"","protected":false},"excerpt":{"rendered":"<p>Dup\u0103 unele proceduri estetice (peelinguri chimice, lasere, terapie cu retinol, etc.) \u0219i expunerea la factori agresori duri \u00a0din mediu, pielea devine mai sensibil\u0103, nivelul de hidratare \u0219i protec\u021bie \u00eempotriva factorilor externi (radia\u021bii UV, poluare&#8230;) sc\u0103z\u00e2nd semnificativ.<\/p>\n<p>Un post-tratament corect este esen\u021bial pentru a minimiza riscurile \u0219i complica\u021biile precum ro\u0219ea\u021ba, irita\u021bia \u0219i umflarea, pentru a promova recuperarea timpurie \u0219i pentru a garanta rezultate, sporind satisfac\u021bia general\u0103 a pacientului privind procedura de \u00eentinerire.<\/p>\n<p><strong>md:cocktail Post-Treatment Skin Recovery<\/strong> ofer\u0103 o combina\u021bie de ingrediente active de reparare, regenerare, completare \u0219i superhidratare, care sunt necesare pentru a accelera vindecarea pielii compromise, pentru a \u00eembun\u0103t\u0103\u021bi procesul de re\u00eennoire celular\u0103 \u0219i a restructura stratul hidro-lipidic, restabilind nivelurile optime de hidratare, netezime \u0219i elasticitate.<\/p>\n<p><strong>md:cocktail Post-Treatment Skin Recovery<\/strong> calmeaz\u0103 pielea \u0219i reduce sensibilitatea pielii, inflama\u021bia \u0219i ro\u0219ea\u021ba, aduc\u00e2nd o senza\u021bie instantanee de u\u0219urare.\u00a0Rehidrateaz\u0103 \u0219i regenereaz\u0103 pielea stresat\u0103, repar\u0103 ADN-ul \u0219i stimuleaz\u0103 produc\u021bia de colagen, prevenind ridurile \u0219i liniile fine \u0219i red\u00e2nd aspectul tineresc al pielii\u00a0.<\/p>\n<p>Este indicat, \u00een special, \u00een urma unor tratamente dermatologice sau estetice, precum peelinguri chimice, resurfacing, laser, retinolterapie, etc. sau pentru refacerea pielii expuse agresorilor externi, contribuind la redarea st\u0103rii de s\u0103n\u0103tate a tenului, sporind \u0219i prelungind rezultatele tratamentului.<\/p>\n<p>Ofer\u0103 o puternic\u0103 protec\u021bie antioxidant\u0103 zilnic\u0103 pentru a contracara stresul oxidativ, comb\u0103t\u00e2nd efectele stresorilor de mediu asupra pielii.\u00a0Protejeaz\u0103 la nivel celular pentru a men\u021bine pielea cu aspect suplu \u0219i s\u0103n\u0103tos.<\/p>\n<p>BENEFICII<\/p>\n<p>\u2013 \u00cembun\u0103t\u0103\u021be\u0219te ap\u0103rarea pielii \u00eempotriva atacurilor externe dup\u0103 proceduri dermatologice sau estetice.<\/p>\n<p>\u2013 Ajut\u0103 la accelerarea procesului natural de reparare a pielii pentru a proteja \u0219i revitaliza pielea, promov\u00e2nd un ten neted \u0219i str\u0103lucitor.<\/p>\n<p>\u2013 Int\u0103re\u0219te bariera lipidic\u0103 a pielii, rehidrat\u00e2nd pielea stresat\u0103.\u00a0Protejeaz\u0103 structurile membranelor de deshidratare ulterioar\u0103 \u0219i lipidele pielii \u00eempotriva oxid\u0103rii.<\/p>\n<p>\u2013 Hidrateaz\u0103 \u00een profunzime pielea sensibil\u0103, \u00eembun\u0103t\u0103\u021bindu-i vizibil textura \u0219i asigur\u00e2nd o refacere imediat\u0103 a umidit\u0103\u021bii.<\/p>\n<p>\u2013 Ingredientele ultra-hidratante salveaz\u0103 pielea tern\u0103, conferindu-i un aspect tonic si ferm.<\/p>\n<p>\u2013 Ofer\u0103 o protec\u021bie antioxidant\u0103 zilnic\u0103 puternic\u0103 pentru a contracara stresul oxidativ, comb\u0103t\u00e2nd efectele stresorilor de mediu asupra pielii.\u00a0Protejeaz\u0103 la nivel celular pentru a men\u021bine pielea cu aspect suplu \u0219i s\u0103n\u0103tos.<\/p>\n<p>\u2013 Calmeaz\u0103 \u0219i ajut\u0103 la sc\u0103derea sensibilit\u0103\u021bii pielii, oferind o ameliorare imediat\u0103.\u00a0Reduce ro\u0219ea\u021ba \u0219i inflama\u021bia.<\/p>\n<p><strong>Hialuronat de sodiu + Acid ascorbic + Acid citric + Bisabolol + Alantoin\u0103 + Extract de frunze\/tulpini de Myrothamnus flabellifolia + Extract de talus de Cetraria islandica + Extract de Sphagnum magellanicum + Extract de rizom de Polypodium vulgare<\/strong><\/p>\n","protected":false},"featured_media":16689,"menu_order":50,"comment_status":"open","ping_status":"open","template":"","meta":[],"product_cat":[119],"product_tag":[],"_links":{"self":[{"href":"https:\/\/geneceutica.ro\/en\/wp-json\/wp\/v2\/product\/3322"}],"collection":[{"href":"https:\/\/geneceutica.ro\/en\/wp-json\/wp\/v2\/product"}],"about":[{"href":"https:\/\/geneceutica.ro\/en\/wp-json\/wp\/v2\/types\/product"}],"replies":[{"embeddable":true,"href":"https:\/\/geneceutica.ro\/en\/wp-json\/wp\/v2\/comments?post=3322"}],"version-history":[{"count":1,"href":"https:\/\/geneceutica.ro\/en\/wp-json\/wp\/v2\/product\/3322\/revisions"}],"predecessor-version":[{"id":17770,"href":"https:\/\/geneceutica.ro\/en\/wp-json\/wp\/v2\/product\/3322\/revisions\/17770"}],"wp:featuredmedia":[{"embeddable":true,"href":"https:\/\/geneceutica.ro\/en\/wp-json\/wp\/v2\/media\/16689"}],"wp:attachment":[{"href":"https:\/\/geneceutica.ro\/en\/wp-json\/wp\/v2\/media?parent=3322"}],"wp:term":[{"taxonomy":"product_cat","embeddable":true,"href":"https:\/\/geneceutica.ro\/en\/wp-json\/wp\/v2\/product_cat?post=3322"},{"taxonomy":"product_tag","embeddable":true,"href":"https:\/\/geneceutica.ro\/en\/wp-json\/wp\/v2\/product_tag?post=3322"}],"curies":[{"name":"wp","href":"https:\/\/api.w.org\/{rel}","templated":true}]}}