{"id":3321,"date":"2022-10-05T14:07:39","date_gmt":"2022-10-05T11:07:39","guid":{"rendered":"https:\/\/geneceutica.ro\/produs\/melanoff-crema-de-intretinere\/"},"modified":"2025-08-01T19:34:38","modified_gmt":"2025-08-01T16:34:38","slug":"melanoff-crema-de-intretinere","status":"publish","type":"product","link":"https:\/\/geneceutica.ro\/en\/product\/melanoff-crema-de-intretinere\/","title":{"rendered":"melan:off crem\u0103 de intre\u021binere"},"content":{"rendered":"","protected":false},"excerpt":{"rendered":"<p>Crem\u0103 de albire de uz local pentru o piele perfect\u0103.<\/p>\n<p>O expunere excesiv\u0103 la radia\u021bii UV, factori hormonali \u0219i genetici, ingestia unor medicamente fotosensibile \u0219i al\u021bi factori pot genera o supraproduc\u021bie de melanin\u0103 \u00een zone localizate, dezl\u0103n\u021buind apari\u021bia unor pete melanice inestetice.<\/p>\n<p>Crema de \u00eentre\u021binere <strong>melan:off<\/strong> produce albirea eficient\u0103 a pielii, elimin\u00e2nd petele de origine melanic\u0103 localizate pe fa\u021b\u0103, decolteu, g\u00e2t, m\u00e2ini \u0219i bra\u021be \u00eentr-un mod rapid, sigur \u0219i eficient, utiliz\u00e2nd o combina\u021bie de diferite principii active de albire care inhib\u0103 procesul de formare a melaninei,\u00a0 \u00een toate etapele.\u00a0Este adaptat\u0103 pentru a se potrivi tuturor fototipurilor de piele.<\/p>\n<p>Include, de asemenea, principii active exfoliante care accelereaz\u0103 procesul de re\u00eennoire celular\u0103, lumin\u00e2nd culoarea petelor existente la nivelul pielii.<\/p>\n<p>Formularea, bogat\u0103 \u00een antioxidan\u021bi \u0219i agen\u021bi anti-radicali liberi, cre\u0219te luminozitatea pielii \u0219i egalizeaz\u0103 nuan\u021ba pielii, red\u00e2ndu-i moliciunea \u0219i elasticitatea.<\/p>\n<p>Crema de \u00eentre\u021binere <strong>melan:off<\/strong> include \u0219i filtre solare inovatoare care protejeaz\u0103 pielea \u00eempotriva radia\u021biilor ultraviolete, bloc\u00e2nd neo-produc\u021bia de melanin\u0103 \u0219i garant\u00e2nd rezultate prelungite.<\/p>\n<p><strong>Acid azelaic + acid kojic + 4-butilresorcinol + extract de Rumex + acid ascorbic + alfa arbutin\u0103 + nonapeptid\u0103-1 + acid aminoetilfospinic + niacinamid\u0103 + acetat de tocoferil + DMAE + palmitat de retinil + tetrahidropiperin\u0103 + bisabolol + alantoin\u0103 + extract de glicicin\u0103 + ulei de alantoina barbadensis + alantoina<\/strong><\/p>\n","protected":false},"featured_media":16692,"menu_order":50,"comment_status":"open","ping_status":"open","template":"","meta":[],"product_cat":[119],"product_tag":[],"_links":{"self":[{"href":"https:\/\/geneceutica.ro\/en\/wp-json\/wp\/v2\/product\/3321"}],"collection":[{"href":"https:\/\/geneceutica.ro\/en\/wp-json\/wp\/v2\/product"}],"about":[{"href":"https:\/\/geneceutica.ro\/en\/wp-json\/wp\/v2\/types\/product"}],"replies":[{"embeddable":true,"href":"https:\/\/geneceutica.ro\/en\/wp-json\/wp\/v2\/comments?post=3321"}],"version-history":[{"count":1,"href":"https:\/\/geneceutica.ro\/en\/wp-json\/wp\/v2\/product\/3321\/revisions"}],"predecessor-version":[{"id":17772,"href":"https:\/\/geneceutica.ro\/en\/wp-json\/wp\/v2\/product\/3321\/revisions\/17772"}],"wp:featuredmedia":[{"embeddable":true,"href":"https:\/\/geneceutica.ro\/en\/wp-json\/wp\/v2\/media\/16692"}],"wp:attachment":[{"href":"https:\/\/geneceutica.ro\/en\/wp-json\/wp\/v2\/media?parent=3321"}],"wp:term":[{"taxonomy":"product_cat","embeddable":true,"href":"https:\/\/geneceutica.ro\/en\/wp-json\/wp\/v2\/product_cat?post=3321"},{"taxonomy":"product_tag","embeddable":true,"href":"https:\/\/geneceutica.ro\/en\/wp-json\/wp\/v2\/product_tag?post=3321"}],"curies":[{"name":"wp","href":"https:\/\/api.w.org\/{rel}","templated":true}]}}