{"id":3319,"date":"2022-10-05T14:22:15","date_gmt":"2022-10-05T11:22:15","guid":{"rendered":"https:\/\/geneceutica.ro\/produs\/xtreme-skin-renewal\/"},"modified":"2025-08-01T19:34:36","modified_gmt":"2025-08-01T16:34:36","slug":"xtreme-skin-renewal","status":"publish","type":"product","link":"https:\/\/geneceutica.ro\/en\/product\/xtreme-skin-renewal\/","title":{"rendered":"X:treme Skin Renewal"},"content":{"rendered":"","protected":false},"excerpt":{"rendered":"<p>Renovare celular\u0103 extrem\u0103 pentru o piele perfect\u0103<\/p>\n<p>Odat\u0103 cu trecerea timpului, celulele pielii \u00ee\u0219i pierd capacitatea de a-\u0219i \u00eendeplini corect func\u021biile, \u00eencetinind procesul de re\u00eennoire celular\u0103.\u00a0Reducerea activit\u0103\u021bii fibroblastelor \u00een sinteza colagenului \u0219i elastinei, determin\u0103 apari\u021bia ridurilor \u0219i flascit\u0103\u021bii, pielea pierz\u00e2nd din hidratarea natural\u0103, densitatea \u0219i luminozitatea ini\u021bial\u0103.<\/p>\n<p>Formulat cu celule stem vegetale \u0219i factori de cre\u0219tere epidermic\u0103, <strong>X:treme Skin Renewal<\/strong> activeaz\u0103 mecanismul de auto-reparare a celulelor, protej\u00e2nd via\u021ba celulelor \u0219i repar\u00e2nd pielea din interior.\u00a0Principiile active sunt prezentate \u00eencapsulate \u00een lipozomi care favorizeaz\u0103 p\u0103trunderea \u00een straturile profunde ale pielii pentru a \u00eembun\u0103t\u0103\u021bi rezultatele.<\/p>\n<p><strong>X:treme Skin Renewal<\/strong> datorit\u0103 formulei sale inovatoare cu principii active antioxidante, hidratante si restructurante, ofer\u0103 o important\u0103 putere ultra reparatoare care reactiveaz\u0103 activitatea celular\u0103 \u0219i reface lipidele din mantaua hidrolipidica, oferind niveluri ridicate de hidratare, hr\u0103nire \u0219i fermitate.<\/p>\n<p>Celulele Stem Vegetale sunt capabile s\u0103 protejeze \u0219i s\u0103 reactiveze eficient propriile noastre celule stem epidermice, stimul\u00e2nd activitatea fibroblastelor \u0219i a keratinocitelor \u00een producerea de colagen \u0219i elastin\u0103, care vor \u00eent\u0103ri structura \u021besutului conjunctiv, \u00eembun\u0103t\u0103\u021bind textura \u0219i calitatea pielii.<\/p>\n<p>Acidul hialuronic este o component\u0103 natural\u0103 a \u021besutului pielii cu o capacitatea unic\u0103 de a re\u021bine de 1000 de ori greutatea sa \u00een ap\u0103.\u00a0Aceast\u0103 caracteristic\u0103 permite acidului hialuronic s\u0103 ofere celulelor o activitate profund\u0103 de hidratare \u0219i lubrifiere, promov\u00e2nd un efect de umplere la nivel cutanat.\u00a0Restructureaz\u0103 fibrele de colagen, cresc\u00e2nd elasticitatea pielii \u00een timp ce elimin\u0103 ridurile.<\/p>\n<p>Indispensabil dup\u0103 un tratament profesional de depigmentare, peeling, laser, etc, c\u00e2nd pielea are nevoie s\u0103-\u0219i refac\u0103 nivelul de hidratare printr-o re\u00eennoire intensiv\u0103 care \u00eei red\u0103 elasticitatea \u0219i netezimea.<\/p>\n<p><strong>Celule stem vegetale + Factori de cre\u0219tere + Acid hialuronic + Niacinamid\u0103 + Coenzima Q10 + Vitamina E + Alantoin\u0103<\/strong><\/p>\n","protected":false},"featured_media":16698,"menu_order":50,"comment_status":"open","ping_status":"open","template":"","meta":[],"product_cat":[119],"product_tag":[],"_links":{"self":[{"href":"https:\/\/geneceutica.ro\/en\/wp-json\/wp\/v2\/product\/3319"}],"collection":[{"href":"https:\/\/geneceutica.ro\/en\/wp-json\/wp\/v2\/product"}],"about":[{"href":"https:\/\/geneceutica.ro\/en\/wp-json\/wp\/v2\/types\/product"}],"replies":[{"embeddable":true,"href":"https:\/\/geneceutica.ro\/en\/wp-json\/wp\/v2\/comments?post=3319"}],"version-history":[{"count":1,"href":"https:\/\/geneceutica.ro\/en\/wp-json\/wp\/v2\/product\/3319\/revisions"}],"predecessor-version":[{"id":17776,"href":"https:\/\/geneceutica.ro\/en\/wp-json\/wp\/v2\/product\/3319\/revisions\/17776"}],"wp:featuredmedia":[{"embeddable":true,"href":"https:\/\/geneceutica.ro\/en\/wp-json\/wp\/v2\/media\/16698"}],"wp:attachment":[{"href":"https:\/\/geneceutica.ro\/en\/wp-json\/wp\/v2\/media?parent=3319"}],"wp:term":[{"taxonomy":"product_cat","embeddable":true,"href":"https:\/\/geneceutica.ro\/en\/wp-json\/wp\/v2\/product_cat?post=3319"},{"taxonomy":"product_tag","embeddable":true,"href":"https:\/\/geneceutica.ro\/en\/wp-json\/wp\/v2\/product_tag?post=3319"}],"curies":[{"name":"wp","href":"https:\/\/api.w.org\/{rel}","templated":true}]}}