{"id":3317,"date":"2022-10-05T14:29:53","date_gmt":"2022-10-05T11:29:53","guid":{"rendered":"https:\/\/geneceutica.ro\/produs\/bionicskinclear-acne-scar-eraser\/"},"modified":"2025-08-01T19:34:36","modified_gmt":"2025-08-01T16:34:36","slug":"bionicskinclear-acne-scar-eraser","status":"publish","type":"product","link":"https:\/\/geneceutica.ro\/en\/product\/bionicskinclear-acne-scar-eraser\/","title":{"rendered":"Bionic:skinClear Acne &#038; Scar Eraser"},"content":{"rendered":"","protected":false},"excerpt":{"rendered":"<p>Acneea este una dintre cele mai frecvente afec\u021biuni ale pielii.<\/p>\n<p>Este o afec\u021biune a glandelor pilosebacee din piele, cauzat\u0103 de patru factori: hiperkeratinizarea foliculilor pilosebacei, cre\u0219terea nivelului de sebum, cre\u0219terea coloniz\u0103rii bacteriene cu Propionibacterium acnes \u0219i inflama\u021bie.<\/p>\n<p>Acneea afecteaz\u0103 cel mai frecvent adolescen\u021bii, dar mul\u021bi b\u0103rba\u021bi \u0219i femei sufer\u0103 de erup\u021bii de acnee \u00een perioada adult\u0103.\u00a0Acneea variaz\u0103 \u00een dezvoltare de la foarte u\u0219oar\u0103 la extrem de sever\u0103, fiind caracterizat\u0103 prin prezen\u021ba punctelor negre sau albe, papule, pustule, noduli sau chisturi.<\/p>\n<p><strong>Bionic:skinClear Acne &amp; Scar Eraser<\/strong> contracareaz\u0103 to\u021bi factorii care provoac\u0103 acneea \u0219i promoveaz\u0103 un ten clar, ajut\u00e2nd la prevenirea viitoarelor erup\u021bii.\u00a0Cur\u0103\u021b\u0103 porii congestiona\u021bi, neutralizeaz\u0103 bacteriile \u0219i reduce ro\u0219ea\u021ba \u0219i inflama\u021bia, minimiz\u00e2nd dramatic textura cicatricilor \u0219i restabilind culoarea normal\u0103 a pielii.<\/p>\n<p>Aceast\u0103 formul\u0103 multi-activ\u0103 de combatere a acneei \u0219i a cicatricilor combin\u0103 cele mai eficiente ingrediente pentru a promova aspectul pielii impecabile \u0219i curate cu un ten str\u0103lucitor \u0219i s\u0103n\u0103tos.<\/p>\n<p>Formulat cu polihidroxiacizi antioxidanti, acidul lactobionic \u0219i acidul gluconic, ofer\u0103 o exfoliere bl\u00e2nd\u0103 a celulelor de suprafa\u021b\u0103 ale pielii pentru a ajuta la deblocarea porilor dila\u021bi, \u00een timp ce rafineaz\u0103 textura cutanat\u0103.\u00a0Cu propriet\u0103\u021bi calmante, previne inflama\u021bia pielii.\u00a0Acidul folic stimuleaz\u0103 turnover-ul celular, repar\u00e2nd celulele deteriorate.\u00a0Alfa-glucan oligozaharidul \u0219i fitosfingozina stabilizeaz\u0103 bacteriile de pe piele, reduc\u00e2nd ro\u0219ea\u021ba \u0219i inflama\u021bia \u0219i promov\u00e2nd vindecarea optim\u0103.<\/p>\n<p>Dincolo de controlul st\u0103rii de acnee, <strong>Bionic:skinClear Acne &amp; Scar Eraser<\/strong> abordeaz\u0103 alte probleme ale pielii associate acestei afec\u021biuni, cum ar fi cicatricile post-acnee, ro\u0219ea\u021ba, nuan\u021ba \u0219i textura neuniform\u0103 a pielii, oferind beneficii excep\u021bionale pentru a reda hidratarea, luminozitatea \u0219i netezimea pielii.\u00a0Acidul tranexamic amelioreaz\u0103 pigmentarea legat\u0103 de acnee \u0219i cicatrici;\u00a0un complex puternic de hidratare \u0219i restaurare cu vitaminele A \u0219i E, alantoin\u0103 \u0219i glicerin\u0103 accelereaz\u0103 vindecarea r\u0103nilor \u0219i \u00eembun\u0103t\u0103\u021be\u0219te hidratarea pielii, netezind aspectul liniilor fine \u0219i al ridurilor.<\/p>\n<p><strong>Acid lactobionic + Acid gluconic + Fitosfingozin\u0103 + Oligozaharid\u0103 alfa-glucan + Acid folic + Triticum monococcum + Acid tranexamic + Unt de Shea + Alantoin\u0103 + Glicerina<\/strong><\/p>\n","protected":false},"featured_media":16704,"menu_order":50,"comment_status":"open","ping_status":"open","template":"","meta":[],"product_cat":[119],"product_tag":[],"_links":{"self":[{"href":"https:\/\/geneceutica.ro\/en\/wp-json\/wp\/v2\/product\/3317"}],"collection":[{"href":"https:\/\/geneceutica.ro\/en\/wp-json\/wp\/v2\/product"}],"about":[{"href":"https:\/\/geneceutica.ro\/en\/wp-json\/wp\/v2\/types\/product"}],"replies":[{"embeddable":true,"href":"https:\/\/geneceutica.ro\/en\/wp-json\/wp\/v2\/comments?post=3317"}],"version-history":[{"count":1,"href":"https:\/\/geneceutica.ro\/en\/wp-json\/wp\/v2\/product\/3317\/revisions"}],"predecessor-version":[{"id":17780,"href":"https:\/\/geneceutica.ro\/en\/wp-json\/wp\/v2\/product\/3317\/revisions\/17780"}],"wp:featuredmedia":[{"embeddable":true,"href":"https:\/\/geneceutica.ro\/en\/wp-json\/wp\/v2\/media\/16704"}],"wp:attachment":[{"href":"https:\/\/geneceutica.ro\/en\/wp-json\/wp\/v2\/media?parent=3317"}],"wp:term":[{"taxonomy":"product_cat","embeddable":true,"href":"https:\/\/geneceutica.ro\/en\/wp-json\/wp\/v2\/product_cat?post=3317"},{"taxonomy":"product_tag","embeddable":true,"href":"https:\/\/geneceutica.ro\/en\/wp-json\/wp\/v2\/product_tag?post=3317"}],"curies":[{"name":"wp","href":"https:\/\/api.w.org\/{rel}","templated":true}]}}