{"id":3316,"date":"2022-10-05T14:32:11","date_gmt":"2022-10-05T11:32:11","guid":{"rendered":"https:\/\/geneceutica.ro\/produs\/phyticantiox-eye-contour\/"},"modified":"2025-08-01T19:34:36","modified_gmt":"2025-08-01T16:34:36","slug":"phyticantiox-eye-contour","status":"publish","type":"product","link":"https:\/\/geneceutica.ro\/en\/product\/phyticantiox-eye-contour\/","title":{"rendered":"Phytic:antiox Eye Contour"},"content":{"rendered":"","protected":false},"excerpt":{"rendered":"<p>Secretul pentru un aspect radiant: nanotehnologia de \u00eenalt\u0103 performan\u021b\u0103.<\/p>\n<p>Zona periocular\u0103 este extrem de fragil\u0103 \u0219i sensibil\u0103 datorit\u0103 unei serii de factori anatomici si fiziologici. Pielea spa\u021biului de contur al ochilor este foarte sub\u021bire \u0219i con\u021bine pu\u021bine glande sebacee, a\u0219a c\u0103 se deterioreaz\u0103 foarte u\u0219or. In plus, este supus\u0103 mi\u0219c\u0103rilor muschilor permanent activi produc\u00e2nd apari\u021bia liniilor de expresie \u0219i a ridurilor. \u00cen timp, reten\u021bia de lichide \u00een septul orbital este crescut\u0103, provoc\u00e2nd apari\u021bia pungilor sub ochi \u0219i producerea de melanin\u0103 care genereaz\u0103 cearc\u0103nele inestetice.<\/p>\n<p><strong>Phytic:antiox Eye Contour<\/strong> a fost special formulat pentru a trata zona delicat\u0103 \u0219i sensibil\u0103 a conturului ochilor. Cre\u0219te vitalitatea \u0219i luminozitatea pielii, reduc\u00e2nd semnele \u00eemb\u0103tr\u00e2nirii \u0219i \u00eendep\u0103rt\u00e2nd orice urm\u0103 de linii fine, pungi \u0219i cearcane.<\/p>\n<p>Datorit\u0103 nanotehnologiei, ingredientele active p\u0103trund u\u0219or \u00een celulele pielii, ob\u021bin\u00e2nd rezultate vizibile \u0219i de durat\u0103.<\/p>\n<p>Phytic:antiox Eye Contour lupt\u0103 \u00eempotriva semnelor \u00eemb\u0103tr\u00e2nirii pielii prin combinarea principiilor active pentru a produce ac\u021biuni eficiente antioxidante, hidratante, de fermitate, drenare \u0219i depigmentare:<\/p>\n<p>\u2013 Ac\u021biune de depigmentare (Acid Fitic): opre\u0219te produc\u021bia de melanin\u0103, reduc\u00e2nd cearc\u0103nele de sub ochi \u0219i conferind luminozitate.<\/p>\n<p>\u2013 Ac\u021biune antioxidant\u0103, hidratant\u0103 \u0219i de fermitate (Coenzima Q10, Argireline, Acetat de tocoferil, Colagen hidrolizat): calmeaz\u0103 \u0219i repar\u0103 zona periocular\u0103, elimin\u00e2nd liniile de expresie \u0219i ridurile \u0219i conduc\u00e2nd la un efect vizibil de tonifiere. Produce un efect de umplere, redensific\u00e2nd conturul ochilor.<\/p>\n<p>\u2013 Ac\u021biune drenant\u0103 \u0219i decongestiv\u0103 (Extract de artemia, Extract de r\u0103d\u0103cin\u0103 panax ginseng): reduce semnificativ volumul pungilor oculare, \u00eentinerind aspectul. Cu efect revitalizant \u0219i energizant, ofer\u0103 energie celulelor, stimul\u00e2ndu-le metabolismul \u0219i inhib\u00e2nd procesul de \u00eemb\u0103tr\u00e2nire a pielii.<\/p>\n<p><strong>Acid fitic + Coenzima Q10 + Argireline + Acetat de tocoferil + Colagen hidrolizat + Extract de Artemia + Extract de r\u0103d\u0103cin\u0103 de Panax gingseng + Aloe vera + Alfa Tocoferil + Ulei de jojoba<\/strong><\/p>\n","protected":false},"featured_media":16707,"menu_order":50,"comment_status":"open","ping_status":"open","template":"","meta":[],"product_cat":[119],"product_tag":[],"_links":{"self":[{"href":"https:\/\/geneceutica.ro\/en\/wp-json\/wp\/v2\/product\/3316"}],"collection":[{"href":"https:\/\/geneceutica.ro\/en\/wp-json\/wp\/v2\/product"}],"about":[{"href":"https:\/\/geneceutica.ro\/en\/wp-json\/wp\/v2\/types\/product"}],"replies":[{"embeddable":true,"href":"https:\/\/geneceutica.ro\/en\/wp-json\/wp\/v2\/comments?post=3316"}],"version-history":[{"count":1,"href":"https:\/\/geneceutica.ro\/en\/wp-json\/wp\/v2\/product\/3316\/revisions"}],"predecessor-version":[{"id":17782,"href":"https:\/\/geneceutica.ro\/en\/wp-json\/wp\/v2\/product\/3316\/revisions\/17782"}],"wp:featuredmedia":[{"embeddable":true,"href":"https:\/\/geneceutica.ro\/en\/wp-json\/wp\/v2\/media\/16707"}],"wp:attachment":[{"href":"https:\/\/geneceutica.ro\/en\/wp-json\/wp\/v2\/media?parent=3316"}],"wp:term":[{"taxonomy":"product_cat","embeddable":true,"href":"https:\/\/geneceutica.ro\/en\/wp-json\/wp\/v2\/product_cat?post=3316"},{"taxonomy":"product_tag","embeddable":true,"href":"https:\/\/geneceutica.ro\/en\/wp-json\/wp\/v2\/product_tag?post=3316"}],"curies":[{"name":"wp","href":"https:\/\/api.w.org\/{rel}","templated":true}]}}