{"id":3315,"date":"2022-10-05T14:37:29","date_gmt":"2022-10-05T11:37:29","guid":{"rendered":"https:\/\/geneceutica.ro\/produs\/mdtoner-multiactiv-de-fermitate\/"},"modified":"2025-08-01T19:34:36","modified_gmt":"2025-08-01T16:34:36","slug":"mdtoner-multiactiv-de-fermitate","status":"publish","type":"product","link":"https:\/\/geneceutica.ro\/en\/product\/mdtoner-multiactiv-de-fermitate\/","title":{"rendered":"md:toner multiactiv de fermitate"},"content":{"rendered":"","protected":false},"excerpt":{"rendered":"<p>Formul\u0103 ultra-concentrat\u0103 care tonific\u0103, decongestioneaz\u0103, calmeaz\u0103, hidrateaz\u0103 \u0219i rafineaz\u0103 pielea, minimiz\u00e2nd dimensiunea porilor.<\/p>\n<p>Tonic facial cu concentra\u021bie mare de principii active decongestive, antioxidante \u0219i regenerante.\u00a0\u00cendep\u0103rteaz\u0103 orice urm\u0103 de machiaj remanent\u0103, impurit\u0103\u021bile pielii \u0219i excesul de ulei, reduc\u00e2nd \u00een acela\u0219i timp dimensiunea porilor \u0219i rafin\u00e2nd textura suprafe\u021bei, l\u0103s\u00e2nd pielea proasp\u0103t\u0103 \u0219i tonifiat\u0103.\u00a0Accelereaz\u0103 turnover-ul celular, preg\u0103tind pielea pentru o mai bun\u0103 absorb\u021bie a cremelor \u0219i tratamentelor urm\u0103toare.<\/p>\n<p>Hammamelis \u0219i Aloe Vera promoveaz\u0103 ac\u021biunea decongestiv\u0103, calmant\u0103 \u0219i antiinflamatoare, repar\u00e2nd microleziunile pielii, netezind \u0219i hidrat\u00e2nd pielea.<\/p>\n<p>Ingredientele umectante \u0219i emoliente, precum Glicerina \u0219i Sodium PCA men\u021bin pielea \u00een condi\u021bii perfecte de hidratare \u0219i netezime, restabilind filmul hidrolipidic \u0219i evit\u00e2nd pierderea apei.\u00a0Sodium PCA este o component\u0103 esen\u021bial\u0103 a factorului natural de hidratare a pielii, ac\u021bion\u00e2nd ca o rezerv\u0103 natural\u0103 de hidratare cutanat\u0103.<\/p>\n<p>Tonerul de fermitate md:multiactive con\u021bine, de asemenea, agen\u021bi activi hidratan\u021bi, antioxidan\u021bi \u0219i de reparare a ADN-ului, precum Niacinamida, Alantoina \u0219i Acidul Lactic care stimuleaz\u0103 re\u00eennoirea celular\u0103 \u0219i produc\u021bia de colagen, oferind pielii hidratare, catifelare \u0219i fermitate.\u00a0Acestea reduc secre\u021bia de sebum, minimiz\u00e2nd dimensiunea porilor.<\/p>\n<p><strong>Niacinamid\u0103 + Alantoin\u0103 + Acid lactic + Aloe vera + Hamamelis + Glicerina + PCA de sodiu<\/strong><\/p>\n","protected":false},"featured_media":16710,"menu_order":50,"comment_status":"open","ping_status":"open","template":"","meta":[],"product_cat":[119],"product_tag":[],"_links":{"self":[{"href":"https:\/\/geneceutica.ro\/en\/wp-json\/wp\/v2\/product\/3315"}],"collection":[{"href":"https:\/\/geneceutica.ro\/en\/wp-json\/wp\/v2\/product"}],"about":[{"href":"https:\/\/geneceutica.ro\/en\/wp-json\/wp\/v2\/types\/product"}],"replies":[{"embeddable":true,"href":"https:\/\/geneceutica.ro\/en\/wp-json\/wp\/v2\/comments?post=3315"}],"version-history":[{"count":1,"href":"https:\/\/geneceutica.ro\/en\/wp-json\/wp\/v2\/product\/3315\/revisions"}],"predecessor-version":[{"id":17784,"href":"https:\/\/geneceutica.ro\/en\/wp-json\/wp\/v2\/product\/3315\/revisions\/17784"}],"wp:featuredmedia":[{"embeddable":true,"href":"https:\/\/geneceutica.ro\/en\/wp-json\/wp\/v2\/media\/16710"}],"wp:attachment":[{"href":"https:\/\/geneceutica.ro\/en\/wp-json\/wp\/v2\/media?parent=3315"}],"wp:term":[{"taxonomy":"product_cat","embeddable":true,"href":"https:\/\/geneceutica.ro\/en\/wp-json\/wp\/v2\/product_cat?post=3315"},{"taxonomy":"product_tag","embeddable":true,"href":"https:\/\/geneceutica.ro\/en\/wp-json\/wp\/v2\/product_tag?post=3315"}],"curies":[{"name":"wp","href":"https:\/\/api.w.org\/{rel}","templated":true}]}}