{"id":3314,"date":"2022-10-05T14:40:32","date_gmt":"2022-10-05T11:40:32","guid":{"rendered":"https:\/\/geneceutica.ro\/produs\/mdultrasense-cleanser\/"},"modified":"2025-08-01T19:34:36","modified_gmt":"2025-08-01T16:34:36","slug":"mdultrasense-cleanser","status":"publish","type":"product","link":"https:\/\/geneceutica.ro\/en\/product\/mdultrasense-cleanser\/","title":{"rendered":"md:ultrasense cleanser"},"content":{"rendered":"","protected":false},"excerpt":{"rendered":"<p>Lapte demachiant facial hidratant, antioxidant \u0219i regenerant.\u00a0Protejeaz\u0103 pielea \u00eempotriva factorilor de stres, red\u00e2ndu-i luminozitatea.<\/p>\n<p>Demachiantul <strong>md:ultrasense <\/strong>cur\u0103\u021b\u0103 delicat pielea, \u00eendep\u0103rt\u00e2nd toate urmele de machiaj \u0219i impurit\u0103\u021bile, respect\u00e2nd \u00een acela\u0219i timp echilibrul natural al pielii.\u00a0Ac\u021biunea sa protectoare, reparatoare \u0219i hidratant\u0103 men\u021bine pielea \u00een condi\u021bii perfecte de catifelare, fermitate si luminozitate.\u00a0\u00cembun\u0103t\u0103\u021be\u0219te eficacitatea tratamentelor urm\u0103toare.<\/p>\n<p>Formula con\u021bine antioxidan\u021bi biologici puternici, precum Alfa tocoferol, care cre\u0219te nivelul de colagen evit\u00e2nd degenerarea \u021besuturilor \u0219i protej\u00e2nd pielea \u00eempotriva agresiunilor externe prin neutralizarea radicalilor liberi responsabili de deteriorarea celular\u0103.\u00a0Nivelurile de hidratare ale pielii sunt restabilite, pielea ar\u0103t\u00e2nd str\u0103lucitoare, curat\u0103 \u0219i s\u0103n\u0103toas\u0103.<\/p>\n<p>Uleiul de jojoba p\u0103trunde profund \u00een piele, lupt\u00e2nd direct \u00eempotriva \u00eemb\u0103tr\u00e2nirii \u021besutului cutanat.\u00a0Men\u021bine hidratarea \u0219i elasticitatea pielii, regleaz\u0103 produc\u021bia de sebum \u0219i previne apari\u021bia ridurilor.\u00a0Compozi\u021bia sa este bogat\u0103 \u00een ceramide care acoper\u0103 celulele epidermice regl\u00e2nd hidratarea acestora.\u00a0De asemenea, con\u021bine Vitamina E care blocheaz\u0103 radicalii liberi responsabili de \u00eemb\u0103tr\u00e2nirea prematur\u0103 \u0219i Acid Linoleic, esen\u021bial pentru regenerarea adecvat\u0103 a pielii.<\/p>\n<p><strong>Alpha Tocopheryl + ulei de jojoba<\/strong><\/p>\n","protected":false},"featured_media":16713,"menu_order":50,"comment_status":"open","ping_status":"open","template":"","meta":[],"product_cat":[119],"product_tag":[],"_links":{"self":[{"href":"https:\/\/geneceutica.ro\/en\/wp-json\/wp\/v2\/product\/3314"}],"collection":[{"href":"https:\/\/geneceutica.ro\/en\/wp-json\/wp\/v2\/product"}],"about":[{"href":"https:\/\/geneceutica.ro\/en\/wp-json\/wp\/v2\/types\/product"}],"replies":[{"embeddable":true,"href":"https:\/\/geneceutica.ro\/en\/wp-json\/wp\/v2\/comments?post=3314"}],"version-history":[{"count":1,"href":"https:\/\/geneceutica.ro\/en\/wp-json\/wp\/v2\/product\/3314\/revisions"}],"predecessor-version":[{"id":17786,"href":"https:\/\/geneceutica.ro\/en\/wp-json\/wp\/v2\/product\/3314\/revisions\/17786"}],"wp:featuredmedia":[{"embeddable":true,"href":"https:\/\/geneceutica.ro\/en\/wp-json\/wp\/v2\/media\/16713"}],"wp:attachment":[{"href":"https:\/\/geneceutica.ro\/en\/wp-json\/wp\/v2\/media?parent=3314"}],"wp:term":[{"taxonomy":"product_cat","embeddable":true,"href":"https:\/\/geneceutica.ro\/en\/wp-json\/wp\/v2\/product_cat?post=3314"},{"taxonomy":"product_tag","embeddable":true,"href":"https:\/\/geneceutica.ro\/en\/wp-json\/wp\/v2\/product_tag?post=3314"}],"curies":[{"name":"wp","href":"https:\/\/api.w.org\/{rel}","templated":true}]}}