{"id":3313,"date":"2022-12-15T11:12:30","date_gmt":"2022-12-15T09:12:30","guid":{"rendered":"https:\/\/geneceutica.ro\/produs\/melanoff-pack-12\/"},"modified":"2025-08-01T19:34:35","modified_gmt":"2025-08-01T16:34:35","slug":"melanoff-pack-12","status":"publish","type":"product","link":"https:\/\/geneceutica.ro\/en\/product\/melanoff-pack-12\/","title":{"rendered":"melan:off pack 1+2"},"content":{"rendered":"","protected":false},"excerpt":{"rendered":"<h4>eliminarea tuturor tipurilor de hiperpigmentare de origine melanic\u0103<\/h4>\n<p>97% eficient \u00een eliminarea tuturor tipurilor de hiperpigmentare de origine melanic\u0103.<\/p>\n<p>melan:off pack 1+2 este o procedur\u0103 de albire topic\u0103 pentru eliminarea \u0219i reducerea tuturor tipurilor de hiperpigment\u0103ri de origine melanic\u0103, \u00eentr-un mod rapid, sigur \u0219i eficient, sporind luminozitatea pielii, uniformizarea nuan\u021bei pielii \u0219i red\u00e2nd pielii catifelarea sa. si elasticitate.<\/p>\n<p>Pentru a ob\u021bine o eficacitate maxim\u0103, ac\u021bioneaz\u0103 inhib\u00e2nd procesul de melanogenez\u0103 printr-o formul\u0103 concentrat\u0103 care combin\u0103 diferite active de albire bloc\u00e2nd diferitele etape ale produc\u021biei de melanin\u0103.\u00a0Efectul s\u0103u exfoliant accelereaz\u0103 procesul de re\u00eennoire celular\u0103 \u0219i produce descuamarea epidermic\u0103, elimin\u00e2nd melanina localizat\u0103 \u00een kerationocite \u0219i lumin\u00e2nd tonul pielii.\u00a0Este adaptat pentru a se potrivi tuturor fototipurilor de piele.<\/p>\n<p>melan:off pack 1+2 include \u00een cabinetul medicului tratamentul \u0219i tratamentul de continuare pentru a fi aplicat acas\u0103, special conceput pentru a ob\u021bine rezultate de lung\u0103 durat\u0103 cu eficacitate maxim\u0103.<\/p>\n<p>Compozi\u021bia melan: off pack 1+2:<\/p>\n<ol>\n<li>melan:off whitening peel (15ml): pregatirea pielii, actiune exfolianta si de albire (pretratament in cabinetul medicului).<\/li>\n<li>melan:off masca intensiva (10g): actiune intensiva de depigmentare (tratament in cabinetul medicului).<\/li>\n<\/ol>\n<p><strong>Acid azelaic + acid salicilic + acid kojic + 4-butilresorcinol + extract Rumex + acid ascorbic + alfa arbutin\u0103 + nonapeptid\u0103-1 + acid aminoetilfospinic + niacinamid\u0103 + acetat de tocoferil + DMAE + palmitat de retinil + tetrahidropiperin\u0103 + bisabolol + alantoin\u0103 + barbaliden + alantoin\u0103 Extract de ulei de rozmarin<\/strong><\/p>\n","protected":false},"featured_media":16716,"menu_order":75,"comment_status":"open","ping_status":"open","template":"","meta":[],"product_cat":[118],"product_tag":[],"_links":{"self":[{"href":"https:\/\/geneceutica.ro\/en\/wp-json\/wp\/v2\/product\/3313"}],"collection":[{"href":"https:\/\/geneceutica.ro\/en\/wp-json\/wp\/v2\/product"}],"about":[{"href":"https:\/\/geneceutica.ro\/en\/wp-json\/wp\/v2\/types\/product"}],"replies":[{"embeddable":true,"href":"https:\/\/geneceutica.ro\/en\/wp-json\/wp\/v2\/comments?post=3313"}],"version-history":[{"count":1,"href":"https:\/\/geneceutica.ro\/en\/wp-json\/wp\/v2\/product\/3313\/revisions"}],"predecessor-version":[{"id":17788,"href":"https:\/\/geneceutica.ro\/en\/wp-json\/wp\/v2\/product\/3313\/revisions\/17788"}],"wp:featuredmedia":[{"embeddable":true,"href":"https:\/\/geneceutica.ro\/en\/wp-json\/wp\/v2\/media\/16716"}],"wp:attachment":[{"href":"https:\/\/geneceutica.ro\/en\/wp-json\/wp\/v2\/media?parent=3313"}],"wp:term":[{"taxonomy":"product_cat","embeddable":true,"href":"https:\/\/geneceutica.ro\/en\/wp-json\/wp\/v2\/product_cat?post=3313"},{"taxonomy":"product_tag","embeddable":true,"href":"https:\/\/geneceutica.ro\/en\/wp-json\/wp\/v2\/product_tag?post=3313"}],"curies":[{"name":"wp","href":"https:\/\/api.w.org\/{rel}","templated":true}]}}