{"id":3312,"date":"2022-12-15T11:16:21","date_gmt":"2022-12-15T09:16:21","guid":{"rendered":"https:\/\/geneceutica.ro\/produs\/crema-de-intretinere-melanoff\/"},"modified":"2025-08-01T19:34:35","modified_gmt":"2025-08-01T16:34:35","slug":"crema-de-intretinere-melanoff","status":"publish","type":"product","link":"https:\/\/geneceutica.ro\/en\/product\/crema-de-intretinere-melanoff\/","title":{"rendered":"Crem\u0103 de \u00eentre\u021binere melan:off"},"content":{"rendered":"","protected":false},"excerpt":{"rendered":"<h4>Efect intens de depigmentare si actiune antiaging<\/h4>\n<p>Crema de albire pentru uz local pentru o piele perfecta.<\/p>\n<p>O expunere excesiv\u0103 la radia\u021bii UV, factori hormonali \u0219i genetici, ingestia unor medicamente fotosensibile&#8230; \u0219i al\u021bi factori pot genera o supraproduc\u021bie de melanin\u0103 \u00een zone localizate, dezl\u0103n\u021buind apari\u021bia unor pete melanice ur\u00e2te.<\/p>\n<p>Crema de \u00eentre\u021binere melan:off produce albirea eficient\u0103 a pielii, elimin\u00e2nd petele de origine melanic\u0103 localizate pe fa\u021b\u0103, decolteu, g\u00e2t, m\u00e2ini \u0219i bra\u021be \u00eentr-un mod rapid, sigur \u0219i eficient, utiliz\u00e2nd o combina\u021bie de diferite principii active de albire care inhib\u0103 procesul de formare a melaninei. \u00een toate etapele.\u00a0Este adaptat pentru a se potrivi tuturor fototipurilor de piele.<\/p>\n<p>Include, de asemenea, principii active exfoliante care accelereaz\u0103 procesul de re\u00eennoire celular\u0103, lumin\u00e2nd culoarea pielii petelor existente.<\/p>\n<p>Formularea, bogat\u0103 \u00een antioxidan\u021bi \u0219i anti-radicali liberi, cre\u0219te luminozitatea pielii \u0219i egalizeaz\u0103 nuan\u021ba pielii, red\u00e2ndu-i moliciunea \u0219i elasticitatea.<\/p>\n<p>Crema de intretinere melan:off combina si filtre solare inovatoare care protejeaza pielea impotriva radiatiilor solare, blocand neo-productia de melanina si garantand rezultate prelungite.<\/p>\n<p><strong>Acid azelaic + acid kojic + 4-butilresorcinol + extract de Rumex + acid ascorbic + alfa arbutin\u0103 + nonapeptid\u0103-1 + acid aminoetilfospinic + niacinamid\u0103 + acetat de tocoferil + DMAE + palmitat de retinil + tetrahidropiperin\u0103 + bisabolol + alantoin\u0103 + extract de glicicin\u0103 + ulei de alantoina barbadensis + alantoina<\/strong><\/p>\n","protected":false},"featured_media":16719,"menu_order":50,"comment_status":"open","ping_status":"open","template":"","meta":[],"product_cat":[118],"product_tag":[],"_links":{"self":[{"href":"https:\/\/geneceutica.ro\/en\/wp-json\/wp\/v2\/product\/3312"}],"collection":[{"href":"https:\/\/geneceutica.ro\/en\/wp-json\/wp\/v2\/product"}],"about":[{"href":"https:\/\/geneceutica.ro\/en\/wp-json\/wp\/v2\/types\/product"}],"replies":[{"embeddable":true,"href":"https:\/\/geneceutica.ro\/en\/wp-json\/wp\/v2\/comments?post=3312"}],"version-history":[{"count":1,"href":"https:\/\/geneceutica.ro\/en\/wp-json\/wp\/v2\/product\/3312\/revisions"}],"predecessor-version":[{"id":17790,"href":"https:\/\/geneceutica.ro\/en\/wp-json\/wp\/v2\/product\/3312\/revisions\/17790"}],"wp:featuredmedia":[{"embeddable":true,"href":"https:\/\/geneceutica.ro\/en\/wp-json\/wp\/v2\/media\/16719"}],"wp:attachment":[{"href":"https:\/\/geneceutica.ro\/en\/wp-json\/wp\/v2\/media?parent=3312"}],"wp:term":[{"taxonomy":"product_cat","embeddable":true,"href":"https:\/\/geneceutica.ro\/en\/wp-json\/wp\/v2\/product_cat?post=3312"},{"taxonomy":"product_tag","embeddable":true,"href":"https:\/\/geneceutica.ro\/en\/wp-json\/wp\/v2\/product_tag?post=3312"}],"curies":[{"name":"wp","href":"https:\/\/api.w.org\/{rel}","templated":true}]}}