{"id":3310,"date":"2022-12-15T11:27:34","date_gmt":"2022-12-15T09:27:34","guid":{"rendered":"https:\/\/geneceutica.ro\/produs\/mdpeel-intimate-white\/"},"modified":"2025-08-01T19:34:35","modified_gmt":"2025-08-01T16:34:35","slug":"mdpeel-intimate-white","status":"publish","type":"product","link":"https:\/\/geneceutica.ro\/en\/product\/mdpeel-intimate-white\/","title":{"rendered":"md:peel Intimate White"},"content":{"rendered":"","protected":false},"excerpt":{"rendered":"<p>Hiperpigmentarea genital\u0103 are o origine multifactorial\u0103, str\u00e2ns legat\u0103 de \u00eemb\u0103tr\u00e2nire \u0219i al\u021bi factori declan\u0219atori.\u00a0Ace\u0219ti factori includ predispozi\u021bia genetic\u0103, fluctua\u021biile hormonale (cre\u0219terea testosteronului \u0219i a estrogenilor), expunerea la soare, frecarea, lipsa ventila\u021biei, \u00eendep\u0103rtarea frecvent\u0103 a p\u0103rului \u0219i mul\u021bi al\u021bii, care pot provoca \u00eentunecarea zonei intime din cauza c\u0103ldurii constante, inflama\u021biei \u0219i irita\u021biei.<\/p>\n<p>De\u0219i hiperpigmentarea genital\u0103 este o afec\u021biune inofensiv\u0103 \u0219i nu implic\u0103 niciun impact asupra bun\u0103st\u0103rii func\u021bionale a pacientului, ea poate afecta semnificativ calitatea vie\u021bii \u0219i stima de sine a celor afecta\u021bi, impact\u00e2nd negativ asupra rela\u021biilor interpersonale \u0219i sexuale.<\/p>\n<p>md:ceuticals, \u00een colaborare cu o echip\u0103 multidisciplinar\u0103 de exper\u021bi ginecologi \u0219i dermatologi, a dezvoltat md:peel IntimateWhite, un peeling non-invaziv special conceput pentru a \u00eentineri zonele intime sensibile, ajut\u00e2nd pacien\u021bii s\u0103 se simt\u0103 confortabil \u00een propria piele.<\/p>\n<p>md:peel IntimateWhite ofer\u0103 zonei genitale un efect vizibil de albire \u0219i lifting, ajut\u00e2nd pielea s\u0103-\u0219i recapete culoarea natural\u0103, str\u0103lucirea, textura \u0219i tonusul s\u0103n\u0103tos.<\/p>\n<p>BENEFICII<br \/>\n\u2013 Efect de albire \u0219i str\u0103lucire.\u00a0Cu o combina\u021bie puternic\u0103 de ingrediente active de depigmentare, exfoliere, antioxidante \u0219i str\u0103lucitoare, \u00eendep\u0103rteaz\u0103 hiperpigmentarea prin blocarea sintezei melaninei \u0219i a transferului acesteia la suprafa\u021ba pielii, restabilind nuan\u021ba natural\u0103 a pielii<br \/>\n&#8211; Efecte de fermitate, anti-\u00eemb\u0103tr\u00e2nire \u0219i antioxidante.\u00a0md:peel IntimateWhite fermeaz\u0103 \u0219i tonific\u0103 pielea, \u00eent\u0103rind integritatea pielii \u0219i reconstruind \u021besutul conjunctiv, cu neoformarea colagenului \u0219i a fibrelor elastice.\u00a0Conduce la o piele mai elastic\u0103, mai supl\u0103 \u0219i mai ferm\u0103<br \/>\n\u2013 Hidratant, regenerant, calmant \u0219i reparator.\u00a0md:peel IntimateWhite repar\u0103, regenereaz\u0103 \u0219i calmeaz\u0103 pielea care a fost sl\u0103bit\u0103 \u0219i deteriorat\u0103 de ac\u021biunile diferi\u021bilor factori de stres din mediu, sus\u021bin\u00e2nd repararea permanent\u0103.\u00a0Activeaz\u0103 procesele de regenerare celular\u0103 pentru a \u00eentineri \u0219i regenera pielea, rafin\u00e2nd textura pielii \u0219i red\u00e2ndu-i str\u0103lucirea.<\/p>\n<p><strong>Acid lactic + Acid Mandelic + Acid Kojic + 4-Butilresorcinol + Retinol + Glutation + Extract de r\u0103d\u0103cin\u0103 Glycyrrhiza Glabra + Tocoferol + Complex ultra-hidratant \u0219i calmant + Extract de r\u0103d\u0103cin\u0103 de lemn dulce + Bisabolol<\/strong><\/p>\n","protected":false},"featured_media":16725,"menu_order":50,"comment_status":"open","ping_status":"open","template":"","meta":[],"product_cat":[117],"product_tag":[],"_links":{"self":[{"href":"https:\/\/geneceutica.ro\/en\/wp-json\/wp\/v2\/product\/3310"}],"collection":[{"href":"https:\/\/geneceutica.ro\/en\/wp-json\/wp\/v2\/product"}],"about":[{"href":"https:\/\/geneceutica.ro\/en\/wp-json\/wp\/v2\/types\/product"}],"replies":[{"embeddable":true,"href":"https:\/\/geneceutica.ro\/en\/wp-json\/wp\/v2\/comments?post=3310"}],"version-history":[{"count":1,"href":"https:\/\/geneceutica.ro\/en\/wp-json\/wp\/v2\/product\/3310\/revisions"}],"predecessor-version":[{"id":17794,"href":"https:\/\/geneceutica.ro\/en\/wp-json\/wp\/v2\/product\/3310\/revisions\/17794"}],"wp:featuredmedia":[{"embeddable":true,"href":"https:\/\/geneceutica.ro\/en\/wp-json\/wp\/v2\/media\/16725"}],"wp:attachment":[{"href":"https:\/\/geneceutica.ro\/en\/wp-json\/wp\/v2\/media?parent=3310"}],"wp:term":[{"taxonomy":"product_cat","embeddable":true,"href":"https:\/\/geneceutica.ro\/en\/wp-json\/wp\/v2\/product_cat?post=3310"},{"taxonomy":"product_tag","embeddable":true,"href":"https:\/\/geneceutica.ro\/en\/wp-json\/wp\/v2\/product_tag?post=3310"}],"curies":[{"name":"wp","href":"https:\/\/api.w.org\/{rel}","templated":true}]}}