{"id":3309,"date":"2022-12-15T11:30:27","date_gmt":"2022-12-15T09:30:27","guid":{"rendered":"https:\/\/geneceutica.ro\/produs\/mdtranex-retipeel\/"},"modified":"2025-08-01T19:34:35","modified_gmt":"2025-08-01T16:34:35","slug":"mdtranex-retipeel","status":"publish","type":"product","link":"https:\/\/geneceutica.ro\/en\/product\/mdtranex-retipeel\/","title":{"rendered":"md:Tranex Retipeel"},"content":{"rendered":"","protected":false},"excerpt":{"rendered":"<p>md:Tranex Retipeel ofer\u0103 o formul\u0103 unic\u0103 care combin\u0103 acidul tranexamic \u0219i retinolul cu cele mai puternice principii active anti-\u00eemb\u0103tr\u00e2nire \u0219i depigmentare (propionat de retinil + glucozid de ascorbil + niacinamid\u0103 + acid citric + acid tartric + extract de floare de Chamomilla recutita + plant\u0103 de salcie + ferment de bacil) pentru a elimina toate tipurile de hiperpigmentare melanic\u0103 \u0219i trateaz\u0103 eficient \u00eemb\u0103tr\u00e2nirea foto sever\u0103, cicatricile de acnee \u0219i vergeturile.<\/p>\n<p>Acest peeling multifunc\u021bional activeaz\u0103 mecanismele celulare de regenerare \u0219i \u00eentinerire a pielii, reduc\u00e2nd dramatic ridurile, rafin\u00e2nd textura pielii \u0219i lumin\u00e2nd nuan\u021ba pielii.<\/p>\n<p>md:Tranex Retipeel \u00eembun\u0103t\u0103\u021be\u0219te turnover-ul celular, regleaz\u0103 produc\u021bia de sebum \u0219i stimuleaz\u0103 activitatea fibroblastelor, \u00eembun\u0103t\u0103\u021bind textura \u0219i structura pielii \u0219i oferind un efect de lifting.<\/p>\n<p>Cu un mecanism puternic conceput special pentru a ac\u021biona asupra originii \u00eemb\u0103tr\u00e2nirii pielii, neutralizeaz\u0103 eficient radicalii liberi, restabilind luminozitatea pielii \u0219i protej\u00e2nd pielea de daune externe.\u00a0md:Tranex Retipeel func\u021bioneaz\u0103 de fapt la nivel celular profund, influen\u021b\u00e2nd ac\u021biunea receptorilor \u0219i a senzorilor.<\/p>\n<p>Ingredientele de depigmentare md:Tranex Retipeel alimentate de Retinol blocheaz\u0103 diferitele etape implicate \u00een procesul de melanogenez\u0103, \u00eempiedic\u00e2nd formarea melaninei \u0219i apari\u021bia hiperpigment\u0103rii pielii.\u00a0Accelereaz\u0103 re\u00eennoirea epidermic\u0103, \u00eendep\u0103rt\u00e2nd petele formate anterior \u0219i conduc\u00e2nd la un ton luminos, neted \u0219i uniform.<\/p>\n<p>Fiecare ingredient are modul s\u0103u unic de a interveni \u00een procesele enzimatice, pentru a bloca eficient sinteza melaninei \u0219i transferul acesteia la suprafa\u021ba pielii, evit\u00e2nd neoproduc\u021bia de hiperpigmentare.<\/p>\n<p>md:Tranex Retipeel include in formula acid tranexamic, cel mai eficient ingredient pentru combaterea tuturor tipurilor de hiperpigmentare.<\/p>\n<p>Acidul tranexamic inhib\u0103 sinteza melaninei, bloc\u00e2nd interac\u021biunea melanocitelor \u0219i keratinocitelor prin inhibarea sistemului plasminogen\/plasmin\u0103 \u0219i, de asemenea, previne pigmentarea indus\u0103 de razele ultraviolete.\u00a0Este singurul ingredient care poate reduce efectiv \u0219ansa de reapari\u021bie a melasmei.<\/p>\n<p>Acest peeling inteligent \u00een 2 pa\u0219i este complementul perfect pentru melanoceuticele md:complex, oferind rezultate uimitoare \u00een foarte pu\u021bine sesiuni.<\/p>\n<p><strong>Acid tranexamic + Retinol + Retinil propionat + Ascorbil Glucozid + Niacinamid\u0103 + Acid citric + Acid tartric + Extract de floare de Chamomilla recutita + Planta de salcie + Ferment de bacil<\/strong><\/p>\n","protected":false},"featured_media":16728,"menu_order":50,"comment_status":"open","ping_status":"open","template":"","meta":[],"product_cat":[117],"product_tag":[],"_links":{"self":[{"href":"https:\/\/geneceutica.ro\/en\/wp-json\/wp\/v2\/product\/3309"}],"collection":[{"href":"https:\/\/geneceutica.ro\/en\/wp-json\/wp\/v2\/product"}],"about":[{"href":"https:\/\/geneceutica.ro\/en\/wp-json\/wp\/v2\/types\/product"}],"replies":[{"embeddable":true,"href":"https:\/\/geneceutica.ro\/en\/wp-json\/wp\/v2\/comments?post=3309"}],"version-history":[{"count":1,"href":"https:\/\/geneceutica.ro\/en\/wp-json\/wp\/v2\/product\/3309\/revisions"}],"predecessor-version":[{"id":17796,"href":"https:\/\/geneceutica.ro\/en\/wp-json\/wp\/v2\/product\/3309\/revisions\/17796"}],"wp:featuredmedia":[{"embeddable":true,"href":"https:\/\/geneceutica.ro\/en\/wp-json\/wp\/v2\/media\/16728"}],"wp:attachment":[{"href":"https:\/\/geneceutica.ro\/en\/wp-json\/wp\/v2\/media?parent=3309"}],"wp:term":[{"taxonomy":"product_cat","embeddable":true,"href":"https:\/\/geneceutica.ro\/en\/wp-json\/wp\/v2\/product_cat?post=3309"},{"taxonomy":"product_tag","embeddable":true,"href":"https:\/\/geneceutica.ro\/en\/wp-json\/wp\/v2\/product_tag?post=3309"}],"curies":[{"name":"wp","href":"https:\/\/api.w.org\/{rel}","templated":true}]}}