{"id":3307,"date":"2022-12-15T11:36:26","date_gmt":"2022-12-15T09:36:26","guid":{"rendered":"https:\/\/geneceutica.ro\/produs\/mdpeel-pyruvic-40-lactic-10\/"},"modified":"2025-08-01T19:34:35","modified_gmt":"2025-08-01T16:34:35","slug":"mdpeel-pyruvic-40-lactic-10","status":"publish","type":"product","link":"https:\/\/geneceutica.ro\/en\/product\/mdpeel-pyruvic-40-lactic-10\/","title":{"rendered":"md:peel pyruvic 40% + lactic 10%"},"content":{"rendered":"","protected":false},"excerpt":{"rendered":"<p>Acidul piruvic este un \u03b1-cetoacid prezent \u00een miere, o\u021bet, mere \u0219i fructe fermentate care prezint\u0103 at\u00e2t efecte epidermice, c\u00e2t \u0219i dermice. Este inclus \u00een grupul de peelinguri de ad\u00e2ncime medie.<\/p>\n<p>La nivel epidermic md:peel pyruvic 40% + lactic 10% are proprietati keratolitice, antimicrobiene si sebostatice, fiind foarte eficient in tratamentul acneei. Diminueaz\u0103 coeziunea keratinocitelor epidermice, facilit\u00e2nd descuamarea \u0219i \u00eempiedic\u00e2nd \u00eengro\u0219area straturilor superioare ale epidermei.<\/p>\n<p>La nivel dermic, are capacitatea de a stimula produc\u021bia de colagen nou \u0219i formarea de fibre elastice \u0219i glicoproteine, reduc\u00e2nd ridurile, foto-\u00eemb\u0103tr\u00e2nirea \u0219i hiperpigmentarea. Se produce o adev\u0103rat\u0103 remodelare dermic\u0103, reduc\u00e2nd flaciditatea \u0219i \u00eembun\u0103t\u0103\u021bind textura pielii.<\/p>\n<p>Datorit\u0103 pka sc\u0103zut\u0103 \u0219i dimensiunilor moleculare mici, p\u0103trunde rapid \u0219i profund \u00een piele, d\u00e2nd rezultate foarte eficiente.<\/p>\n<p>Acidul lactic \u00eent\u0103re\u0219te func\u021bia de barier\u0103 a pielii, prevenind pierderea de ap\u0103 \u0219i promov\u00e2nd o hidratare ridicat\u0103 a pielii. Permite o exfoliere f\u0103r\u0103 niveluri ridicate de uscare, datorit\u0103 peliculei protectoare care se formeaz\u0103. Acidul lactic cre\u0219te produc\u021bia de componente dermice, \u00een special acidul hialuronic, \u00eembun\u0103t\u0103\u021bind textura pielii, netezimea, diminu\u00e2nd aspectul liniilor fine, daunele solare \u0219i \u00eemb\u0103tr\u00e2nirea prematur\u0103 a pielii.<\/p>\n","protected":false},"featured_media":16734,"menu_order":50,"comment_status":"open","ping_status":"open","template":"","meta":[],"product_cat":[117],"product_tag":[],"_links":{"self":[{"href":"https:\/\/geneceutica.ro\/en\/wp-json\/wp\/v2\/product\/3307"}],"collection":[{"href":"https:\/\/geneceutica.ro\/en\/wp-json\/wp\/v2\/product"}],"about":[{"href":"https:\/\/geneceutica.ro\/en\/wp-json\/wp\/v2\/types\/product"}],"replies":[{"embeddable":true,"href":"https:\/\/geneceutica.ro\/en\/wp-json\/wp\/v2\/comments?post=3307"}],"version-history":[{"count":1,"href":"https:\/\/geneceutica.ro\/en\/wp-json\/wp\/v2\/product\/3307\/revisions"}],"predecessor-version":[{"id":17800,"href":"https:\/\/geneceutica.ro\/en\/wp-json\/wp\/v2\/product\/3307\/revisions\/17800"}],"wp:featuredmedia":[{"embeddable":true,"href":"https:\/\/geneceutica.ro\/en\/wp-json\/wp\/v2\/media\/16734"}],"wp:attachment":[{"href":"https:\/\/geneceutica.ro\/en\/wp-json\/wp\/v2\/media?parent=3307"}],"wp:term":[{"taxonomy":"product_cat","embeddable":true,"href":"https:\/\/geneceutica.ro\/en\/wp-json\/wp\/v2\/product_cat?post=3307"},{"taxonomy":"product_tag","embeddable":true,"href":"https:\/\/geneceutica.ro\/en\/wp-json\/wp\/v2\/product_tag?post=3307"}],"curies":[{"name":"wp","href":"https:\/\/api.w.org\/{rel}","templated":true}]}}