{"id":3306,"date":"2022-12-15T11:40:20","date_gmt":"2022-12-15T09:40:20","guid":{"rendered":"https:\/\/geneceutica.ro\/produs\/mdpeel-modified-jessner\/"},"modified":"2025-08-01T19:34:35","modified_gmt":"2025-08-01T16:34:35","slug":"mdpeel-modified-jessner","status":"publish","type":"product","link":"https:\/\/geneceutica.ro\/en\/product\/mdpeel-modified-jessner\/","title":{"rendered":"md:peel Modified Jessner"},"content":{"rendered":"","protected":false},"excerpt":{"rendered":"<p>md:peel Modified Jessner este o combina\u021bie de acid salicilic 14%, acid lactic 14% \u0219i acid citric 8%. Efectele sinergice ale acestor acizi, confera peelingului mari beneficii antioxidante, inversand efectele \u00eemb\u0103tr\u00e2nirii \u0219i \u00eembun\u0103t\u0103\u021bind luminozitatea \u0219i textura pielii.<\/p>\n<p>md:peel Modified Jessner este un peeling cu profunzime superficial\u0103-medie care \u00eenmoaie eficient ridurile, controleaz\u0103 secre\u021biile de ulei \u0219i rafineaz\u0103 tenul pielii.<\/p>\n<p>Produce \u00eengro\u0219are dermic\u0103, oferind pielii niveluri ridicate de elasticitate \u0219i hidratare.<\/p>\n<p>md:peel Compozi\u021bie Jessner modificat\u0103:<\/p>\n<p>\u2013 <strong>Acid salicilic<\/strong>: efect keratolitic \u0219i comedolitic puternic care cur\u0103\u021b\u0103 \u0219i desfund\u0103 porii, reduce produc\u021bia de ulei \u0219i elimin\u0103 inflama\u021bia pentru a trata \u0219i a preveni afec\u021biunile pielii acneice. Promoveaz\u0103 re\u00eennoirea epidermic\u0103 \u00eenlocuind celulele moarte \u0219i deteriorate cu noi \u021besuturi s\u0103n\u0103toase.<\/p>\n<p>\u2013 <strong>Acid lactic<\/strong>: exfolieaz\u0103 u\u0219or suprafa\u021ba pielii pentru a elimina liniile fine, ridurile, l\u0103sarea \u0219i petele \u00eentunecate. \u00cent\u0103re\u0219te func\u021bia de barier\u0103 a pielii prevenind pierderea apei \u0219i promov\u00e2nd hidratarea pielii. Promoveaz\u0103 cre\u0219terea componentelor dermice, \u00eembun\u0103t\u0103\u021bind textura pielii \u0219i reduc\u00e2nd daunele solare \u0219i \u00eemb\u0103tr\u00e2nirea prematur\u0103.<\/p>\n<p>\u2013 <strong>Acid citric<\/strong>: accelereaz\u0103 exfolierea epidermic\u0103 cresc\u00e2nd nivelul de luminozitate \u0219i catifelare a pielii. Ajut\u0103 la re\u021binerea apei sporind hidratarea pielii datorit\u0103 promov\u0103rii con\u021binutului dermal de acid hialuronic. Propriet\u0103\u021bi antioxidante puternice.<\/p>\n","protected":false},"featured_media":16737,"menu_order":50,"comment_status":"open","ping_status":"open","template":"","meta":[],"product_cat":[117],"product_tag":[],"_links":{"self":[{"href":"https:\/\/geneceutica.ro\/en\/wp-json\/wp\/v2\/product\/3306"}],"collection":[{"href":"https:\/\/geneceutica.ro\/en\/wp-json\/wp\/v2\/product"}],"about":[{"href":"https:\/\/geneceutica.ro\/en\/wp-json\/wp\/v2\/types\/product"}],"replies":[{"embeddable":true,"href":"https:\/\/geneceutica.ro\/en\/wp-json\/wp\/v2\/comments?post=3306"}],"version-history":[{"count":1,"href":"https:\/\/geneceutica.ro\/en\/wp-json\/wp\/v2\/product\/3306\/revisions"}],"predecessor-version":[{"id":17802,"href":"https:\/\/geneceutica.ro\/en\/wp-json\/wp\/v2\/product\/3306\/revisions\/17802"}],"wp:featuredmedia":[{"embeddable":true,"href":"https:\/\/geneceutica.ro\/en\/wp-json\/wp\/v2\/media\/16737"}],"wp:attachment":[{"href":"https:\/\/geneceutica.ro\/en\/wp-json\/wp\/v2\/media?parent=3306"}],"wp:term":[{"taxonomy":"product_cat","embeddable":true,"href":"https:\/\/geneceutica.ro\/en\/wp-json\/wp\/v2\/product_cat?post=3306"},{"taxonomy":"product_tag","embeddable":true,"href":"https:\/\/geneceutica.ro\/en\/wp-json\/wp\/v2\/product_tag?post=3306"}],"curies":[{"name":"wp","href":"https:\/\/api.w.org\/{rel}","templated":true}]}}