{"id":3304,"date":"2022-12-15T13:37:56","date_gmt":"2022-12-15T11:37:56","guid":{"rendered":"https:\/\/geneceutica.ro\/produs\/mdpeel-salicilic-20-30\/"},"modified":"2025-08-01T19:34:34","modified_gmt":"2025-08-01T16:34:34","slug":"mdpeel-salicilic-20-30","status":"publish","type":"product","link":"https:\/\/geneceutica.ro\/en\/product\/mdpeel-salicilic-20-30\/","title":{"rendered":"md:peel salicilic 20%\/30%"},"content":{"rendered":"","protected":false},"excerpt":{"rendered":"<p>Acidul salicilic este un beta hidroxiacid cu propriet\u0103\u021bi keratolitice \u0219i comedolitice. Reduce coeziunea corneocitelor determin\u00e2nd exfolierea celulelor moarte \u0219i deteriorate, distrugerea controlat\u0103 a straturilor epidermice \u0219i re\u00eennoirea ulterioar\u0103 a pielii.<\/p>\n<p>Datorit\u0103 solubilit\u0103\u021bii \u00een lipide \u0219i naturii lipofile, md:peel salicilic p\u0103trunde mai ad\u00e2nc \u00een foliculii plini de sebum \u0219i cur\u0103\u021b\u0103 porii \u00eenfunda\u021bi, \u00eembun\u0103t\u0103\u021bind pielea predispus\u0103 la acnee. Cu propriet\u0103\u021bi keratolitice, bactericide, astringente \u0219i fungicide, md:peel salicilic trateaz\u0103 eficient tulbur\u0103rile de acnee, contracar\u00e2nd to\u021bi factorii critici ai acneei (comedoane, bacterii \u0219i inflama\u021bii), \u021bintind fiecare etap\u0103 individual.<\/p>\n<p>Provoac\u0103 descuam\u0103ri at\u00e2t pe stratul epidermic, c\u00e2t \u0219i \u00een interiorul porului. Ajut\u0103 la controlul secre\u021biei de ulei \u00een glandele sebacee, acnee activ\u0103, piele seboreic\u0103, pete pustule \u0219i piele \u00eemb\u0103tr\u00e2nit\u0103.<\/p>\n<p>md:peel salicilic reduce aspectul ridurilor, imperfec\u021biunilor pielii \u0219i hiperpigment\u0103rii, \u00eembun\u0103t\u0103\u021bind textura \u0219i tonusul pielii. Propriet\u0103\u021bile antiinflamatorii ajut\u0103 la diminuarea irita\u021biei \u0219i disconfortului asociat \u00een mod obi\u0219nuit cu alfa hidroxiacizi.<\/p>\n","protected":false},"featured_media":16743,"menu_order":50,"comment_status":"open","ping_status":"open","template":"","meta":[],"product_cat":[117],"product_tag":[],"_links":{"self":[{"href":"https:\/\/geneceutica.ro\/en\/wp-json\/wp\/v2\/product\/3304"}],"collection":[{"href":"https:\/\/geneceutica.ro\/en\/wp-json\/wp\/v2\/product"}],"about":[{"href":"https:\/\/geneceutica.ro\/en\/wp-json\/wp\/v2\/types\/product"}],"replies":[{"embeddable":true,"href":"https:\/\/geneceutica.ro\/en\/wp-json\/wp\/v2\/comments?post=3304"}],"version-history":[{"count":1,"href":"https:\/\/geneceutica.ro\/en\/wp-json\/wp\/v2\/product\/3304\/revisions"}],"predecessor-version":[{"id":17806,"href":"https:\/\/geneceutica.ro\/en\/wp-json\/wp\/v2\/product\/3304\/revisions\/17806"}],"wp:featuredmedia":[{"embeddable":true,"href":"https:\/\/geneceutica.ro\/en\/wp-json\/wp\/v2\/media\/16743"}],"wp:attachment":[{"href":"https:\/\/geneceutica.ro\/en\/wp-json\/wp\/v2\/media?parent=3304"}],"wp:term":[{"taxonomy":"product_cat","embeddable":true,"href":"https:\/\/geneceutica.ro\/en\/wp-json\/wp\/v2\/product_cat?post=3304"},{"taxonomy":"product_tag","embeddable":true,"href":"https:\/\/geneceutica.ro\/en\/wp-json\/wp\/v2\/product_tag?post=3304"}],"curies":[{"name":"wp","href":"https:\/\/api.w.org\/{rel}","templated":true}]}}