{"id":3302,"date":"2022-12-15T13:49:46","date_gmt":"2022-12-15T11:49:46","guid":{"rendered":"https:\/\/geneceutica.ro\/produs\/mdprepeel-ahas-complex-15\/"},"modified":"2025-08-01T19:34:34","modified_gmt":"2025-08-01T16:34:34","slug":"mdprepeel-ahas-complex-15","status":"publish","type":"product","link":"https:\/\/geneceutica.ro\/en\/product\/mdprepeel-ahas-complex-15\/","title":{"rendered":"md:prepeel AHAs Complex 15%"},"content":{"rendered":"","protected":false},"excerpt":{"rendered":"<p>\u00cengrijire pre \u0219i post peeling: consolidarea rezultatelor.<\/p>\n<p>Procedurile de peeling md:ceuticals combin\u0103 tratamentul la cabinet (aplicarea de peeling chimic) cu un tratament la domiciliu pre \u0219i post peeling (aplicarea complexului md:prepeel AHAs 15%) pentru a \u00eembun\u0103t\u0103\u021bi rezultatele \u0219i a minimiza complica\u021biile \u0219i efectele secundare nedorite.<\/p>\n<p>md:prepeel AHAs Complex 15% preg\u0103te\u0219te pielea \u0219i faciliteaz\u0103 p\u0103trunderea uniform\u0103 a straturilor exfoliate, favoriz\u00e2nd o reepitelizare mai rapid\u0103 \u0219i detect\u00e2nd intoleran\u021ba la orice peeling.<\/p>\n<p>Combin\u0103 efectele acidului glicolic, acidului lactic, acidului hialuronic \u0219i complexului antioxidant care promoveaz\u0103 eficient exfolierea treptat\u0103 a pielii, dezv\u0103luind o piele nou\u0103 proasp\u0103t\u0103, cu o str\u0103lucire s\u0103n\u0103toas\u0103.<\/p>\n<p>\u2013 <strong>Acid glicolic<\/strong>: favorizeaz\u0103 renovarea celular\u0103 \u0219i p\u0103trunderea agen\u021bilor topici. Acest efect de exfoliere \u00eendep\u0103rteaz\u0103 stratul neuniform de celule moarte ale pielii, rezult\u00e2nd o textur\u0103 a pielii mai neted\u0103 \u0219i din ce \u00een ce mai uniform\u0103.<\/p>\n<p>\u2013 <strong>Acid lactic<\/strong>: \u00eent\u0103re\u0219te func\u021bia de barier\u0103 a pielii prevenind pierderea apei, promov\u00e2nd un nivel ridicat de hidratare a pielii \u0219i \u00eendep\u0103rt\u00e2nd liniile fine \u0219i imperfec\u021biunile.<\/p>\n<p>\u2013 <strong>Acid hialuronic<\/strong>: asigur\u0103 celulelor o activitate profund\u0103 de hidratare \u0219i lubrifiere, promov\u00e2nd un efect de umplere. Restructureaz\u0103 fibrele de colagen, cresc\u00e2nd elasticitatea pielii, diminu\u00e2nd \u00een acela\u0219i timp aspectul ridurilor.<\/p>\n<p>\u2013 <strong>Complex antioxidant<\/strong>: acid tartric, acid citric, acid malic, extract din samburi de struguri, extract de fructe de castravete si vitamina E: neutralizeaza radicalii liberi responsabili de deteriorarea celulara, prevenind imbatranirea pielii. Cre\u0219te regenerarea, hidratarea \u0219i elasticitatea pielii, acceler\u00e2nd recuperarea \u0219i promov\u00e2nd re\u00eennoirea celular\u0103.<\/p>\n<p><strong>Acid glicolic + Acid lactic + Acid hialuronic + Acid tartric + Acid citric + Acid malic + Extract din samburi de struguri + Extract din fructe de castravete + Vitamina E<\/strong><\/p>\n","protected":false},"featured_media":16749,"menu_order":50,"comment_status":"open","ping_status":"open","template":"","meta":[],"product_cat":[117],"product_tag":[],"_links":{"self":[{"href":"https:\/\/geneceutica.ro\/en\/wp-json\/wp\/v2\/product\/3302"}],"collection":[{"href":"https:\/\/geneceutica.ro\/en\/wp-json\/wp\/v2\/product"}],"about":[{"href":"https:\/\/geneceutica.ro\/en\/wp-json\/wp\/v2\/types\/product"}],"replies":[{"embeddable":true,"href":"https:\/\/geneceutica.ro\/en\/wp-json\/wp\/v2\/comments?post=3302"}],"version-history":[{"count":1,"href":"https:\/\/geneceutica.ro\/en\/wp-json\/wp\/v2\/product\/3302\/revisions"}],"predecessor-version":[{"id":17810,"href":"https:\/\/geneceutica.ro\/en\/wp-json\/wp\/v2\/product\/3302\/revisions\/17810"}],"wp:featuredmedia":[{"embeddable":true,"href":"https:\/\/geneceutica.ro\/en\/wp-json\/wp\/v2\/media\/16749"}],"wp:attachment":[{"href":"https:\/\/geneceutica.ro\/en\/wp-json\/wp\/v2\/media?parent=3302"}],"wp:term":[{"taxonomy":"product_cat","embeddable":true,"href":"https:\/\/geneceutica.ro\/en\/wp-json\/wp\/v2\/product_cat?post=3302"},{"taxonomy":"product_tag","embeddable":true,"href":"https:\/\/geneceutica.ro\/en\/wp-json\/wp\/v2\/product_tag?post=3302"}],"curies":[{"name":"wp","href":"https:\/\/api.w.org\/{rel}","templated":true}]}}