{"id":3301,"date":"2022-12-15T13:53:18","date_gmt":"2022-12-15T11:53:18","guid":{"rendered":"https:\/\/geneceutica.ro\/produs\/mdprepeel-betaahas-complex-8\/"},"modified":"2025-08-01T19:34:34","modified_gmt":"2025-08-01T16:34:34","slug":"mdprepeel-betaahas-complex-8","status":"publish","type":"product","link":"https:\/\/geneceutica.ro\/en\/product\/mdprepeel-betaahas-complex-8\/","title":{"rendered":"md:prepeel Beta&#038;AHAs Complex 8%"},"content":{"rendered":"","protected":false},"excerpt":{"rendered":"<p>&nbsp;<\/p>\n<p>\u00cengrijire pre \u0219i post-peeling: \u00eent\u0103rirea rezultatelor.<\/p>\n<p>Procedurile de peeling md:ceuticals combin\u0103 tratamentul la cabinet (aplicarea de peeling chimic) cu un tratament la domiciliu pre \u0219i post-peeling (aplicarea complexului md:prepeel Beta&amp;AHAs 8%) pentru a \u00eembun\u0103t\u0103\u021bi rezultatele \u0219i a minimiza complica\u021biile \u0219i efectele secundare nedorite cu un timp de nefunc\u021bionare minim.<\/p>\n<p>md:prepeel Beta&amp;AHAs Complex 8% preg\u0103te\u0219te pielea \u0219i faciliteaz\u0103 p\u0103trunderea uniform\u0103 a agen\u021bilor, promov\u00e2nd o reepitelizare mai rapid\u0103 \u0219i detect\u00e2nd intoleran\u021ba la orice agent.<\/p>\n<p>Combin\u0103 efectele unui amestec de acizi beta \u0219i alfa hidroxi, cum ar fi acidul salicilic, lactic \u0219i glicolic, cu puterea antioxidant\u0103 \u0219i hidratant\u0103 a acidului hialuronic pentru a provoca o exfoliere treptat\u0103 a pielii, sporind efectele peelingului ulterior la cabinet \u0219i a altor tratamente faciale, dezv\u0103luind un ten al pielii mai s\u0103n\u0103tos, mai luminos \u0219i mai t\u00e2n\u0103r, lipsit de imperfec\u021biuni, comedoane \u0219i pori.<\/p>\n<p>\u2013 <strong>Acid salicilic<\/strong>: reduce coeziunea corneocitelor determin\u00e2nd exfolierea celulelor moarte \u0219i deteriorate, promov\u00e2nd o textur\u0103 rafinat\u0103 a pielii \u0219i un ton uniform. Datorit\u0103 liposolubilit\u0103\u021bii \u0219i naturii lipofile, poate fi utilizat pe pielea acneic\u0103 prin cur\u0103\u021barea porilor \u00eenfunda\u021bi, f\u0103r\u0103 irita\u021bii \u0219i disconfort.<\/p>\n<p>\u2013 <strong>Acid lactic: <\/strong>\u00eent\u0103re\u0219te func\u021bia de barier\u0103 a pielii prevenind pierderea apei, promov\u00e2nd un nivel ridicat de hidratare a pielii \u0219i \u00eendep\u0103rt\u00e2nd liniile fine \u0219i imperfec\u021biunile.<\/p>\n<p>\u2013 <strong>Acid glicolic<\/strong>: favorizeaz\u0103 renovarea celular\u0103 \u0219i p\u0103trunderea agen\u021bilor topici. Acest efect de exfoliere \u00eendep\u0103rteaz\u0103 stratul neuniform de celule moarte ale pielii, rezult\u00e2nd o textur\u0103 a pielii mai neted\u0103 \u0219i uniform\u0103.<\/p>\n<p>\u2013 <strong>Acid hialuronic<\/strong>: asigur\u0103 celulelor o activitate profund\u0103 de hidratare \u0219i lubrifiere, promov\u00e2nd un efect de repulsie. Restructureaz\u0103 fibrele de colagen, cresc\u00e2nd elasticitatea pielii, diminu\u00e2nd \u00een acela\u0219i timp aspectul ridurilor.<\/p>\n<p><strong>Acid salicilic + Acid lactic + Acid glicolic + Acid hialuronic<\/strong><\/p>\n","protected":false},"featured_media":16752,"menu_order":50,"comment_status":"open","ping_status":"open","template":"","meta":[],"product_cat":[117],"product_tag":[],"_links":{"self":[{"href":"https:\/\/geneceutica.ro\/en\/wp-json\/wp\/v2\/product\/3301"}],"collection":[{"href":"https:\/\/geneceutica.ro\/en\/wp-json\/wp\/v2\/product"}],"about":[{"href":"https:\/\/geneceutica.ro\/en\/wp-json\/wp\/v2\/types\/product"}],"replies":[{"embeddable":true,"href":"https:\/\/geneceutica.ro\/en\/wp-json\/wp\/v2\/comments?post=3301"}],"version-history":[{"count":1,"href":"https:\/\/geneceutica.ro\/en\/wp-json\/wp\/v2\/product\/3301\/revisions"}],"predecessor-version":[{"id":17812,"href":"https:\/\/geneceutica.ro\/en\/wp-json\/wp\/v2\/product\/3301\/revisions\/17812"}],"wp:featuredmedia":[{"embeddable":true,"href":"https:\/\/geneceutica.ro\/en\/wp-json\/wp\/v2\/media\/16752"}],"wp:attachment":[{"href":"https:\/\/geneceutica.ro\/en\/wp-json\/wp\/v2\/media?parent=3301"}],"wp:term":[{"taxonomy":"product_cat","embeddable":true,"href":"https:\/\/geneceutica.ro\/en\/wp-json\/wp\/v2\/product_cat?post=3301"},{"taxonomy":"product_tag","embeddable":true,"href":"https:\/\/geneceutica.ro\/en\/wp-json\/wp\/v2\/product_tag?post=3301"}],"curies":[{"name":"wp","href":"https:\/\/api.w.org\/{rel}","templated":true}]}}