{"id":3300,"date":"2022-12-15T13:55:49","date_gmt":"2022-12-15T11:55:49","guid":{"rendered":"https:\/\/geneceutica.ro\/produs\/mdpeel-neutralizing-solution\/"},"modified":"2025-08-01T19:34:32","modified_gmt":"2025-08-01T16:34:32","slug":"mdpeel-neutralizing-solution","status":"publish","type":"product","link":"https:\/\/geneceutica.ro\/en\/product\/mdpeel-neutralizing-solution\/","title":{"rendered":"md:peel neutralizing solution"},"content":{"rendered":"","protected":false},"excerpt":{"rendered":"<p>C\u00e2nd a trecut timpul de expunere la exfoliere, este extrem de important s\u0103 neutraliza\u021bi acidul pentru a evita \u201epeelingul excesiv\u201d care poate ap\u0103rea la penetrarea excesiv de ad\u00e2nc\u0103.<\/p>\n<p>Solu\u021bia de neutralizare md:peel neutralizeaz\u0103 PH-ul pielii, bloc\u00e2nd orice efect acid suplimentar. Bogat \u00een extracte de Alantoin\u0103, Aloe Vera \u0219i Mu\u0219e\u021bel ajut\u0103 la repararea, calmarea \u0219i \u00eemprosp\u0103tarea pielii imediat dup\u0103 aplicarea peelingului.<\/p>\n","protected":false},"featured_media":16755,"menu_order":50,"comment_status":"open","ping_status":"open","template":"","meta":[],"product_cat":[117],"product_tag":[],"_links":{"self":[{"href":"https:\/\/geneceutica.ro\/en\/wp-json\/wp\/v2\/product\/3300"}],"collection":[{"href":"https:\/\/geneceutica.ro\/en\/wp-json\/wp\/v2\/product"}],"about":[{"href":"https:\/\/geneceutica.ro\/en\/wp-json\/wp\/v2\/types\/product"}],"replies":[{"embeddable":true,"href":"https:\/\/geneceutica.ro\/en\/wp-json\/wp\/v2\/comments?post=3300"}],"version-history":[{"count":1,"href":"https:\/\/geneceutica.ro\/en\/wp-json\/wp\/v2\/product\/3300\/revisions"}],"predecessor-version":[{"id":17814,"href":"https:\/\/geneceutica.ro\/en\/wp-json\/wp\/v2\/product\/3300\/revisions\/17814"}],"wp:featuredmedia":[{"embeddable":true,"href":"https:\/\/geneceutica.ro\/en\/wp-json\/wp\/v2\/media\/16755"}],"wp:attachment":[{"href":"https:\/\/geneceutica.ro\/en\/wp-json\/wp\/v2\/media?parent=3300"}],"wp:term":[{"taxonomy":"product_cat","embeddable":true,"href":"https:\/\/geneceutica.ro\/en\/wp-json\/wp\/v2\/product_cat?post=3300"},{"taxonomy":"product_tag","embeddable":true,"href":"https:\/\/geneceutica.ro\/en\/wp-json\/wp\/v2\/product_tag?post=3300"}],"curies":[{"name":"wp","href":"https:\/\/api.w.org\/{rel}","templated":true}]}}