{"id":3299,"date":"2022-12-15T14:00:24","date_gmt":"2022-12-15T12:00:24","guid":{"rendered":"https:\/\/geneceutica.ro\/produs\/mdcomplex-melanoceuticals\/"},"modified":"2025-08-01T19:34:32","modified_gmt":"2025-08-01T16:34:32","slug":"mdcomplex-melanoceuticals","status":"publish","type":"product","link":"https:\/\/geneceutica.ro\/en\/product\/mdcomplex-melanoceuticals\/","title":{"rendered":"md:complex melanoceuticals"},"content":{"rendered":"","protected":false},"excerpt":{"rendered":"<p>Melanogeneza este un proces biochimic complex care depinde de diferi\u021bi factori exogeni \u0219i endogeni care duce la o supraproduc\u021bie de melanin\u0103 \u00een zone localizate, dezl\u0103n\u021buind apari\u021bia unor pete inestetice.<\/p>\n<p>Melasma este o tulburare frecvent\u0103 de pigmentare care afecteaz\u0103 predominant femeile, caracterizat\u0103 prin dezvoltarea unor pete bronzate, maro sau gri hiperpigmentate, adesea distribuite simetric \u00een diverse zone ale fe\u021bei (centrofacial, malar, mandibular \u0219i frunte). Cauza principal\u0103 este expunerea la radia\u021biile UV, dar sunt implica\u021bi \u0219i al\u021bi factori multipli, inclusiv factorii hormonali, predispozi\u021bia genetic\u0103, sarcina, tulbur\u0103rile hipofiziare, medicamentele fotosensibilizante, anumite produse cosmetice, deficitul de vitamina D etc.<\/p>\n<p>md:complex melanoceuticals combin\u0103 concentra\u021bii mari de principii active de albire, exfoliere, antioxidante \u0219i de str\u0103lucire, ac\u021bion\u00e2nd \u00een diferitele etape ale procesului de melanogenez\u0103, bloc\u00e2nd apari\u021bia hiperpigment\u0103rii cutanate \u0219i men\u021bin\u00e2nd, \u00een acela\u0219i timp, integritatea pielii.<\/p>\n<p>BENEFICII:<\/p>\n<p>\u2013 <strong>Ingrediente de albire<\/strong>: activeaz\u0103 mecanismele inhibitoare \u00een diferite etape ale procesului de melanogenez\u0103: inhib\u0103 activitatea tirozinazei, oprind formarea dopachinonei; blocheaz\u0103 producerea de eumelanine (hiperpigmentare maro sau neagr\u0103) prin inhibarea activit\u0103\u021bii dopatautomerazei \u0219i suprim\u0103 transferul melanozomilor de la melanocite la cheratinocitele epidermice, elimin\u00e2nd petele pielii.<\/p>\n<p>\u2013 <strong>Ingrediente exfoliante<\/strong>: accelereaz\u0103 re\u00eennoirea epidermic\u0103 \u0219i \u00eembun\u0103t\u0103\u021be\u0219te penetrarea pielii de c\u0103tre ingredientele active, lumin\u00e2nd nuan\u021ba pielii, reduc\u00e2nd imperfec\u021biunile \u0219i restabilind o textur\u0103 mai neted\u0103.<\/p>\n<p>\u2013 <strong>Ingrediente antioxidante si luminoase<\/strong>: m\u0103resc luminozitatea, catifelarea \u0219i elasticitatea pielii, promov\u00e2nd un ton uniform al pielii. Ajut\u0103 la prevenirea foto\u00eemb\u0103tr\u00e2nirii pielii, ajut\u00e2nd la un proces accelerat de recuperare \u0219i re\u00eennoire.<\/p>\n<p><strong>Acid tranexamic + Glutation + Azeloglicin\u0103 + Acid Kojic + Arbutin\u0103 + Acid glicolic + Acid ascorbic + Acid citric<\/strong><\/p>\n","protected":false},"featured_media":16758,"menu_order":50,"comment_status":"open","ping_status":"open","template":"","meta":[],"product_cat":[116],"product_tag":[],"_links":{"self":[{"href":"https:\/\/geneceutica.ro\/en\/wp-json\/wp\/v2\/product\/3299"}],"collection":[{"href":"https:\/\/geneceutica.ro\/en\/wp-json\/wp\/v2\/product"}],"about":[{"href":"https:\/\/geneceutica.ro\/en\/wp-json\/wp\/v2\/types\/product"}],"replies":[{"embeddable":true,"href":"https:\/\/geneceutica.ro\/en\/wp-json\/wp\/v2\/comments?post=3299"}],"version-history":[{"count":1,"href":"https:\/\/geneceutica.ro\/en\/wp-json\/wp\/v2\/product\/3299\/revisions"}],"predecessor-version":[{"id":17816,"href":"https:\/\/geneceutica.ro\/en\/wp-json\/wp\/v2\/product\/3299\/revisions\/17816"}],"wp:featuredmedia":[{"embeddable":true,"href":"https:\/\/geneceutica.ro\/en\/wp-json\/wp\/v2\/media\/16758"}],"wp:attachment":[{"href":"https:\/\/geneceutica.ro\/en\/wp-json\/wp\/v2\/media?parent=3299"}],"wp:term":[{"taxonomy":"product_cat","embeddable":true,"href":"https:\/\/geneceutica.ro\/en\/wp-json\/wp\/v2\/product_cat?post=3299"},{"taxonomy":"product_tag","embeddable":true,"href":"https:\/\/geneceutica.ro\/en\/wp-json\/wp\/v2\/product_tag?post=3299"}],"curies":[{"name":"wp","href":"https:\/\/api.w.org\/{rel}","templated":true}]}}