{"id":3298,"date":"2022-12-15T14:04:32","date_gmt":"2022-12-15T12:04:32","guid":{"rendered":"https:\/\/geneceutica.ro\/produs\/mdcomplex-couperoff\/"},"modified":"2025-08-01T19:34:32","modified_gmt":"2025-08-01T16:34:32","slug":"mdcomplex-couperoff","status":"publish","type":"product","link":"https:\/\/geneceutica.ro\/en\/product\/mdcomplex-couperoff\/","title":{"rendered":"md:complex CouperOff"},"content":{"rendered":"","protected":false},"excerpt":{"rendered":"<h4>solu\u021bie anti-roseata, anti-inflamatie, anti-sensibilitate a pielii<\/h4>\n<p>Rozaceea este o afec\u021biune inflamatorie cronic\u0103 a pielii caracterizat\u0103 prin eritem, papule sau pustule inflamatorii, telangiectazie, ro\u0219ea\u021b\u0103, edem, hiperplazie a \u021besutului conjunctiv sau o combina\u021bie a acestor simptome.\u00a0Pacien\u021bii cu rozacee sufer\u0103 de \u00eenro\u0219irea fe\u021bei, \u00een\u021bep\u0103turi, irita\u021bii, dureri sau senza\u021bii de arsur\u0103.<\/p>\n<p>Rozaceea afecteaz\u0103 preponderent persoanele cu tenul deschis \u0219i cele cu v\u00e2rste cuprinse \u00eentre 30 \u0219i 50 de ani. At\u00e2t femeile, c\u00e2t \u0219i b\u0103rba\u021bii sufer\u0103 de ea \u0219i, de\u0219i tinde s\u0103 fie mai frecvent\u0103 la femei, este de obicei mai grav\u0103 la b\u0103rba\u021bi.\u00a0Rozaceea poate avea un impact psihosocial semnificativ asupra pacien\u021bilor \u0219i poate provoca anxietate, jen\u0103 \u0219i stima de sine sc\u0103zut\u0103.<\/p>\n<p>md:complex CouperOff\u00a0<sup>\u00a0<\/sup>a fost conceput pentru a restabili integritatea func\u021bional\u0103 a barierei pielii, pentru a reduce ro\u0219ea\u021ba fe\u021bei, a diminua inflama\u021bia, pentru a \u00eent\u0103ri propriul sistem imunitar al pielii \u0219i pentru a suprima formarea sau activitatea speciilor reactive de oxigen (ROS).\u00a0Restabile\u0219te echilibrul pielii limit\u00e2nd dilatarea vaselor de s\u00e2nge \u0219i inflama\u021bia, reduc\u00e2nd sensibilitatea pielii \u0219i compens\u00e2nd uscarea.<\/p>\n<p>Cu ingrediente excelente anti-ro\u0219ea\u021b\u0103, antiinflamatoare \u0219i calmante, md:complex CouperOff\u00a0<sup>\u00a0<\/sup>\u00eent\u0103re\u0219te pere\u021bii capilarelor pielii pentru a reduce apari\u021bia acelor rozacee, calm\u00e2nd pielea \u0219i prevenind irita\u021bia ulterioar\u0103.\u00a0Previne formarea telangiectaziei, cre\u0219te elasticitatea vaselor de s\u00e2nge \u0219i minimizeaz\u0103 ro\u0219ea\u021ba facial\u0103, eritemul \u0219i usc\u0103ciunea, calm\u00e2nd pielea aspr\u0103 \u0219i solzoas\u0103.<\/p>\n<p>md:complex CouperOff\u00a0<sup>\u00a0<\/sup>\u00eent\u0103re\u0219te func\u021bia de barier\u0103 a pielii \u0219i reface nivelul de lipide \u0219i acid hialuronic al pielii, atenu\u00e2nd usc\u0103ciunea \u0219i reduc\u00e2nd aspectul liniilor fine \u0219i ridurilor.\u00a0Ajut\u0103 la str\u0103lucirea tonului pielii \u0219i sus\u021bine produc\u021bia de colagen pentru o piele mai plin\u0103, mai fin\u0103 \u0219i mai rafinat\u0103.<\/p>\n<p><strong>Niacinamid\u0103 + Ectoin\u0103 + Biozaharid Gum-2 + Acid lactobionic + Acid ferulic + Hialuronat de sodiu + Pantenol + Inozitol + Acid citric<\/strong><\/p>\n","protected":false},"featured_media":16761,"menu_order":50,"comment_status":"open","ping_status":"open","template":"","meta":[],"product_cat":[116],"product_tag":[],"_links":{"self":[{"href":"https:\/\/geneceutica.ro\/en\/wp-json\/wp\/v2\/product\/3298"}],"collection":[{"href":"https:\/\/geneceutica.ro\/en\/wp-json\/wp\/v2\/product"}],"about":[{"href":"https:\/\/geneceutica.ro\/en\/wp-json\/wp\/v2\/types\/product"}],"replies":[{"embeddable":true,"href":"https:\/\/geneceutica.ro\/en\/wp-json\/wp\/v2\/comments?post=3298"}],"version-history":[{"count":1,"href":"https:\/\/geneceutica.ro\/en\/wp-json\/wp\/v2\/product\/3298\/revisions"}],"predecessor-version":[{"id":17818,"href":"https:\/\/geneceutica.ro\/en\/wp-json\/wp\/v2\/product\/3298\/revisions\/17818"}],"wp:featuredmedia":[{"embeddable":true,"href":"https:\/\/geneceutica.ro\/en\/wp-json\/wp\/v2\/media\/16761"}],"wp:attachment":[{"href":"https:\/\/geneceutica.ro\/en\/wp-json\/wp\/v2\/media?parent=3298"}],"wp:term":[{"taxonomy":"product_cat","embeddable":true,"href":"https:\/\/geneceutica.ro\/en\/wp-json\/wp\/v2\/product_cat?post=3298"},{"taxonomy":"product_tag","embeddable":true,"href":"https:\/\/geneceutica.ro\/en\/wp-json\/wp\/v2\/product_tag?post=3298"}],"curies":[{"name":"wp","href":"https:\/\/api.w.org\/{rel}","templated":true}]}}