{"id":3296,"date":"2022-12-15T14:13:33","date_gmt":"2022-12-15T12:13:33","guid":{"rendered":"https:\/\/geneceutica.ro\/produs\/mdcomplex-hair-revit\/"},"modified":"2025-08-01T19:34:32","modified_gmt":"2025-08-01T16:34:32","slug":"mdcomplex-hair-revit","status":"publish","type":"product","link":"https:\/\/geneceutica.ro\/en\/product\/mdcomplex-hair-revit\/","title":{"rendered":"md:complex Hair-Revit"},"content":{"rendered":"","protected":false},"excerpt":{"rendered":"<p>&nbsp;<\/p>\n<p>Alopecia este o boal\u0103 a c\u0103derii p\u0103rului care afecteaz\u0103 at\u00e2t b\u0103rba\u021bii, c\u00e2t \u0219i femeile. \u00cen general, este \u00a0cauzat\u0103 de diferi\u021bi factori, cum ar fi boli grave, medicamente, traume, stres, modific\u0103ri hormonale, factori de mediu \u0219i genetici.<\/p>\n<p>R\u0103rirea p\u0103rului \u0219i calvi\u021bia sunt afec\u021biuni comune \u0219i, de\u0219i sunt mai r\u0103sp\u00e2ndite \u00een genera\u021biile mai \u00een v\u00e2rst\u0103, c\u0103derea p\u0103rului poate fi declan\u0219at\u0103 \u00een orice moment de-a lungul vie\u021bii noastre. Genetica joac\u0103 un rol major \u00een susceptibilitatea la c\u0103derea p\u0103rului. Stresul oxidativ este, de asemenea, problematic, provoc\u00e2nd leziuni celulare care pot declan\u0219a c\u0103derea p\u0103rului.<\/p>\n<p>Fluctua\u021biile hormonale pot cre\u0219te androgenii, contribuind \u0219i mai mult la c\u0103derea p\u0103rului. De\u0219i nu d\u0103uneaz\u0103 s\u0103n\u0103t\u0103\u021bii fizice, alopecia poate avea efecte severe asupra calit\u0103\u021bii vie\u021bii \u0219i s\u0103n\u0103t\u0103\u021bii emo\u021bionale prin impactul s\u0103u asupra \u00eencrederii \u0219i stimei de sine.<\/p>\n<p>Formularea md:complex Hair-Revit include o concentra\u021bie ridicat\u0103 de aminoacizi cheie, vitamine \u0219i minerale necesare pentru a sus\u021bine cre\u0219terea \u0219i protec\u021bia p\u0103rului, \u00eent\u0103rind foliculii \u0219i minimiz\u00e2nd c\u0103derea \u0219i r\u0103rirea p\u0103rului.<\/p>\n<p>Ingredientele active esentiale lupt\u0103 \u00eempotriva principalilor factori implica\u021bi \u00een apari\u021bia alopeciei. md:complex Hair-Revit m\u0103re\u0219te alimentarea cu s\u00e2nge a foliculilor de p\u0103r, \u00eent\u0103re\u0219te structura \u0219i densitatea p\u0103rului, revitalizeaz\u0103 \u0219i hr\u0103ne\u0219te scalpul, prevenind dermatita seboreic\u0103, previne albirea p\u0103rului \u0219i stimuleaz\u0103 cre\u0219terea s\u0103n\u0103toas\u0103 a p\u0103rului, cu o mai bun\u0103 textur\u0103, calitate \u0219i str\u0103lucire natural\u0103.<\/p>\n<p><strong>Glutation + Cistein\u0103 + Arginin\u0103 + Metionin\u0103 + Taurin\u0103 + Dexpantenol (Vit. B5) + Piridoxin\u0103 (Vit. B6) + Biotin\u0103 (Vit. B7) + Tiamin\u0103 (Vit. B1) + Zinc + Gingko biloba + Centella Asiatica<\/strong><\/p>\n","protected":false},"featured_media":16767,"menu_order":50,"comment_status":"open","ping_status":"open","template":"","meta":[],"product_cat":[116],"product_tag":[],"_links":{"self":[{"href":"https:\/\/geneceutica.ro\/en\/wp-json\/wp\/v2\/product\/3296"}],"collection":[{"href":"https:\/\/geneceutica.ro\/en\/wp-json\/wp\/v2\/product"}],"about":[{"href":"https:\/\/geneceutica.ro\/en\/wp-json\/wp\/v2\/types\/product"}],"replies":[{"embeddable":true,"href":"https:\/\/geneceutica.ro\/en\/wp-json\/wp\/v2\/comments?post=3296"}],"version-history":[{"count":1,"href":"https:\/\/geneceutica.ro\/en\/wp-json\/wp\/v2\/product\/3296\/revisions"}],"predecessor-version":[{"id":17822,"href":"https:\/\/geneceutica.ro\/en\/wp-json\/wp\/v2\/product\/3296\/revisions\/17822"}],"wp:featuredmedia":[{"embeddable":true,"href":"https:\/\/geneceutica.ro\/en\/wp-json\/wp\/v2\/media\/16767"}],"wp:attachment":[{"href":"https:\/\/geneceutica.ro\/en\/wp-json\/wp\/v2\/media?parent=3296"}],"wp:term":[{"taxonomy":"product_cat","embeddable":true,"href":"https:\/\/geneceutica.ro\/en\/wp-json\/wp\/v2\/product_cat?post=3296"},{"taxonomy":"product_tag","embeddable":true,"href":"https:\/\/geneceutica.ro\/en\/wp-json\/wp\/v2\/product_tag?post=3296"}],"curies":[{"name":"wp","href":"https:\/\/api.w.org\/{rel}","templated":true}]}}