{"id":3295,"date":"2022-12-15T14:17:06","date_gmt":"2022-12-15T12:17:06","guid":{"rendered":"https:\/\/geneceutica.ro\/produs\/mdcomplex-cell-lipodrain\/"},"modified":"2025-08-01T19:34:32","modified_gmt":"2025-08-01T16:34:32","slug":"mdcomplex-cell-lipodrain","status":"publish","type":"product","link":"https:\/\/geneceutica.ro\/en\/product\/mdcomplex-cell-lipodrain\/","title":{"rendered":"md:complex Cell-Lipodrain"},"content":{"rendered":"","protected":false},"excerpt":{"rendered":"<p>&nbsp;<\/p>\n<p>Celulita este o alterare a pielii foarte frecvent\u0103 \u00een care pielea cap\u0103t\u0103 un aspect de coaj\u0103 de portocal\u0103, saltea sau gropi\u021be pe coapse, fese \u0219i uneori pe abdomenul inferior la 85-90% dintre femeile postadolescente. Celulita cu siguran\u021b\u0103 nu este o afec\u021biune grav\u0103 din punct de vedere medical, dar reprezint\u0103 cea mai r\u0103sp\u00e2ndit\u0103 \u0219i mai pu\u021bin tolerat\u0103 pl\u00e2ngere estetic\u0103 \u00een r\u00e2ndul femeilor.<\/p>\n<p>Formarea celulitei este un proces multifactorial lent \u0219i complex care implic\u0103 epiderma, dermul \u0219i \u021besutul subcutanat. \u00cen aceast\u0103 afec\u021biune apar modific\u0103ri ale \u021besutului adipos \u0219i microcircula\u021biei care rezult\u0103 din tulbur\u0103ri sanguine \u0219i limfatice care provoac\u0103 fibroscleroza \u021besutului conjunctiv. Poate fi cauzat\u0103 de factori ereditari, disfunc\u021bii hormonale, lips\u0103 de exerci\u021bii fizice, probleme de circula\u021bie a s\u00e2ngelui, sl\u0103biciune a \u021besutului conjunctiv, \u00eemb\u0103tr\u00e2nire prematur\u0103 a pielii, alimenta\u021bie deficitar\u0103, consum excesiv de alcool, tutun etc.<\/p>\n<p>md:complex Cell-Lipodrain contracareaza diferitele stadii ale celulitei actionand asupra multiplilor factori care afecteaza aspectul acesteia, folosind ingrediente active cu Agenti activitate biologica sinergica.<\/p>\n<p>BENEFICII:<\/p>\n<p>\u2013 Substan\u021be active care promoveaz\u0103 lipoliza \u0219i reduc lipogeneza. Produc:<\/p>\n<ul>\n<li>reducerea trigliceridelor \u00een adipocitele subcutanate acceler\u00e2nd metabolismul acestora \u0219i \u00eempiedic\u0103 sinteza trigliceridelor.<\/li>\n<li>reducerea dimensiunii \u0219i volumului adipocitelor, sc\u0103derea tensiunii asupra \u021besutului conjunctiv din jur.<\/li>\n<li>ajut\u0103 la reducerea aspectului celulitei \u0219i creeaz\u0103 un contur mai neted al corpului.<\/li>\n<\/ul>\n<p>\u2013 Substan\u021be active care cresc fluxul microvascular \u0219i drenajul limfatic. Ele restabilesc microcircula\u021bia, ajut\u00e2nd la livrarea de nutrien\u021bi \u0219i oxigen c\u0103tre \u021besuturi, \u00eembun\u0103t\u0103\u021besc rezisten\u021ba capilar\u0103, sc\u0103z\u00e2nd permeabilitatea acesteia \u0219i ajut\u0103 la restabilirea drenajului limfatic, facilit\u00e2nd eliminarea de\u0219eurilor \u0219i a toxinelor \u0219i \u00eempiedic\u00e2nd reten\u021bia de lichide \u0219i formarea edemului.<\/p>\n<p>\u2013 Agenti activi care restabilesc structura normal\u0103 a \u021besutului dermal \u0219i subcutanat. Ajut\u0103 la sinteza colagenului \u0219i elastinei, \u00eembun\u0103t\u0103\u021bind elasticitatea pielii \u0219i activ\u00e2nd reconstruc\u021bia matricei extracelulare. Acestea restructureaz\u0103 \u0219i protejeaz\u0103 \u021besutul conjunctiv, contracar\u00e2nd deteriorarea pielii \u0219i \u00eempiedic\u00e2nd degenerarea. Ajut\u0103 la reorganizarea fibrelor \u021besutului conjunctiv.<\/p>\n<p>&#8211; Agen\u021bi activi care previn formarea radicalilor liberi. Protejeaz\u0103 fibrele de colagen \u0219i elastin\u0103, contribuind \u00een acela\u0219i timp la prevenirea oxid\u0103rii \u021besuturilor.<\/p>\n<p><strong>Teofilina + Lecitina + Deoxicolat de sodiu + L-Carnitina + Centella Asiatica + Rizoma Ruscus + Siliciu organic<\/strong><\/p>\n","protected":false},"featured_media":16770,"menu_order":50,"comment_status":"open","ping_status":"open","template":"","meta":[],"product_cat":[116],"product_tag":[],"_links":{"self":[{"href":"https:\/\/geneceutica.ro\/en\/wp-json\/wp\/v2\/product\/3295"}],"collection":[{"href":"https:\/\/geneceutica.ro\/en\/wp-json\/wp\/v2\/product"}],"about":[{"href":"https:\/\/geneceutica.ro\/en\/wp-json\/wp\/v2\/types\/product"}],"replies":[{"embeddable":true,"href":"https:\/\/geneceutica.ro\/en\/wp-json\/wp\/v2\/comments?post=3295"}],"version-history":[{"count":1,"href":"https:\/\/geneceutica.ro\/en\/wp-json\/wp\/v2\/product\/3295\/revisions"}],"predecessor-version":[{"id":17824,"href":"https:\/\/geneceutica.ro\/en\/wp-json\/wp\/v2\/product\/3295\/revisions\/17824"}],"wp:featuredmedia":[{"embeddable":true,"href":"https:\/\/geneceutica.ro\/en\/wp-json\/wp\/v2\/media\/16770"}],"wp:attachment":[{"href":"https:\/\/geneceutica.ro\/en\/wp-json\/wp\/v2\/media?parent=3295"}],"wp:term":[{"taxonomy":"product_cat","embeddable":true,"href":"https:\/\/geneceutica.ro\/en\/wp-json\/wp\/v2\/product_cat?post=3295"},{"taxonomy":"product_tag","embeddable":true,"href":"https:\/\/geneceutica.ro\/en\/wp-json\/wp\/v2\/product_tag?post=3295"}],"curies":[{"name":"wp","href":"https:\/\/api.w.org\/{rel}","templated":true}]}}