{"id":3294,"date":"2022-12-15T14:21:26","date_gmt":"2022-12-15T12:21:26","guid":{"rendered":"https:\/\/geneceutica.ro\/produs\/mdcomplex-nct-hyal-revitalizing\/"},"modified":"2025-08-01T19:34:32","modified_gmt":"2025-08-01T16:34:32","slug":"mdcomplex-nct-hyal-revitalizing","status":"publish","type":"product","link":"https:\/\/geneceutica.ro\/en\/product\/mdcomplex-nct-hyal-revitalizing\/","title":{"rendered":"md:complex NCT-Hyal Revitalizing"},"content":{"rendered":"","protected":false},"excerpt":{"rendered":"<p>&nbsp;<\/p>\n<p>Procesul de \u00eemb\u0103tr\u00e2nire a pielii este complex, rezult\u00e2nd dintr-o serie de factori diferi\u021bi interni (determina\u021bi genetic) \u0219i externi (de mediu) care provoac\u0103 formarea de radicali liberi care pot deteriora celulele pielii.<\/p>\n<p>Pe m\u0103sur\u0103 ce \u00eemb\u0103tr\u00e2nim, concentra\u021bia de antioxidan\u021bi naturali din corpul nostru scade \u0219i cresc leziunile pielii cauzate de radicalii liberi. Pielea devine fragil\u0103, fad\u0103, atrofic\u0103, lax\u0103 \u0219i ridat\u0103.<\/p>\n<p>md:complex NCT-Hyal Revitalizing combin\u0103 propriet\u0103\u021bile acidului hialuronic cu aplicarea de micronutrien\u021bi esen\u021biali, aminoacizi, vitamine, coenzime, minerale \u0219i acizi nucleici care revitalizeaz\u0103 \u0219i hidrateaz\u0103 \u00een profunzime tenurile obosite \u0219i terne, cu lips\u0103 de str\u0103lucire, luminozitate, tonus \u0219i elasticitate, red\u00e2nd pielii aspectul tineresc \u0219i dezv\u0103luind tenul luminos \u0219i neted.<\/p>\n<p><strong>Acid hialuronic + Vitamine: palmitat de retinil (vit. A), tiamin\u0103 (vit. B1), riboflavin\u0103 (vit. B2), niacinamid\u0103 (vit. B3), calciu pantotenic (vit. B5), piridoxin\u0103 (vit. B6), biotin\u0103 (vit. B8), Acid folic (vit. B9), Cianocobalamin\u0103 (vit. B12), Acid ascorbic (vit. C), Tocoferol (vit. E), Inozitol (vit. I) + Aminoacizi: Glutamina, Alanina, Arginina , valin\u0103, histidin\u0103, leucin\u0103, treonin\u0103, izoleucin\u0103, triptofan, tirozin\u0103, glicin\u0103, acid glutamic, acid aspartic, asparagin\u0103, prolin\u0103, hidroxiprolin\u0103, taurin\u0103, serin\u0103, cistin\u0103, metionin\u0103, ornitin\u0103 HCL, fenilalanin\u0103, lizin\u0103 + Coenzima enzima A), FAD (Dinucleotid-Flavin-Adenin\u0103), NAD+ (Nicotinamid-adenin-dinucleotid\u0103) + Minerale: Sodiu, Potasiu, Calciu, Magneziu + Acizi nucleici: Deoxiadenozin\u0103 + Antioxidan\u021bi: Acid ascorbic, Glutation<\/strong><\/p>\n","protected":false},"featured_media":16773,"menu_order":50,"comment_status":"open","ping_status":"open","template":"","meta":[],"product_cat":[116],"product_tag":[],"_links":{"self":[{"href":"https:\/\/geneceutica.ro\/en\/wp-json\/wp\/v2\/product\/3294"}],"collection":[{"href":"https:\/\/geneceutica.ro\/en\/wp-json\/wp\/v2\/product"}],"about":[{"href":"https:\/\/geneceutica.ro\/en\/wp-json\/wp\/v2\/types\/product"}],"replies":[{"embeddable":true,"href":"https:\/\/geneceutica.ro\/en\/wp-json\/wp\/v2\/comments?post=3294"}],"version-history":[{"count":1,"href":"https:\/\/geneceutica.ro\/en\/wp-json\/wp\/v2\/product\/3294\/revisions"}],"predecessor-version":[{"id":17826,"href":"https:\/\/geneceutica.ro\/en\/wp-json\/wp\/v2\/product\/3294\/revisions\/17826"}],"wp:featuredmedia":[{"embeddable":true,"href":"https:\/\/geneceutica.ro\/en\/wp-json\/wp\/v2\/media\/16773"}],"wp:attachment":[{"href":"https:\/\/geneceutica.ro\/en\/wp-json\/wp\/v2\/media?parent=3294"}],"wp:term":[{"taxonomy":"product_cat","embeddable":true,"href":"https:\/\/geneceutica.ro\/en\/wp-json\/wp\/v2\/product_cat?post=3294"},{"taxonomy":"product_tag","embeddable":true,"href":"https:\/\/geneceutica.ro\/en\/wp-json\/wp\/v2\/product_tag?post=3294"}],"curies":[{"name":"wp","href":"https:\/\/api.w.org\/{rel}","templated":true}]}}