{"id":3293,"date":"2022-12-15T14:25:08","date_gmt":"2022-12-15T12:25:08","guid":{"rendered":"https:\/\/geneceutica.ro\/produs\/mdcomplex-skinclear\/"},"modified":"2025-08-01T19:34:31","modified_gmt":"2025-08-01T16:34:31","slug":"mdcomplex-skinclear","status":"publish","type":"product","link":"https:\/\/geneceutica.ro\/en\/product\/mdcomplex-skinclear\/","title":{"rendered":"md:complex SkinClear"},"content":{"rendered":"","protected":false},"excerpt":{"rendered":"<p>&nbsp;<\/p>\n<p>Acneea este una dintre cele mai frecvente afec\u021biuni ale pielii. Este o tulburare a glandelor pilosebacee din piele, cauzat\u0103 de patru factori: hiperkeratinizarea foliculilor pilosebacei, cre\u0219terea nivelului de sebum, cre\u0219terea coloniz\u0103rii bacteriene cu Propionibacterium acnes \u0219i inflama\u021bie. Acneea afecteaz\u0103 cel mai frecvent adolescen\u021bii, dar mul\u021bi b\u0103rba\u021bi \u0219i femei sufer\u0103 de erup\u021bii de acnee ca adul\u021bi. Acneea variaz\u0103 \u00een dezvoltare de la foarte u\u0219oara la extrem de sever\u0103, fiind caracterizat\u0103 prin prezen\u021ba punctelor negre, albe, papule, pustule, noduli sau chisturi.<\/p>\n<p>md:complex SkinClear combin\u0103 cele mai eficiente ingrediente pentru a viza to\u021bi factorii critici pentru acnee, inclusiv: comedoane, bacterii, inflama\u021bii \u0219i desfundarea porilor. Promov\u00e2nd un ten clar \u0219i uniform, previne, \u00een acela\u0219i timp, viitoarele erup\u021bii.<\/p>\n<p>Cu propriet\u0103\u021bi keratolitice, bactericide, astringente \u0219i fungicide, acidul salicilic \u0219i azeloglicina asigur\u0103 o exfoliere bl\u00e2nd\u0103, reduc\u00e2nd \u00een acela\u0219i timp produc\u021bia de sebum. Ajut\u0103 la o p\u0103trundere mai profund\u0103 \u00een pori, cur\u0103\u021b\u0103 bacteriile responsabile de acneea inflamatorie (Propioniacterium acnes) \u0219i elimin\u0103 erup\u021biile. Cu propriet\u0103\u021bi puternic regeneratoare, cicatricile \u0219i hiperpigmentarea postinflamatoare sunt reduse semnificativ la minimum, dezv\u0103luind o piele cu aspect mai s\u0103n\u0103tos \u0219i mai t\u00e2n\u0103r.<\/p>\n<p>Metionina stabilizeaz\u0103 hormonii, normaliz\u00e2nd produc\u021bia de ulei a pielii.<\/p>\n<p>Ingredientele incluse sunt brusture, extract de salvie, urzica alba si musetel. Combinate, aceste ingrediente active sunt esen\u021biale \u00een reducerea aspectului acneei active.<\/p>\n<ul>\n<li>Ofer\u0103 puternice propriet\u0103\u021bi antioxidante, regenerante, detoxifiante, calmante \u0219i antiinflamatorii care ajut\u0103 la reducerea \u00eenro\u0219irii, umfl\u0103turilor \u0219i inflama\u021biei.<\/li>\n<li>Calmeaz\u0103 \u0219i protejeaz\u0103 pielea \u00een timpul tratamentelor pentru acnee, \u00een timp ce vindec\u0103 celulele lezate.<\/li>\n<li>Cunoscut \u0219i pentru propriet\u0103\u021bile sale antimicrobiene, antiseptice \u0219i antibacteriene.<\/li>\n<\/ul>\n<p>Complexul de multivitamine B (B2+B5+B6) si glicozaminoglicanii \u00eembun\u0103t\u0103\u021besc catifelarea \u0219i elasticitatea pielii. Aceste ingrediente active ajut\u0103 la accelerarea regener\u0103rii celulare \u0219i la repararea \u021besuturilor din cauza cicatricilor de acnee. Acestea capteaz\u0103 \u0219i re\u021bin simultan moleculele de ap\u0103, oferind niveluri ridicate de hidratare a pielii.<\/p>\n<p><strong>Acid salicilic + Azeloglicin\u0103 + Complex multivitamin\u0103 B B2+B5+B6 + Metionin\u0103 + Extract de r\u0103d\u0103cin\u0103 de Arctium Lappa L. + Extract de Salvia Officinalis + Extract de flori Lamium Album + Glicozaminoglicani + Extract de floare de Chamomilla Recutita<\/strong><\/p>\n","protected":false},"featured_media":16776,"menu_order":50,"comment_status":"open","ping_status":"open","template":"","meta":[],"product_cat":[116],"product_tag":[],"_links":{"self":[{"href":"https:\/\/geneceutica.ro\/en\/wp-json\/wp\/v2\/product\/3293"}],"collection":[{"href":"https:\/\/geneceutica.ro\/en\/wp-json\/wp\/v2\/product"}],"about":[{"href":"https:\/\/geneceutica.ro\/en\/wp-json\/wp\/v2\/types\/product"}],"replies":[{"embeddable":true,"href":"https:\/\/geneceutica.ro\/en\/wp-json\/wp\/v2\/comments?post=3293"}],"version-history":[{"count":1,"href":"https:\/\/geneceutica.ro\/en\/wp-json\/wp\/v2\/product\/3293\/revisions"}],"predecessor-version":[{"id":17828,"href":"https:\/\/geneceutica.ro\/en\/wp-json\/wp\/v2\/product\/3293\/revisions\/17828"}],"wp:featuredmedia":[{"embeddable":true,"href":"https:\/\/geneceutica.ro\/en\/wp-json\/wp\/v2\/media\/16776"}],"wp:attachment":[{"href":"https:\/\/geneceutica.ro\/en\/wp-json\/wp\/v2\/media?parent=3293"}],"wp:term":[{"taxonomy":"product_cat","embeddable":true,"href":"https:\/\/geneceutica.ro\/en\/wp-json\/wp\/v2\/product_cat?post=3293"},{"taxonomy":"product_tag","embeddable":true,"href":"https:\/\/geneceutica.ro\/en\/wp-json\/wp\/v2\/product_tag?post=3293"}],"curies":[{"name":"wp","href":"https:\/\/api.w.org\/{rel}","templated":true}]}}