{"id":3291,"date":"2022-12-15T14:34:05","date_gmt":"2022-12-15T12:34:05","guid":{"rendered":"https:\/\/geneceutica.ro\/produs\/mdcomplex-firming-regen\/"},"modified":"2026-04-27T17:05:09","modified_gmt":"2026-04-27T14:05:09","slug":"mdcomplex-firming-regen","status":"publish","type":"product","link":"https:\/\/geneceutica.ro\/en\/product\/mdcomplex-firming-regen\/","title":{"rendered":"md:complex Firming-Regen"},"content":{"rendered":"","protected":false},"excerpt":{"rendered":"<p>Pierderea elasticit\u0103\u021bii pielii este unul dintre cele mai de temut, dar \u0219i unul dintre cele mai evidente semne ale \u00eemb\u0103tr\u00e2nirii pielii, produc\u00e2nd apari\u021bia de linii fine, riduri \u0219i l\u0103sarea pielii, aceasta devenind sub\u021bire, ridat\u0103, lax\u0103 \u0219i fragil\u0103.<\/p>\n<p>Dermul este un \u021besut conjunctiv format \u00een principal din colagen, elastin\u0103 \u0219i glicozaminoglicani, care ac\u021bioneaz\u0103 ca suport pentru epiderm \u0219i confer\u0103 pielii flexibilitate, elasticitate, for\u021b\u0103 \u0219i rezisten\u021b\u0103.<\/p>\n<p>Pe m\u0103sur\u0103 ce \u00eemb\u0103tr\u00e2nim se produce o sc\u0103dere a metabolismului celular \u0219i cutanat, cu efect de diminuare a biosintezei de colagen, fibre de elastin\u0103 \u0219i mucopolizaharide ale structurii de baz\u0103, ceea ce distruge capacitatea pielii de a r\u0103m\u00e2ne ferm\u0103. Re\u021beaua de fibre de elastin\u0103 se deterioreaz\u0103, produc\u00e2nd l\u0103sarea pielii \u0219i pierderea rezisten\u021bei tinere\u021bii. Pielea \u00ee\u0219i pierde tonusul, densitatea, fermitatea \u0219i elasticitatea.<\/p>\n<p>md:complex Firming-Regen ajut\u0103 la protejarea integrit\u0103\u021bii fermit\u0103\u021bii pielii, oferind restabilirea tinere\u021bii, volum \u0219i lifting.<\/p>\n<p>Combin\u0103 o gam\u0103 de ingrediente de fermitate \u0219i restructurare care men\u021bin pielea flexibil\u0103 \u0219i elastic\u0103, minimiz\u00e2nd aspectul liniilor fine \u0219i ridurilor. \u00cent\u0103re\u0219te pielea \u0219i \u00ee\u0219i reface nivelul de umiditate, evit\u00e2nd l\u0103sarea pielii \u0219i red\u00e2ndu-i luminozitatea.<\/p>\n<p><strong>Elastin\u0103 + Siliciu organic + Acid ascorbic + DMAE + sulfat de condroitin\u0103.<\/strong><\/p>\n","protected":false},"featured_media":16782,"menu_order":50,"comment_status":"open","ping_status":"closed","template":"","meta":[],"product_cat":[116],"product_tag":[],"_links":{"self":[{"href":"https:\/\/geneceutica.ro\/en\/wp-json\/wp\/v2\/product\/3291"}],"collection":[{"href":"https:\/\/geneceutica.ro\/en\/wp-json\/wp\/v2\/product"}],"about":[{"href":"https:\/\/geneceutica.ro\/en\/wp-json\/wp\/v2\/types\/product"}],"replies":[{"embeddable":true,"href":"https:\/\/geneceutica.ro\/en\/wp-json\/wp\/v2\/comments?post=3291"}],"version-history":[{"count":1,"href":"https:\/\/geneceutica.ro\/en\/wp-json\/wp\/v2\/product\/3291\/revisions"}],"predecessor-version":[{"id":17832,"href":"https:\/\/geneceutica.ro\/en\/wp-json\/wp\/v2\/product\/3291\/revisions\/17832"}],"wp:featuredmedia":[{"embeddable":true,"href":"https:\/\/geneceutica.ro\/en\/wp-json\/wp\/v2\/media\/16782"}],"wp:attachment":[{"href":"https:\/\/geneceutica.ro\/en\/wp-json\/wp\/v2\/media?parent=3291"}],"wp:term":[{"taxonomy":"product_cat","embeddable":true,"href":"https:\/\/geneceutica.ro\/en\/wp-json\/wp\/v2\/product_cat?post=3291"},{"taxonomy":"product_tag","embeddable":true,"href":"https:\/\/geneceutica.ro\/en\/wp-json\/wp\/v2\/product_tag?post=3291"}],"curies":[{"name":"wp","href":"https:\/\/api.w.org\/{rel}","templated":true}]}}