{"id":12379,"date":"2024-03-25T11:15:41","date_gmt":"2024-03-25T09:15:41","guid":{"rendered":"https:\/\/geneceutica.ro\/produs\/boost-advanced-booster\/"},"modified":"2025-08-01T19:35:23","modified_gmt":"2025-08-01T16:35:23","slug":"boost-advanced-booster","status":"publish","type":"product","link":"https:\/\/geneceutica.ro\/en\/product\/boost-advanced-booster\/","title":{"rendered":"Boost &#8211; Advanced Booster"},"content":{"rendered":"<h2><span style=\"color: #009999;\">BOOST &#8211; ADVANCED BOOSTER<\/span><\/h2>\n<h3><span style=\"color: #cc9f58;\">3% COLLAGEN<\/span><\/h3>\n<p>BOOST &#8211; ADVANCED BOOSTER este un produs revolu\u021bionar de hidratare intensiv\u0103, conceput pentru pielea uscat\u0103. Pielea este din nou ferm\u0103 \u0219i str\u0103lucitoare.<\/p>\n<h4>SUBSTAN\u021aA ACTIV\u0102<\/h4>\n<ul>\n<li><span style=\"color: #cc9f58;\">3% COLAGEN-PEPTIDE<\/span><\/li>\n<li><span style=\"color: #cc9f58;\">1% ACID HIALURONIC<\/span><\/li>\n<li><span style=\"color: #cc9f58;\">1% MATRIXIL<\/span><\/li>\n<li><span style=\"color: #cc9f58;\">1% ARGIRELINE<\/span><\/li>\n<\/ul>\n<h4>PRECAU\u021aII<\/h4>\n<p>Numai pentru uz extern. Evita\u021bi contactul direct cu ochii sau mucoasele.<br \/>\nP\u0102STRA\u021aI \u00eentr-un loc r\u0103coros \u0219i \u00eentunecat<\/p>\n<h4>UTILIZARE<\/h4>\n<ul>\n<li>Aplica\u021bi 5 p\u00e2n\u0103 la 7 pic\u0103turi de ser pe fa\u021b\u0103, g\u00e2t \u0219i decolteu \u0219i masa\u021bi.<\/li>\n<li>Aplica\u021bi pe pielea cur\u0103\u021bat\u0103 diminea\u021ba \u00eenainte de aplicarea protec\u021biei solare \u0219i a machiajului.<\/li>\n<\/ul>\n<h4>COMPOZI\u021aIE \/ INGREDIENTE<\/h4>\n<p>APA, COLAGEN SOLUBIL, 4-HIDROXI-L-PROLINA, PALMITOYL PENTAPEPTIDA-4, GLICERINA, 1,3-BUTILEN GLICOL, HIALURONAT DE SODIU, ACETIL HEXAPEPTIDA-8, POLICUATERNIU-51, 1,2- GLICOLEXIL, 1,2- GLICOLEX FENOXIETANOL, 3-IODO-2-PROPINIL BUTIL CARBAMAT, 2-BROM-2-NITROPROPAN-1,3-DIOL, DIMETIL DIMETILOL HIDANTOIN\u0102.<\/p>\n<h4>AMBALARE:<\/h4>\n<p>flacon cu picurator 30 ml<\/p>\n","protected":false},"excerpt":{"rendered":"<p>BOOST &#8211; ADVANCED BOOSTER 3% COLLAGEN BOOST &#8211; ADVANCED BOOSTER este un produs revolu\u021bionar de hidratare intensiv\u0103, conceput pentru pielea uscat\u0103. Pielea este din nou ferm\u0103 \u0219i str\u0103lucitoare. SUBSTAN\u021aA ACTIV\u0102 3% COLAGEN-PEPTIDE 1% ACID HIALURONIC 1% MATRIXIL 1% ARGIRELINE PRECAU\u021aII Numai pentru uz extern. Evita\u021bi contactul direct cu ochii sau mucoasele. P\u0102STRA\u021aI \u00eentr-un loc r\u0103coros [&hellip;]<\/p>\n","protected":false},"featured_media":17383,"menu_order":50,"comment_status":"open","ping_status":"open","template":"","meta":[],"product_cat":[187],"product_tag":[],"_links":{"self":[{"href":"https:\/\/geneceutica.ro\/en\/wp-json\/wp\/v2\/product\/12379"}],"collection":[{"href":"https:\/\/geneceutica.ro\/en\/wp-json\/wp\/v2\/product"}],"about":[{"href":"https:\/\/geneceutica.ro\/en\/wp-json\/wp\/v2\/types\/product"}],"replies":[{"embeddable":true,"href":"https:\/\/geneceutica.ro\/en\/wp-json\/wp\/v2\/comments?post=12379"}],"version-history":[{"count":1,"href":"https:\/\/geneceutica.ro\/en\/wp-json\/wp\/v2\/product\/12379\/revisions"}],"predecessor-version":[{"id":17980,"href":"https:\/\/geneceutica.ro\/en\/wp-json\/wp\/v2\/product\/12379\/revisions\/17980"}],"wp:featuredmedia":[{"embeddable":true,"href":"https:\/\/geneceutica.ro\/en\/wp-json\/wp\/v2\/media\/17383"}],"wp:attachment":[{"href":"https:\/\/geneceutica.ro\/en\/wp-json\/wp\/v2\/media?parent=12379"}],"wp:term":[{"taxonomy":"product_cat","embeddable":true,"href":"https:\/\/geneceutica.ro\/en\/wp-json\/wp\/v2\/product_cat?post=12379"},{"taxonomy":"product_tag","embeddable":true,"href":"https:\/\/geneceutica.ro\/en\/wp-json\/wp\/v2\/product_tag?post=12379"}],"curies":[{"name":"wp","href":"https:\/\/api.w.org\/{rel}","templated":true}]}}