{"id":12375,"date":"2024-03-25T11:13:41","date_gmt":"2024-03-25T09:13:41","guid":{"rendered":"https:\/\/geneceutica.ro\/produs\/radiance-wonderful-skin\/"},"modified":"2025-08-01T19:35:23","modified_gmt":"2025-08-01T16:35:23","slug":"radiance-wonderful-skin","status":"publish","type":"product","link":"https:\/\/geneceutica.ro\/en\/product\/radiance-wonderful-skin\/","title":{"rendered":"Radiance &#8211; Wonderful Skin"},"content":{"rendered":"<h2><span style=\"color: #009999;\">RADIANCE -WONDERFUL SKIN<\/span><\/h2>\n<h3><span style=\"color: #cc9f58;\">ACID L.ASCORBIC 25%<\/span><\/h3>\n<p>RADIANCE -WONDERFUL SKIN este un ser foarte concentrat de vitamina C pur\u0103 pentru prospe\u021bime, s\u0103n\u0103tate, str\u0103lucire \u0219i protec\u021bie \u00eempotriva stresului \u0219i \u00eemb\u0103tr\u00e2nirii pielii. Are un remarcabil efect antioxidant.<\/p>\n<h4>SUBSTAN\u021aA ACTIV\u0102<\/h4>\n<ul>\n<li><span style=\"color: #cc9f58;\">25% ACID L.ASCORBIC<\/span><\/li>\n<li><span style=\"color: #cc9f58;\">20% GLICERINA<\/span><\/li>\n<li><span style=\"color: #cc9f58;\">ACID LIPOIC<\/span><\/li>\n<li><span style=\"color: #cc9f58;\">VITAMINA B5<\/span><\/li>\n<\/ul>\n<h4>CARACTERISTICI<\/h4>\n<p>PROTECTIE ANTIOXIDANTA ZILNICA MAXIMA<\/p>\n<ul>\n<li>Puterea anti-\u00eemb\u0103tr\u00e2nire a vitaminei C premium<\/li>\n<li>Vitamina C este un\u00a0\u00a0antioxidant puternic \u00a0care neutralizeaz\u0103 radicalii liberi care provoac\u0103 stresul oxidativ pielii.<\/li>\n<li>Este cel mai eficient mod de a preveni \u0219i a \u00eent\u00e2rzia semnele \u00eemb\u0103tr\u00e2nirii biologice a pielii.<\/li>\n<li>Reduce liniile fine \u0219i ridurile.<\/li>\n<li>Regleaz\u0103 produc\u021bia de colagen.<\/li>\n<li>Protejeaz\u0103 de inflama\u021bie<\/li>\n<li>Regleaz\u0103 tulbur\u0103rile de pigmentare \u0219i inhib\u0103 activitatea tirozinei.<\/li>\n<\/ul>\n<h4>UTILIZARE<\/h4>\n<p>Aplica\u021bi 2 p\u00e2n\u0103 la 4 pic\u0103turi de ser pe fa\u021b\u0103, g\u00e2t \u0219i piept folosind v\u00e2rful degetelor. Aplica\u021bi pe pielea cur\u0103\u021bat\u0103 diminea\u021ba, \u00eenainte de aplicarea machiajului \u0219i a protec\u021biei solare. La unele persoane poate ap\u0103rea o u\u0219oar\u0103 furnic\u0103turi, care se diminueaz\u0103 odat\u0103 cu utilizarea continu\u0103. cea mai bun\u0103 protec\u021bie antioxidant\u0103 a pielii afectate.<\/p>\n<h4>PRECAU\u021aII<\/h4>\n<p>Numai pentru uz extern. Evita\u021bi contactul direct cu ochii sau mucoasele. P\u0102STRA\u021aI \u00eentr-un loc r\u0103coros \u0219i \u00eentunecat<\/p>\n<h4>COMPOZI\u021aIE \/ INGREDIENTE<\/h4>\n<p>ACID ASCORBIC, PROPILEN GLICOL, GLICERINA, APA, ULEI DE SEMINTE DE BORAGO OFFICINALIS, ISOHEXADECAN, NICOTINAMIDA, PANTENOL, ACID TIOCTIC, GLICIRIZAT DIPOTASIU.<\/p>\n<h4>AMBALARE:<\/h4>\n<p>flacon cu picurator 15 ml<\/p>\n","protected":false},"excerpt":{"rendered":"<p>RADIANCE -WONDERFUL SKIN ACID L.ASCORBIC 25% RADIANCE -WONDERFUL SKIN este un ser foarte concentrat de vitamina C pur\u0103 pentru prospe\u021bime, s\u0103n\u0103tate, str\u0103lucire \u0219i protec\u021bie \u00eempotriva stresului \u0219i \u00eemb\u0103tr\u00e2nirii pielii. Are un remarcabil efect antioxidant. SUBSTAN\u021aA ACTIV\u0102 25% ACID L.ASCORBIC 20% GLICERINA ACID LIPOIC VITAMINA B5 CARACTERISTICI PROTECTIE ANTIOXIDANTA ZILNICA MAXIMA Puterea anti-\u00eemb\u0103tr\u00e2nire a vitaminei C [&hellip;]<\/p>\n","protected":false},"featured_media":17384,"menu_order":50,"comment_status":"open","ping_status":"open","template":"","meta":[],"product_cat":[187],"product_tag":[],"_links":{"self":[{"href":"https:\/\/geneceutica.ro\/en\/wp-json\/wp\/v2\/product\/12375"}],"collection":[{"href":"https:\/\/geneceutica.ro\/en\/wp-json\/wp\/v2\/product"}],"about":[{"href":"https:\/\/geneceutica.ro\/en\/wp-json\/wp\/v2\/types\/product"}],"replies":[{"embeddable":true,"href":"https:\/\/geneceutica.ro\/en\/wp-json\/wp\/v2\/comments?post=12375"}],"version-history":[{"count":1,"href":"https:\/\/geneceutica.ro\/en\/wp-json\/wp\/v2\/product\/12375\/revisions"}],"predecessor-version":[{"id":17978,"href":"https:\/\/geneceutica.ro\/en\/wp-json\/wp\/v2\/product\/12375\/revisions\/17978"}],"wp:featuredmedia":[{"embeddable":true,"href":"https:\/\/geneceutica.ro\/en\/wp-json\/wp\/v2\/media\/17384"}],"wp:attachment":[{"href":"https:\/\/geneceutica.ro\/en\/wp-json\/wp\/v2\/media?parent=12375"}],"wp:term":[{"taxonomy":"product_cat","embeddable":true,"href":"https:\/\/geneceutica.ro\/en\/wp-json\/wp\/v2\/product_cat?post=12375"},{"taxonomy":"product_tag","embeddable":true,"href":"https:\/\/geneceutica.ro\/en\/wp-json\/wp\/v2\/product_tag?post=12375"}],"curies":[{"name":"wp","href":"https:\/\/api.w.org\/{rel}","templated":true}]}}