{"id":12373,"date":"2024-03-25T11:12:03","date_gmt":"2024-03-25T09:12:03","guid":{"rendered":"https:\/\/geneceutica.ro\/produs\/reveal\/"},"modified":"2025-08-01T19:35:23","modified_gmt":"2025-08-01T16:35:23","slug":"reveal","status":"publish","type":"product","link":"https:\/\/geneceutica.ro\/en\/product\/reveal\/","title":{"rendered":"Reveal"},"content":{"rendered":"<h2><span style=\"color: #009999;\">REVEAL-WONDERFUL NIGHT<\/span><\/h2>\n<h3><span style=\"color: #cc9f58;\">ACID L.ASCORBIC 20%<\/span><\/h3>\n<p>REVEAL -WONDERFUL NIGHT este un ser cu o formul\u0103 revolu\u021bionar\u0103 pentru \u00eentinerirea pielii pe timp de noapte. Red\u0103 aspectul s\u0103n\u0103tos al pielii, \u00eei \u00eembun\u0103t\u0103\u021be\u0219te structura \u0219i stimuleaz\u0103 regenerarea celulelor pielii. \u00ce\u021bi va oferi o piele satinat\u0103, irezistibil\u0103, diminea\u021ba.<\/p>\n<p>Este, de asemenea, un puternic preparat preventiv \u00een \u00eengrijirea pielii anti-\u00eemb\u0103tr\u00e2nire. \u00ce\u021bi va transforma liniile \u0219i ridurile \u00eentr-o piele cald\u0103, luminoas\u0103 \u0219i neted\u0103. Aspectul t\u0103u va fi din nou impecabil.<\/p>\n<h4>SUBSTAN\u021aA ACTIV\u0102<\/h4>\n<ul>\n<li><span style=\"color: #cc9f58;\"><strong>L-AA 20% &#8211; VITAMINA C<\/strong> <\/span>protejeaz\u0103 \u00eempotriva radicalilor liberi \u0219i a daunelor UV, \u00eentinere\u0219te \u0219i lumineaz\u0103 pielea. O concentra\u021bie at\u00e2t de puternic\u0103 de vitamina C stimuleaz\u0103 produc\u021bia de colagen \u0219i acid hialuronic, ajut\u0103 la reducerea ridurilor \u0219i la cre\u0219terea elasticit\u0103\u021bii pielii.<\/li>\n<li><span style=\"color: #cc9f58;\"><strong>PEPTIDE 5%<\/strong><\/span> &#8211; asigur\u0103 coeziunea celular\u0103 a \u021besutului pielii, sus\u021bin cre\u0219terea \u0219i men\u021binerea hidrat\u0103rii cutanate.<\/li>\n<\/ul>\n<h4>UTILIZARE<\/h4>\n<ul>\n<li>Seara, \u00eenainte de culcare, aplica\u021bi 2-4 pic\u0103turi de ser pe pielea fe\u021bei, g\u00e2tului \u0219i decolteului &#8211; evita\u021bi zona ochilor- \u0219i freca\u021bi u\u0219or cu v\u00e2rful degetelor. Aplica\u021bi pe pielea cur\u0103\u021bat\u0103 \u00eenainte de aplicarea cremei.<\/li>\n<li>Unele persoane pot experimenta o senza\u021bie u\u0219oar\u0103 de furnic\u0103turi care se diminueaz\u0103 odat\u0103 cu utilizarea continu\u0103.<\/li>\n<\/ul>\n<h4>COMPOZI\u021aIE \/ INGREDIENTE<\/h4>\n<p>ACID L-ASCORBIC, GLICERIN\u0102, AQUA\/AP\u0102, BUTILEN GLICOL, PROPILEN GLICOL, PALMITOYL PENTAPEPTIDE-3, ACETIL HEXPAPEPTIDE-3, GLICIRIZAT DIPOTASIU<\/p>\n<h4>AMBALARE:<\/h4>\n<p>flacon cu picurator 20 ml<\/p>\n","protected":false},"excerpt":{"rendered":"<p>REVEAL-WONDERFUL NIGHT ACID L.ASCORBIC 20% REVEAL -WONDERFUL NIGHT este un ser cu o formul\u0103 revolu\u021bionar\u0103 pentru \u00eentinerirea pielii pe timp de noapte. Red\u0103 aspectul s\u0103n\u0103tos al pielii, \u00eei \u00eembun\u0103t\u0103\u021be\u0219te structura \u0219i stimuleaz\u0103 regenerarea celulelor pielii. \u00ce\u021bi va oferi o piele satinat\u0103, irezistibil\u0103, diminea\u021ba. Este, de asemenea, un puternic preparat preventiv \u00een \u00eengrijirea pielii anti-\u00eemb\u0103tr\u00e2nire. \u00ce\u021bi [&hellip;]<\/p>\n","protected":false},"featured_media":17385,"menu_order":50,"comment_status":"open","ping_status":"open","template":"","meta":[],"product_cat":[187],"product_tag":[],"_links":{"self":[{"href":"https:\/\/geneceutica.ro\/en\/wp-json\/wp\/v2\/product\/12373"}],"collection":[{"href":"https:\/\/geneceutica.ro\/en\/wp-json\/wp\/v2\/product"}],"about":[{"href":"https:\/\/geneceutica.ro\/en\/wp-json\/wp\/v2\/types\/product"}],"replies":[{"embeddable":true,"href":"https:\/\/geneceutica.ro\/en\/wp-json\/wp\/v2\/comments?post=12373"}],"version-history":[{"count":1,"href":"https:\/\/geneceutica.ro\/en\/wp-json\/wp\/v2\/product\/12373\/revisions"}],"predecessor-version":[{"id":17976,"href":"https:\/\/geneceutica.ro\/en\/wp-json\/wp\/v2\/product\/12373\/revisions\/17976"}],"wp:featuredmedia":[{"embeddable":true,"href":"https:\/\/geneceutica.ro\/en\/wp-json\/wp\/v2\/media\/17385"}],"wp:attachment":[{"href":"https:\/\/geneceutica.ro\/en\/wp-json\/wp\/v2\/media?parent=12373"}],"wp:term":[{"taxonomy":"product_cat","embeddable":true,"href":"https:\/\/geneceutica.ro\/en\/wp-json\/wp\/v2\/product_cat?post=12373"},{"taxonomy":"product_tag","embeddable":true,"href":"https:\/\/geneceutica.ro\/en\/wp-json\/wp\/v2\/product_tag?post=12373"}],"curies":[{"name":"wp","href":"https:\/\/api.w.org\/{rel}","templated":true}]}}