{"id":12367,"date":"2024-03-25T11:10:39","date_gmt":"2024-03-25T09:10:39","guid":{"rendered":"https:\/\/geneceutica.ro\/produs\/rejuvenate\/"},"modified":"2025-08-01T19:35:22","modified_gmt":"2025-08-01T16:35:22","slug":"rejuvenate","status":"publish","type":"product","link":"https:\/\/geneceutica.ro\/en\/product\/rejuvenate\/","title":{"rendered":"Rejuvenate"},"content":{"rendered":"<h2><span style=\"color: #009999;\">REJUVENATE &#8211; ABSOLUTE MOIST<\/span><\/h2>\n<h3><span style=\"color: #cc9f58;\">ACID HYALURONIC 5%<\/span><\/h3>\n<p>REJUVENATE &#8211; ABSOLUTE MOIST este combina\u021bia perfect\u0103 de ingrediente active pentru hidratarea \u0219i intinerirea pielii. Efectul substan\u021belor active pe mai multe niveluri ale epiteliului determin\u0103 o cre\u0219tere semnificativ\u0103 a hidrat\u0103rii \u0219i nutri\u021biei pielii.<\/p>\n<p>\u00cen acela\u0219i timp, coeziunea celular\u0103 este \u00eembun\u0103t\u0103\u021bit\u0103, pierderile de ap\u0103 sunt minimizate \u0219i func\u021bia natural\u0103 a barierei cutanate este \u00eent\u0103rit\u0103.<\/p>\n<p>Pielea ta \u00ee\u0219i recap\u0103t\u0103 netezimea \u0219i vitalitatea, se simte complet hidratat\u0103 din nou.<\/p>\n<h4>SUBSTAN\u021aA ACTIV\u0102<\/h4>\n<ul>\n<li><span style=\"color: #cc9f58;\"><strong>ACID HIALURONIC 5%<\/strong> <\/span>&#8211; leag\u0103 apa \u00een toate straturile pielii, cresc\u00e2nd dramatic hidratarea pielii. \u00cen acela\u0219i timp, stimuleaz\u0103 produc\u021bia de colagen \u0219i fibronectin\u0103 Datorit\u0103 ac\u021biunii HA, tonusul \u0219i elasticitatea pielii se \u00eembun\u0103t\u0103\u021besc \u00een acela\u0219i timp. Acidul hialuronic hraneste pielea si are efect antiinflamator.<\/li>\n<li><span style=\"color: #cc9f58;\"><strong>PEPTIDE<\/strong><\/span> &#8211; m\u0103resc sinteza colagenului I, colagenului III \u0219i asigur\u0103 coeziunea celular\u0103 a \u021besutului pielii, sus\u021bin cre\u0219terea \u0219i men\u021binerea hidrat\u0103rii \u00een piele.<\/li>\n<li><span style=\"color: #cc9f58;\"><strong>VITAMINA B5<\/strong><\/span>\u00a0\u00a0\u00eembun\u0103t\u0103\u021be\u0219te procesul de regenerare a \u021besuturilor \u0219i, de asemenea, contribuie la cre\u0219terea nivelului de hidratare.<\/li>\n<\/ul>\n<h4>UTILIZARE<\/h4>\n<ul>\n<li>Aplica\u021bi 5 p\u00e2n\u0103 la 7 pic\u0103turi de ser pe fa\u021b\u0103, g\u00e2t \u0219i decolteu \u0219i masa\u021bi.<\/li>\n<li>Aplica\u021bi pe pielea cur\u0103\u021bat\u0103 diminea\u021ba \u00eenainte de aplicarea protec\u021biei solare \u0219i a machiajului.<\/li>\n<\/ul>\n<h4>COMPOZI\u021aIE \/ INGREDIENTE<\/h4>\n<p>APA, PALMITOYL PENTAPEPTIDE-3, PANGHENOL, HIALURONAT DE SODIU, ALANTOINA<\/p>\n<h4>AMBALARE:<\/h4>\n<p>flacon cu picurator 30 ml<\/p>\n","protected":false},"excerpt":{"rendered":"<p>REJUVENATE &#8211; ABSOLUTE MOIST ACID HYALURONIC 5% REJUVENATE &#8211; ABSOLUTE MOIST este combina\u021bia perfect\u0103 de ingrediente active pentru hidratarea \u0219i intinerirea pielii. Efectul substan\u021belor active pe mai multe niveluri ale epiteliului determin\u0103 o cre\u0219tere semnificativ\u0103 a hidrat\u0103rii \u0219i nutri\u021biei pielii. \u00cen acela\u0219i timp, coeziunea celular\u0103 este \u00eembun\u0103t\u0103\u021bit\u0103, pierderile de ap\u0103 sunt minimizate \u0219i func\u021bia natural\u0103 [&hellip;]<\/p>\n","protected":false},"featured_media":17382,"menu_order":50,"comment_status":"open","ping_status":"open","template":"","meta":[],"product_cat":[187],"product_tag":[],"_links":{"self":[{"href":"https:\/\/geneceutica.ro\/en\/wp-json\/wp\/v2\/product\/12367"}],"collection":[{"href":"https:\/\/geneceutica.ro\/en\/wp-json\/wp\/v2\/product"}],"about":[{"href":"https:\/\/geneceutica.ro\/en\/wp-json\/wp\/v2\/types\/product"}],"replies":[{"embeddable":true,"href":"https:\/\/geneceutica.ro\/en\/wp-json\/wp\/v2\/comments?post=12367"}],"version-history":[{"count":1,"href":"https:\/\/geneceutica.ro\/en\/wp-json\/wp\/v2\/product\/12367\/revisions"}],"predecessor-version":[{"id":17974,"href":"https:\/\/geneceutica.ro\/en\/wp-json\/wp\/v2\/product\/12367\/revisions\/17974"}],"wp:featuredmedia":[{"embeddable":true,"href":"https:\/\/geneceutica.ro\/en\/wp-json\/wp\/v2\/media\/17382"}],"wp:attachment":[{"href":"https:\/\/geneceutica.ro\/en\/wp-json\/wp\/v2\/media?parent=12367"}],"wp:term":[{"taxonomy":"product_cat","embeddable":true,"href":"https:\/\/geneceutica.ro\/en\/wp-json\/wp\/v2\/product_cat?post=12367"},{"taxonomy":"product_tag","embeddable":true,"href":"https:\/\/geneceutica.ro\/en\/wp-json\/wp\/v2\/product_tag?post=12367"}],"curies":[{"name":"wp","href":"https:\/\/api.w.org\/{rel}","templated":true}]}}