{"id":11227,"date":"2024-08-06T11:56:40","date_gmt":"2024-08-06T08:56:40","guid":{"rendered":"https:\/\/geneceutica.ro\/?post_type=product&#038;p=11227"},"modified":"2025-08-01T19:35:03","modified_gmt":"2025-08-01T16:35:03","slug":"cfc9-multi-lipid-replenishment","status":"publish","type":"product","link":"https:\/\/geneceutica.ro\/en\/product\/cfc9-multi-lipid-replenishment\/","title":{"rendered":"CFC:9 Multi-lipid Replenishment"},"content":{"rendered":"","protected":false},"excerpt":{"rendered":"<p>Stratul cornos, stratul superior al pielii, ac\u021bioneaz\u0103 ca o barier\u0103 fizic\u0103 eficient\u0103, protej\u00e2nd pielea \u00eempotriva pericolelor mediului, radia\u021biilor UV, polu\u0103rii, infec\u021biilor, substan\u021belor chimice toxice \u0219i deterior\u0103rii mecanice. Aceast\u0103 barier\u0103 a pielii previne pierderea excesiv\u0103 de ap\u0103 din organism, ajut\u0103 la men\u021binerea echilibrului electrolitic \u0219i este implicat\u0103 \u00een unele procese metabolice care sunt legate de sistemul imunitar.<\/p>\n<p>Stratul cornos este format din corneocite aplatizate, \u00eenconjurate de membrane lipidice multilamelare care sunt compuse din colesterol, acizi gra\u0219i liberi \u0219i ceramide. Lipidele pielii joac\u0103 un rol cheie \u00een men\u021binerea \u0219i repararea unei bariere robuste a pielii, care blocheaz\u0103 umiditatea \u0219i protejeaz\u0103 \u00eempotriva factorilor de stres nocivi, rezult\u00e2nd o piele s\u0103n\u0103toas\u0103 \u0219i t\u00e2n\u0103r\u0103.<\/p>\n<p>Pe m\u0103sur\u0103 ce \u00eenaint\u0103m \u00een v\u00e2rst\u0103, produc\u021bia de lipide a pielii scade \u0219i pot ap\u0103rea semne vizibile ale \u00eemb\u0103tr\u00e2nirii pielii, cum ar fi usc\u0103ciunea, ridurile, tenul aspru \u0219i lipsa luminozit\u0103\u021bii. Epuizarea lipidelor compromite eficacitatea func\u021biei de barier\u0103, permi\u021b\u00e2nd factorilor de stres s\u0103 provoace daune, ceea ce duce la o piele tern\u0103 \u0219i flasc\u0103.<\/p>\n<p>Pentru a accelera recuperarea pielii, este esen\u021bial s\u0103 completa\u021bi lipidele care se g\u0103sesc deja \u00een piele, men\u021bin\u00e2nd-o hidratat\u0103, protejat\u0103 \u0219i puternic\u0103. Restaurarea acestui strat de suprafa\u021b\u0103 este cheia pentru repararea pielii \u0219i reducerea sensibilit\u0103\u021bii pielii pe termen lung.<\/p>\n<p><strong>CFC:9 Multi-lipid Replenishment<\/strong> (2% ceramide+ 3% acizi grasi+ 4% colesterol) este un concentrat lipidic identic pielii care imit\u0103 structura barierei pielii, reconstruind arhitectura stratului cornos.<\/p>\n<p>Ajut\u0103 la restabilirea structurii barierei protectoare a pielii prin umplerea golurilor din bistratul lipidic cu ceramide identice pielii, colesterol \u0219i acizi gra\u0219i liberi. Aplicarea topic\u0103 \u00eent\u0103re\u0219te bariera lipidic\u0103 natural\u0103 a pielii uscate, sensibile sau \u00eemb\u0103tr\u00e2nite \u00eempotriva pierderii umidit\u0103\u021bii \u0219i a provoc\u0103rilor externe, red\u00e2nd vitalitatea tinereasc\u0103 \u0219i promov\u00e2nd un ten luminos, proasp\u0103t, care str\u0103luce\u0219te din interior.<\/p>\n<p>Unele dintre cele mai eficiente tratamente (tratamente de depigmentare, peeling chimic, retinol &#8230;) pot duce la perturbarea barierei lipidice a pielii, cu unele efecte secundare asociate, cum ar fi irita\u021bii u\u0219oare, ro\u0219ea\u021b\u0103, sensibilitate a pielii \u0219i eritem.<\/p>\n<p><strong>CFC:9 Multi-lipide Replenishment<\/strong> are puterea de a reface \u0219i restabili structura lipidelor pielii, acceler\u00e2nd recuperarea, hidratarea \u0219i protec\u021bia pielii. Aplicarea produsului este indispensabil\u0103 dup\u0103 orice tratament profesional de depigmentare, peeling sau laser, oric\u00e2nd pielea are nevoie de ajutor pentru a-\u0219i recupera nivelul de hidratare, elasticitatea \u0219i netezimea.<\/p>\n<p><strong>Ceramid\u0103 3 + Gliceride din m\u0103sline + Colesterol + Ulei din semin\u021be de Helianthus annus (floarea-soarelui) + Ulei Persea Gratissima (avocado) + Acetat de tocoferil + Glicerin\u0103 + Tocoferol + Acid ascorbic + Palmitat de ascorbil + Acid citric<\/strong><\/p>\n","protected":false},"featured_media":17280,"menu_order":30,"comment_status":"open","ping_status":"open","template":"","meta":[],"product_cat":[116],"product_tag":[],"_links":{"self":[{"href":"https:\/\/geneceutica.ro\/en\/wp-json\/wp\/v2\/product\/11227"}],"collection":[{"href":"https:\/\/geneceutica.ro\/en\/wp-json\/wp\/v2\/product"}],"about":[{"href":"https:\/\/geneceutica.ro\/en\/wp-json\/wp\/v2\/types\/product"}],"replies":[{"embeddable":true,"href":"https:\/\/geneceutica.ro\/en\/wp-json\/wp\/v2\/comments?post=11227"}],"version-history":[{"count":1,"href":"https:\/\/geneceutica.ro\/en\/wp-json\/wp\/v2\/product\/11227\/revisions"}],"predecessor-version":[{"id":17908,"href":"https:\/\/geneceutica.ro\/en\/wp-json\/wp\/v2\/product\/11227\/revisions\/17908"}],"wp:featuredmedia":[{"embeddable":true,"href":"https:\/\/geneceutica.ro\/en\/wp-json\/wp\/v2\/media\/17280"}],"wp:attachment":[{"href":"https:\/\/geneceutica.ro\/en\/wp-json\/wp\/v2\/media?parent=11227"}],"wp:term":[{"taxonomy":"product_cat","embeddable":true,"href":"https:\/\/geneceutica.ro\/en\/wp-json\/wp\/v2\/product_cat?post=11227"},{"taxonomy":"product_tag","embeddable":true,"href":"https:\/\/geneceutica.ro\/en\/wp-json\/wp\/v2\/product_tag?post=11227"}],"curies":[{"name":"wp","href":"https:\/\/api.w.org\/{rel}","templated":true}]}}