{"id":11218,"date":"2024-08-06T11:56:40","date_gmt":"2024-08-06T08:56:40","guid":{"rendered":"https:\/\/geneceutica.ro\/?post_type=product&#038;p=11218"},"modified":"2025-08-01T19:35:03","modified_gmt":"2025-08-01T16:35:03","slug":"mdcocktail-tranexwhite","status":"publish","type":"product","link":"https:\/\/geneceutica.ro\/en\/product\/mdcocktail-tranexwhite\/","title":{"rendered":"md:cocktail TranexWhite"},"content":{"rendered":"","protected":false},"excerpt":{"rendered":"<p>Melanogeneza este un proces biochimic complex dependent de diferi\u021bi factori exogeni \u0219i endogeni \u0219i care duce la o supraproduc\u021bie de melanin\u0103 \u00een zone localizate declan\u0219\u00e2nd apari\u021bia unor pete inestetice.<\/p>\n<p>Melasma este o tulburare frecvent\u0103 de pigmentare, care afecteaz\u0103 predominant femeile, caracterizat\u0103 prin dezvoltarea unor pete bronzate, maro sau gri hiperpigmentate, adesea distribuite simetric \u00een diverse zone ale fe\u021bei (centrofacial, malar, mandibular \u0219i frunte). Cauza principal\u0103 este expunerea la radia\u021biile UV, dar sunt implica\u021bi \u0219i mul\u021bi al\u021bi factori, inclusiv factorii hormonali, predispozi\u021bia genetic\u0103, sarcina, tulbur\u0103rile hipofizare, medicamentele fotosensibilizante, anumite produse cosmetice, deficitul de vitamina D etc.<\/p>\n<p>Formula multifunc\u021bional\u0103 <strong>md:cocktail TranexWhite<\/strong> con\u021bine un amestec puternic de ingrediente cheie de albire \u0219i anti-aging pentru a viza toate tipurile de hiperpigmentare (melasma, pete de v\u00e2rst\u0103, hiperpigmentare postinflamatoare \u0219i pigmentare vascular\u0103), minimiz\u00e2nd \u0219ansele de recidiv\u0103.<\/p>\n<p>Aceste fiole de str\u0103lucire \u0219i albire super-concentrate accelereaz\u0103 viteza de re\u00eennoire celular\u0103 \u0219i moduleaz\u0103 mai multe puncte din procesul melanogenezei pentru a \u00eembun\u0103t\u0103\u021bi vizibil decolorarea, a uniformiza nuan\u021ba pielii \u0219i a dezv\u0103lui un ten mai luminos, mai luminos \u0219i uniform.<\/p>\n<p>Combina\u021bia sinergic\u0103 a tehnologiei LipoSphere Retinol \u0219i acid tranexamic activeaz\u0103 mecanismele celulare pentru a regenera \u0219i \u00eentineri pielea, reduc\u00e2nd dramatic ridurile, rafin\u00e2nd textura pielii \u0219i lumin\u00e2nd nuan\u021ba pielii. Fiolele <strong>md:cocktail TranexWhite<\/strong> infuzeaz\u0103 pielea cu antioxidan\u021bi puternici care \u00eent\u0103resc propriile mecanisme de protec\u021bie ale pielii \u0219i previn stresul oxidativ suplimentar \u0219i deteriorarea ADN-ului cauzat\u0103 de radia\u021biile UV.<\/p>\n<p>Corecteaz\u0103 \u0219i previn hiperpigmentarea de orice origine (supraexpunere la soare, cicatrici post-acnee, modific\u0103ri hormonale, ingestia de medicamente) \u0219i sunt potrivit pentru toate tipurile de piele.<\/p>\n<p><strong>BENEFICII<\/strong><\/p>\n<p>\u2013 Ajut\u0103 la \u00eendep\u0103rtarea \u0219i prevenirea tuturor tipurilor de hiperpigmentare (pete de v\u00e2rst\u0103, leziuni solare, melasma), chiar \u0219i cele mai dificil de tratat, cum ar fi hiperpigmentarea postinflamatoare, cu un profil de siguran\u021b\u0103 excelent. Blocheaz\u0103 sinteza melaninei \u0219i transferul acesteia la suprafa\u021ba pielii, evit\u00e2nd neoproduc\u021bia de pigment \u0219i uniformizeaz\u0103 nuan\u021ba pielii. <\/p>\n<p>&#8211; Accelereaz\u0103 procesul de re\u00eennoire celular\u0103 a pielii pentru a revitaliza pielea, \u00eendep\u0103rt\u00e2nd petele prealabile \u0219i promov\u00e2nd un ten mai luminos, mai neted \u0219i str\u0103lucitor. Ajut\u0103 la contracararea pierderii vitalit\u0103\u021bii pentru o str\u0103lucire s\u0103n\u0103toas\u0103 \u0219i tinereasc\u0103. <\/p>\n<p>-Reduce aspectul ridurilor, al tenului aspru \u0219i al porilor dilata\u021bi, \u00eembun\u0103t\u0103\u021bind vizibil elasticitatea \u0219i liftingul pielii, f\u0103r\u0103 a perturba bariera delicat\u0103 a pielii.<\/p>\n<p>&#8211; Gestioneaz\u0103 tenul cu tendin\u021b\u0103 acneic\u0103 \u0219i tenul gras.<\/p>\n<p>&#8211; Cu un mecanism puternic care vizeaz\u0103 cauzele \u00eemb\u0103tr\u00e2nirii pielii, \u00eembun\u0103t\u0103\u021be\u0219te ap\u0103rarea pielii \u00eempotriva radicalilor liberi, protej\u00e2nd pielea de daune externe \u0219i red\u00e2ndu-i str\u0103lucirea.<\/p>\n<p>-Cu propriet\u0103\u021bi antiinflamatorii pronun\u021bate, opre\u0219te cascada inflamatorie care provoac\u0103 apari\u021bia petelor hiperpigmentare \u0219i \u00eemb\u0103tr\u00e2nirea pielii.<\/p>\n<p>&#8211; Un co-adjuvant remarcabil care spore\u0219te \u0219i prelunge\u0219te beneficiile depigment\u0103rii profesionale \u0219i ale tratamentelor anti-\u00eemb\u0103tr\u00e2nire.<\/p>\n<p><strong>Acid tranexamic+ LipoSphere Retinol + Nicotiana benthamiana hexapeptide-40 sh-polipeptide-76 + Acid lactic + Tocoferil acetat + Glicin\u0103 Extract de semin\u021be de soia<\/strong><\/p>\n","protected":false},"featured_media":17276,"menu_order":30,"comment_status":"open","ping_status":"open","template":"","meta":[],"product_cat":[119],"product_tag":[],"_links":{"self":[{"href":"https:\/\/geneceutica.ro\/en\/wp-json\/wp\/v2\/product\/11218"}],"collection":[{"href":"https:\/\/geneceutica.ro\/en\/wp-json\/wp\/v2\/product"}],"about":[{"href":"https:\/\/geneceutica.ro\/en\/wp-json\/wp\/v2\/types\/product"}],"replies":[{"embeddable":true,"href":"https:\/\/geneceutica.ro\/en\/wp-json\/wp\/v2\/comments?post=11218"}],"version-history":[{"count":1,"href":"https:\/\/geneceutica.ro\/en\/wp-json\/wp\/v2\/product\/11218\/revisions"}],"predecessor-version":[{"id":17906,"href":"https:\/\/geneceutica.ro\/en\/wp-json\/wp\/v2\/product\/11218\/revisions\/17906"}],"wp:featuredmedia":[{"embeddable":true,"href":"https:\/\/geneceutica.ro\/en\/wp-json\/wp\/v2\/media\/17276"}],"wp:attachment":[{"href":"https:\/\/geneceutica.ro\/en\/wp-json\/wp\/v2\/media?parent=11218"}],"wp:term":[{"taxonomy":"product_cat","embeddable":true,"href":"https:\/\/geneceutica.ro\/en\/wp-json\/wp\/v2\/product_cat?post=11218"},{"taxonomy":"product_tag","embeddable":true,"href":"https:\/\/geneceutica.ro\/en\/wp-json\/wp\/v2\/product_tag?post=11218"}],"curies":[{"name":"wp","href":"https:\/\/api.w.org\/{rel}","templated":true}]}}