{"id":5868,"date":"2023-03-23T10:36:52","date_gmt":"2023-03-23T08:36:52","guid":{"rendered":"https:\/\/geneceutica.ro\/prezentare-generala\/"},"modified":"2023-04-10T17:34:30","modified_gmt":"2023-04-10T14:34:30","slug":"prezentare-generala","status":"publish","type":"page","link":"https:\/\/geneceutica.ro\/en\/prezentare-generala\/","title":{"rendered":"Prezentare Generala"},"content":{"rendered":"\n<p>Fondat\u0103 \u00een 2020, Divizia Skinceuticals a companiei Geneceutica, promoveaz\u0103 noua clas\u0103 a skinceuticelor \u0219i asigur\u0103 o abordare personalizat\u0103 de ultim\u0103 genera\u021bie.<\/p>\n\n<p>Bazate pe ani de cercetare si testare, prin intermediul partenerilor nostrii, punem la dispozitia medicilor tratamente profesionale<\/p>\n\n<p>Prin anii de cercetare a partnerilor, Geneceutica pune la dispozi\u021bia medicilor specialisti tratamente profesionale extrem de eficiente \u0219i produse de \u00eengrijire zilnic\u0103 pentru a-\u0219i ajuta pacien\u021bii s\u0103 ob\u021bin\u0103 si sa mentina o piele s\u0103n\u0103toas\u0103 \u0219i frumoas\u0103, lupt\u00e2nd \u00eempotriva principalelor afec\u021biuni vizibile ale pielii existente (hiperpigmentare, \u00eemb\u0103tr\u00e2nirea pielii, deteriorarea fotografiilor, ridurilor\u2026) \u0219i protejarea pielii ca urmare a agresiunii factorilor externi prin ingrediente de ultim\u0103 genera\u021bie \u0219i formul\u0103ri inovatoare.<\/p>\n\n<p>Produsele noastre skinceuticele noastre con\u021bin concentra\u021bii optime ale celor mai noi \u0219i mai eficiente ingrediente active, formule superlative care ofer\u0103 rezultate sigure, rapide \u0219i de durat\u0103, lucr\u00e2nd la nivel celular.<\/p>\n","protected":false},"excerpt":{"rendered":"<p>Fondat\u0103 \u00een 2020, Divizia Skinceuticals a companiei Geneceutica, promoveaz\u0103 noua clas\u0103 a skinceuticelor \u0219i asigur\u0103 o abordare personalizat\u0103 de ultim\u0103 genera\u021bie. Bazate pe ani de cercetare si testare, prin intermediul partenerilor nostrii, punem la dispozitia medicilor tratamente profesionale Prin anii de cercetare a partnerilor, Geneceutica pune la dispozi\u021bia medicilor specialisti tratamente profesionale extrem de eficiente [&hellip;]<\/p>\n","protected":false},"author":1,"featured_media":6279,"parent":0,"menu_order":0,"comment_status":"closed","ping_status":"closed","template":"","meta":{"footnotes":""},"_links":{"self":[{"href":"https:\/\/geneceutica.ro\/en\/wp-json\/wp\/v2\/pages\/5868"}],"collection":[{"href":"https:\/\/geneceutica.ro\/en\/wp-json\/wp\/v2\/pages"}],"about":[{"href":"https:\/\/geneceutica.ro\/en\/wp-json\/wp\/v2\/types\/page"}],"author":[{"embeddable":true,"href":"https:\/\/geneceutica.ro\/en\/wp-json\/wp\/v2\/users\/1"}],"replies":[{"embeddable":true,"href":"https:\/\/geneceutica.ro\/en\/wp-json\/wp\/v2\/comments?post=5868"}],"version-history":[{"count":0,"href":"https:\/\/geneceutica.ro\/en\/wp-json\/wp\/v2\/pages\/5868\/revisions"}],"wp:featuredmedia":[{"embeddable":true,"href":"https:\/\/geneceutica.ro\/en\/wp-json\/wp\/v2\/media\/6279"}],"wp:attachment":[{"href":"https:\/\/geneceutica.ro\/en\/wp-json\/wp\/v2\/media?parent=5868"}],"curies":[{"name":"wp","href":"https:\/\/api.w.org\/{rel}","templated":true}]}}